{"id":6256,"date":"2017-12-02T11:37:54","date_gmt":"2017-12-02T04:37:54","guid":{"rendered":"http:\/\/newversion.bambootattoo.co.uk\/bambu-vs-maquina\/"},"modified":"2023-10-13T06:38:25","modified_gmt":"2023-10-12T23:38:25","slug":"bambu-vs-maquina","status":"publish","type":"page","link":"https:\/\/www.bambootattoo.co.uk\/de\/bambu-vs-maquina\/","title":{"rendered":"Bambus oder Maschine"},"content":{"rendered":"<section class=\"l-section wpb_row height_medium\"><div class=\"l-section-h i-cf\"><div class=\"g-cols vc_row via_flex valign_top type_default stacking_default\"><div class=\"vc_col-sm-12 wpb_column vc_column_container\"><div class=\"vc_column-inner\"><div class=\"wpb_wrapper\"><div class=\"wpb_text_column\"><div class=\"wpb_wrapper\"><h1 class=\"fittext text-center clearfix\" style=\"text-align: center;\" data-max-font-size=\"72\">Wieso Bambus?<\/h1>\n<\/div><\/div><\/div><\/div><\/div><\/div><\/div><\/section><section class=\"l-section wpb_row height_small\"><div class=\"l-section-h i-cf\"><div class=\"g-cols vc_row via_flex valign_top type_default stacking_default\"><div class=\"vc_col-sm-6 wpb_column vc_column_container\"><div class=\"vc_column-inner\"><div class=\"wpb_wrapper\"><div class=\"wpb_text_column\"><div class=\"wpb_wrapper\"><p><strong>Wie funktioniert es und warum ist es anders als ein konventionelles Tattoo mit der Maschine?<\/strong><\/p>\n<p>Sehr feine Nadeln sind mit Baumwolle fest an der Spitze eines schmalen Bambusst\u00fcckes befestigt. Bei dieser Technik werden normalerweise 5 Nadeln verwendet, die jedoch nach Typ und Gr\u00f6\u00dfe der T\u00e4towierung variieren k\u00f6nnen. Die Nadeln sind in Reihe statt in einem runden Punkt angeordnet und k\u00f6nnen so sehr feine Linien erzeugen. Diese werden dann sanft auf die Haut gedr\u00fcckt.<\/p>\n<p>Beim Bambus-T\u00e4towieren wird die Haut punktiert, aber nicht gerissen. Dies f\u00fchrt zu einer erheblichen Reduzierung von Schmerzen und Blutungen. Folglich gibt es auch keine Schorfbildung wie bei den meisten Maschinentattoos, was zu einem sehr schnellen Heilungsprozess f\u00fchrt \u2013 normalerweise etwa vier Tage. Das Tattoo rei\u00dft daher nicht oder wird fleckig, deshalb sind auch keine Ausbesserungen notwendig. Da es kein Blut gibt, welches die Farbe aus der Haut herausdr\u00fcckt, setzt sich die Tinte ziemlich tief ab und es geht keine Farbe verloren. Bambus-Tattoos neigen dazu, ihre Farbe extrem gut zu erhalten, bleiben hell und stark. Es ist absolut kein Problem, nach der Bambus-T\u00e4towierungsmethode in die Sonne zu gehen. Ein weiterer grosser Vorteil von Bambus-T\u00e4towierungen ist, dass es zu 90% weniger schmerzhaft ist als maschinelles T\u00e4towieren.<\/p>\n<p>Bamboo Tattoos sind besonders f\u00fcr empfindliche Bereiche wie den F\u00fc\u00dfen zu empfehlen, die nicht ideale Bereiche f\u00fcr die Maschinent\u00e4towierung sind, da es aufgrund des unvermeidlichen Reibens durch Socken und Schuhen zu einem Verblassen kommt.<\/p>\n<p><em><strong>Wir f\u00fchren kundenspezifische Bambust\u00e4towierungskunst durch und kopieren nie deine T\u00e4towierung, somit hast du immer ein sch\u00f6nes und einzigartiges Design. Wir werden mit dem Kunden zusammenarbeiten, um das perfekte Ma\u00dfst\u00fcck zu entwerfen.<\/strong><\/em><\/p>\n<\/div><\/div><\/div><\/div><\/div><div class=\"vc_col-sm-6 wpb_column vc_column_container\"><div class=\"vc_column-inner\"><div class=\"wpb_wrapper\"><div class=\"wpb_text_column\"><div class=\"wpb_wrapper\"><p><img loading=\"lazy\" decoding=\"async\" class=\"responsive aligncenter wp-image-7113 size-full\" title=\"Ken at Work\" src=\"https:\/\/www.bambootattoo.co.uk\/wp-content\/uploads\/2021\/09\/Ken-at-Work.jpg\" alt=\"Ken at Work\" width=\"1440\" height=\"1440\" srcset=\"https:\/\/www.bambootattoo.co.uk\/wp-content\/uploads\/2021\/09\/Ken-at-Work.jpg 1440w, https:\/\/www.bambootattoo.co.uk\/wp-content\/uploads\/2021\/09\/Ken-at-Work-440x440.jpg 440w, https:\/\/www.bambootattoo.co.uk\/wp-content\/uploads\/2021\/09\/Ken-at-Work-150x150.jpg 150w, https:\/\/www.bambootattoo.co.uk\/wp-content\/uploads\/2021\/09\/Ken-at-Work-300x300.jpg 300w, https:\/\/www.bambootattoo.co.uk\/wp-content\/uploads\/2021\/09\/Ken-at-Work-1024x1024.jpg 1024w, https:\/\/www.bambootattoo.co.uk\/wp-content\/uploads\/2021\/09\/Ken-at-Work-350x350.jpg 350w, https:\/\/www.bambootattoo.co.uk\/wp-content\/uploads\/2021\/09\/Ken-at-Work-768x768.jpg 768w\" sizes=\"auto, (max-width: 1440px) 100vw, 1440px\" \/><\/p>\n<\/div><\/div><\/div><\/div><\/div><\/div><\/div><\/section>\n","protected":false},"excerpt":{"rendered":"Wieso Bambus? Wie funktioniert es und warum ist es anders als ein konventionelles Tattoo mit der Maschine? Sehr feine Nadeln sind mit Baumwolle fest an der Spitze eines schmalen Bambusst\u00fcckes befestigt. Bei dieser Technik werden normalerweise 5 Nadeln verwendet, die jedoch nach Typ und Gr\u00f6\u00dfe der T\u00e4towierung variieren k\u00f6nnen. Die Nadeln sind in Reihe statt...","protected":false},"author":4,"featured_media":0,"parent":0,"menu_order":0,"comment_status":"closed","ping_status":"closed","template":"","meta":{"_acf_changed":false,"footnotes":""},"class_list":["post-6256","page","type-page","status-publish","hentry"],"acf":[],"yoast_head":"<!-- This site is optimized with the Yoast SEO plugin v27.4 - https:\/\/yoast.com\/product\/yoast-seo-wordpress\/ -->\n<title>Bambus oder Maschine - The Bamboo Rooms\u00ae - home of multiple award winning tattoo artist Keng<\/title>\n<meta name=\"robots\" content=\"index, follow, max-snippet:-1, max-image-preview:large, max-video-preview:-1\" \/>\n<link rel=\"canonical\" href=\"https:\/\/www.bambootattoo.co.uk\/de\/bambu-vs-maquina\/\" \/>\n<meta property=\"og:locale\" content=\"de_DE\" \/>\n<meta property=\"og:type\" content=\"article\" \/>\n<meta property=\"og:title\" content=\"Bambus oder Maschine - The Bamboo Rooms\u00ae - home of multiple award winning tattoo artist Keng\" \/>\n<meta property=\"og:url\" content=\"https:\/\/www.bambootattoo.co.uk\/de\/bambu-vs-maquina\/\" \/>\n<meta property=\"og:site_name\" content=\"The Bamboo Rooms\u00ae - home of multiple award winning tattoo artist Keng\" \/>\n<meta property=\"article:publisher\" content=\"https:\/\/www.facebook.com\/thebamboorooms\/\" \/>\n<meta property=\"article:modified_time\" content=\"2023-10-12T23:38:25+00:00\" \/>\n<meta property=\"og:image\" content=\"https:\/\/www.bambootattoo.co.uk\/wp-content\/uploads\/2021\/09\/Ken-at-Work.jpg\" \/>\n<meta name=\"twitter:card\" content=\"summary_large_image\" \/>\n<meta name=\"twitter:site\" content=\"@TheBambooRooms1\" \/>\n<meta name=\"twitter:label1\" content=\"Gesch\u00e4tzte Lesezeit\" \/>\n\t<meta name=\"twitter:data1\" content=\"2\u00a0Minuten\" \/>\n<script type=\"application\/ld+json\" class=\"yoast-schema-graph\">{\"@context\":\"https:\\\/\\\/schema.org\",\"@graph\":[{\"@type\":\"WebPage\",\"@id\":\"https:\\\/\\\/www.bambootattoo.co.uk\\\/de\\\/bambu-vs-maquina\\\/\",\"url\":\"https:\\\/\\\/www.bambootattoo.co.uk\\\/de\\\/bambu-vs-maquina\\\/\",\"name\":\"Bambus oder Maschine - The Bamboo Rooms\u00ae - home of multiple award winning tattoo artist Keng\",\"isPartOf\":{\"@id\":\"https:\\\/\\\/www.bambootattoo.co.uk\\\/de\\\/#website\"},\"primaryImageOfPage\":{\"@id\":\"https:\\\/\\\/www.bambootattoo.co.uk\\\/de\\\/bambu-vs-maquina\\\/#primaryimage\"},\"image\":{\"@id\":\"https:\\\/\\\/www.bambootattoo.co.uk\\\/de\\\/bambu-vs-maquina\\\/#primaryimage\"},\"thumbnailUrl\":\"https:\\\/\\\/www.bambootattoo.co.uk\\\/wp-content\\\/uploads\\\/2021\\\/09\\\/Ken-at-Work.jpg\",\"datePublished\":\"2017-12-02T04:37:54+00:00\",\"dateModified\":\"2023-10-12T23:38:25+00:00\",\"breadcrumb\":{\"@id\":\"https:\\\/\\\/www.bambootattoo.co.uk\\\/de\\\/bambu-vs-maquina\\\/#breadcrumb\"},\"inLanguage\":\"de\",\"potentialAction\":[{\"@type\":\"ReadAction\",\"target\":[\"https:\\\/\\\/www.bambootattoo.co.uk\\\/de\\\/bambu-vs-maquina\\\/\"]}]},{\"@type\":\"ImageObject\",\"inLanguage\":\"de\",\"@id\":\"https:\\\/\\\/www.bambootattoo.co.uk\\\/de\\\/bambu-vs-maquina\\\/#primaryimage\",\"url\":\"https:\\\/\\\/www.bambootattoo.co.uk\\\/wp-content\\\/uploads\\\/2021\\\/09\\\/Ken-at-Work.jpg\",\"contentUrl\":\"https:\\\/\\\/www.bambootattoo.co.uk\\\/wp-content\\\/uploads\\\/2021\\\/09\\\/Ken-at-Work.jpg\"},{\"@type\":\"BreadcrumbList\",\"@id\":\"https:\\\/\\\/www.bambootattoo.co.uk\\\/de\\\/bambu-vs-maquina\\\/#breadcrumb\",\"itemListElement\":[{\"@type\":\"ListItem\",\"position\":1,\"name\":\"Home\",\"item\":\"https:\\\/\\\/www.bambootattoo.co.uk\\\/de\\\/\"},{\"@type\":\"ListItem\",\"position\":2,\"name\":\"Bambus oder Maschine\"}]},{\"@type\":\"WebSite\",\"@id\":\"https:\\\/\\\/www.bambootattoo.co.uk\\\/de\\\/#website\",\"url\":\"https:\\\/\\\/www.bambootattoo.co.uk\\\/de\\\/\",\"name\":\"The Bamboo Rooms\u00ae - home of multiple award winning tattoo artist Keng\",\"description\":\"in Otley - Leeds (UK) and Koh Samui (Thailand)\",\"publisher\":{\"@id\":\"https:\\\/\\\/www.bambootattoo.co.uk\\\/de\\\/#organization\"},\"potentialAction\":[{\"@type\":\"SearchAction\",\"target\":{\"@type\":\"EntryPoint\",\"urlTemplate\":\"https:\\\/\\\/www.bambootattoo.co.uk\\\/de\\\/?s={search_term_string}\"},\"query-input\":{\"@type\":\"PropertyValueSpecification\",\"valueRequired\":true,\"valueName\":\"search_term_string\"}}],\"inLanguage\":\"de\"},{\"@type\":\"Organization\",\"@id\":\"https:\\\/\\\/www.bambootattoo.co.uk\\\/de\\\/#organization\",\"name\":\"The Bamboo Rooms&reg;\",\"url\":\"https:\\\/\\\/www.bambootattoo.co.uk\\\/de\\\/\",\"logo\":{\"@type\":\"ImageObject\",\"inLanguage\":\"de\",\"@id\":\"https:\\\/\\\/www.bambootattoo.co.uk\\\/de\\\/#\\\/schema\\\/logo\\\/image\\\/\",\"url\":\"https:\\\/\\\/www.bambootattoo.co.uk\\\/wp-content\\\/uploads\\\/2017\\\/12\\\/bamboo-rooms-small1.png\",\"contentUrl\":\"https:\\\/\\\/www.bambootattoo.co.uk\\\/wp-content\\\/uploads\\\/2017\\\/12\\\/bamboo-rooms-small1.png\",\"width\":264,\"height\":200,\"caption\":\"The Bamboo Rooms&reg;\"},\"image\":{\"@id\":\"https:\\\/\\\/www.bambootattoo.co.uk\\\/de\\\/#\\\/schema\\\/logo\\\/image\\\/\"},\"sameAs\":[\"https:\\\/\\\/www.facebook.com\\\/thebamboorooms\\\/\",\"https:\\\/\\\/x.com\\\/TheBambooRooms1\"]}]}<\/script>\n<!-- \/ Yoast SEO plugin. -->","yoast_head_json":{"title":"Bambus oder Maschine - The Bamboo Rooms\u00ae - home of multiple award winning tattoo artist Keng","robots":{"index":"index","follow":"follow","max-snippet":"max-snippet:-1","max-image-preview":"max-image-preview:large","max-video-preview":"max-video-preview:-1"},"canonical":"https:\/\/www.bambootattoo.co.uk\/de\/bambu-vs-maquina\/","og_locale":"de_DE","og_type":"article","og_title":"Bambus oder Maschine - The Bamboo Rooms\u00ae - home of multiple award winning tattoo artist Keng","og_url":"https:\/\/www.bambootattoo.co.uk\/de\/bambu-vs-maquina\/","og_site_name":"The Bamboo Rooms\u00ae - home of multiple award winning tattoo artist Keng","article_publisher":"https:\/\/www.facebook.com\/thebamboorooms\/","article_modified_time":"2023-10-12T23:38:25+00:00","og_image":[{"url":"https:\/\/www.bambootattoo.co.uk\/wp-content\/uploads\/2021\/09\/Ken-at-Work.jpg","type":"","width":"","height":""}],"twitter_card":"summary_large_image","twitter_site":"@TheBambooRooms1","twitter_misc":{"Gesch\u00e4tzte Lesezeit":"2\u00a0Minuten"},"schema":{"@context":"https:\/\/schema.org","@graph":[{"@type":"WebPage","@id":"https:\/\/www.bambootattoo.co.uk\/de\/bambu-vs-maquina\/","url":"https:\/\/www.bambootattoo.co.uk\/de\/bambu-vs-maquina\/","name":"Bambus oder Maschine - The Bamboo Rooms\u00ae - home of multiple award winning tattoo artist Keng","isPartOf":{"@id":"https:\/\/www.bambootattoo.co.uk\/de\/#website"},"primaryImageOfPage":{"@id":"https:\/\/www.bambootattoo.co.uk\/de\/bambu-vs-maquina\/#primaryimage"},"image":{"@id":"https:\/\/www.bambootattoo.co.uk\/de\/bambu-vs-maquina\/#primaryimage"},"thumbnailUrl":"https:\/\/www.bambootattoo.co.uk\/wp-content\/uploads\/2021\/09\/Ken-at-Work.jpg","datePublished":"2017-12-02T04:37:54+00:00","dateModified":"2023-10-12T23:38:25+00:00","breadcrumb":{"@id":"https:\/\/www.bambootattoo.co.uk\/de\/bambu-vs-maquina\/#breadcrumb"},"inLanguage":"de","potentialAction":[{"@type":"ReadAction","target":["https:\/\/www.bambootattoo.co.uk\/de\/bambu-vs-maquina\/"]}]},{"@type":"ImageObject","inLanguage":"de","@id":"https:\/\/www.bambootattoo.co.uk\/de\/bambu-vs-maquina\/#primaryimage","url":"https:\/\/www.bambootattoo.co.uk\/wp-content\/uploads\/2021\/09\/Ken-at-Work.jpg","contentUrl":"https:\/\/www.bambootattoo.co.uk\/wp-content\/uploads\/2021\/09\/Ken-at-Work.jpg"},{"@type":"BreadcrumbList","@id":"https:\/\/www.bambootattoo.co.uk\/de\/bambu-vs-maquina\/#breadcrumb","itemListElement":[{"@type":"ListItem","position":1,"name":"Home","item":"https:\/\/www.bambootattoo.co.uk\/de\/"},{"@type":"ListItem","position":2,"name":"Bambus oder Maschine"}]},{"@type":"WebSite","@id":"https:\/\/www.bambootattoo.co.uk\/de\/#website","url":"https:\/\/www.bambootattoo.co.uk\/de\/","name":"The Bamboo Rooms\u00ae - home of multiple award winning tattoo artist Keng","description":"in Otley - Leeds (UK) and Koh Samui (Thailand)","publisher":{"@id":"https:\/\/www.bambootattoo.co.uk\/de\/#organization"},"potentialAction":[{"@type":"SearchAction","target":{"@type":"EntryPoint","urlTemplate":"https:\/\/www.bambootattoo.co.uk\/de\/?s={search_term_string}"},"query-input":{"@type":"PropertyValueSpecification","valueRequired":true,"valueName":"search_term_string"}}],"inLanguage":"de"},{"@type":"Organization","@id":"https:\/\/www.bambootattoo.co.uk\/de\/#organization","name":"The Bamboo Rooms&reg;","url":"https:\/\/www.bambootattoo.co.uk\/de\/","logo":{"@type":"ImageObject","inLanguage":"de","@id":"https:\/\/www.bambootattoo.co.uk\/de\/#\/schema\/logo\/image\/","url":"https:\/\/www.bambootattoo.co.uk\/wp-content\/uploads\/2017\/12\/bamboo-rooms-small1.png","contentUrl":"https:\/\/www.bambootattoo.co.uk\/wp-content\/uploads\/2017\/12\/bamboo-rooms-small1.png","width":264,"height":200,"caption":"The Bamboo Rooms&reg;"},"image":{"@id":"https:\/\/www.bambootattoo.co.uk\/de\/#\/schema\/logo\/image\/"},"sameAs":["https:\/\/www.facebook.com\/thebamboorooms\/","https:\/\/x.com\/TheBambooRooms1"]}]}},"_links":{"self":[{"href":"https:\/\/www.bambootattoo.co.uk\/de\/wp-json\/wp\/v2\/pages\/6256","targetHints":{"allow":["GET"]}}],"collection":[{"href":"https:\/\/www.bambootattoo.co.uk\/de\/wp-json\/wp\/v2\/pages"}],"about":[{"href":"https:\/\/www.bambootattoo.co.uk\/de\/wp-json\/wp\/v2\/types\/page"}],"author":[{"embeddable":true,"href":"https:\/\/www.bambootattoo.co.uk\/de\/wp-json\/wp\/v2\/users\/4"}],"replies":[{"embeddable":true,"href":"https:\/\/www.bambootattoo.co.uk\/de\/wp-json\/wp\/v2\/comments?post=6256"}],"version-history":[{"count":1,"href":"https:\/\/www.bambootattoo.co.uk\/de\/wp-json\/wp\/v2\/pages\/6256\/revisions"}],"predecessor-version":[{"id":15456,"href":"https:\/\/www.bambootattoo.co.uk\/de\/wp-json\/wp\/v2\/pages\/6256\/revisions\/15456"}],"wp:attachment":[{"href":"https:\/\/www.bambootattoo.co.uk\/de\/wp-json\/wp\/v2\/media?parent=6256"}],"curies":[{"name":"wp","href":"https:\/\/api.w.org\/{rel}","templated":true}]}}