{"id":6300,"date":"2017-12-02T11:40:38","date_gmt":"2017-12-02T04:40:38","guid":{"rendered":"http:\/\/newversion.bambootattoo.co.uk\/geschichte-hintergrund\/"},"modified":"2023-10-13T06:37:38","modified_gmt":"2023-10-12T23:37:38","slug":"geschichte-hintergrund","status":"publish","type":"page","link":"https:\/\/www.bambootattoo.co.uk\/de\/geschichte-hintergrund\/","title":{"rendered":"Geschichte \/ Hintergrund"},"content":{"rendered":"<section class=\"l-section wpb_row height_medium\"><div class=\"l-section-h i-cf\"><div class=\"g-cols vc_row via_flex valign_top type_default stacking_default\"><div class=\"vc_col-sm-12 wpb_column vc_column_container\"><div class=\"vc_column-inner\"><div class=\"wpb_wrapper\"><div class=\"wpb_text_column\"><div class=\"wpb_wrapper\"><h1 style=\"text-align: center;\">Geschichte \/ Hintergrund<\/h1>\n<\/div><\/div><\/div><\/div><\/div><\/div><\/div><\/section><section class=\"l-section wpb_row height_small\"><div class=\"l-section-h i-cf\"><div class=\"g-cols vc_row via_flex valign_top type_default stacking_default\"><div class=\"vc_col-sm-8 wpb_column vc_column_container\"><div class=\"vc_column-inner\"><div class=\"wpb_wrapper\"><div class=\"wpb_text_column\"><div class=\"wpb_wrapper\"><p>Es ist schwierig, den genauen Ursprung von Bamboo Tattoo Kunst zu bestimmen, da das Verfahren so alt ist, dass die Geschichte fast in Vergessenheit geraten ist und zudem mit Mythen und Legenden verbunden ist. Viele L\u00e4nder in S\u00fcdostasien behaupten, der \u201eGeburtsort\u201c dieser alten Kunstform zu sein. Es wird allgemein angenommen, dass es vor etwa 3000 Jahren in der Khmer-Zeit entstanden ist. Auf den Philippinen wurden Mumien gefunden, auf denen noch Bambus-Tattoos zu sehen sind, Blockbanden um die Wade mit Stammeshierarchie-Bedeutung.<\/p>\n<p>In Thailand begann das Bambus-T\u00e4towieren in den buddhistischen Tempeln, wobei M\u00f6nche zum Schutz religi\u00f6se Texttattoos von Gro\u00dfmeisterm\u00f6nchen erhielten. Zu allen Zeiten des Konflikts in Thailand besuchten Soldaten die Tempel, um von den M\u00f6nchen mit Zauberspr\u00fcchen f\u00fcr Dinge wie Schutz, St\u00e4rke oder Unsichtbarkeit t\u00e4towiert zu werden. Eine thail\u00e4ndische Legende besagt, dass Thailand nie besetzt wurde, da die thail\u00e4ndischen Soldaten Kriegergeister sind, die aufgrund ihrer sch\u00fctzenden T\u00e4towierungen nicht vom Feind gesehen oder get\u00f6tet werden konnten.<\/p>\n<p>In Thailand werden fast alle buddhistischen M\u00e4nner irgendwann in ihrem Leben M\u00f6nche, um ihre komplexe Religion besser zu verstehen. W\u00e4hrend dieser Zeit werden sie mit religi\u00f6sen Texten t\u00e4towiert, um die St\u00e4rke ihres Glaubens zu zeigen. Trotz dieser tief religi\u00f6sen Urspr\u00fcnge sind Tattoos derzeit in Thailand nicht weit verbreitet und sind, wie in der westlichen Kultur historisch gesehen, vor allem bei Kriminellen beliebt. Dies hat sich erst in j\u00fcngster Zeit ge\u00e4ndert aber nichtsdestotrotz stirbt die Kunst des Bambus T\u00e4towierens aus, da das Erlernen der Maschinent\u00e4towierung deutlich einfacher ist.<\/p>\n<p>Dennoch interessiert sich die westliche Kultur zunehmend wieder f\u00fcr Bambus-T\u00e4towierungen, mit der j\u00fcngsten Unterst\u00fctzung und Publizit\u00e4t von Hollywood-Superstars wie Angelina Jolie, die f\u00fcr Bambus-Tattoos nach Thailand fliegt. Die Schauspielerin hat ein traditionelles Khmer-Tattoo auf ihrem oberen R\u00fccken und einen gro\u00dfen Tiger auf ihrem unteren R\u00fccken. Beide Tattoos wurden mit Bambus gestochen und dies k\u00f6nnte f\u00fcr die n\u00e4chste Generation ein Anreiz sein, Bambust\u00e4towieren wieder vermehrt zu erlernen, bevor es ganz verloren geht.<\/p>\n<\/div><\/div><\/div><\/div><\/div><div class=\"vc_col-sm-4 wpb_column vc_column_container\"><div class=\"vc_column-inner\"><div class=\"wpb_wrapper\"><div class=\"w-image align_center\"><div class=\"w-image-h\"><img decoding=\"async\" width=\"960\" height=\"960\" src=\"https:\/\/www.bambootattoo.co.uk\/wp-content\/uploads\/2017\/12\/bamboo-rooms-091.jpg\" class=\"attachment-full size-full\" alt=\"\" loading=\"lazy\" srcset=\"https:\/\/www.bambootattoo.co.uk\/wp-content\/uploads\/2017\/12\/bamboo-rooms-091.jpg 960w, https:\/\/www.bambootattoo.co.uk\/wp-content\/uploads\/2017\/12\/bamboo-rooms-091-440x440.jpg 440w, https:\/\/www.bambootattoo.co.uk\/wp-content\/uploads\/2017\/12\/bamboo-rooms-091-150x150.jpg 150w, https:\/\/www.bambootattoo.co.uk\/wp-content\/uploads\/2017\/12\/bamboo-rooms-091-300x300.jpg 300w, https:\/\/www.bambootattoo.co.uk\/wp-content\/uploads\/2017\/12\/bamboo-rooms-091-768x768.jpg 768w, https:\/\/www.bambootattoo.co.uk\/wp-content\/uploads\/2017\/12\/bamboo-rooms-091-350x350.jpg 350w\" sizes=\"auto, (max-width: 960px) 100vw, 960px\" \/><\/div><\/div><\/div><\/div><\/div><\/div><\/div><\/section>\n","protected":false},"excerpt":{"rendered":"Geschichte \/ Hintergrund Es ist schwierig, den genauen Ursprung von Bamboo Tattoo Kunst zu bestimmen, da das Verfahren so alt ist, dass die Geschichte fast in Vergessenheit geraten ist und zudem mit Mythen und Legenden verbunden ist. Viele L\u00e4nder in S\u00fcdostasien behaupten, der \u201eGeburtsort\u201c dieser alten Kunstform zu sein. Es wird allgemein angenommen, dass es...","protected":false},"author":4,"featured_media":0,"parent":0,"menu_order":0,"comment_status":"closed","ping_status":"closed","template":"","meta":{"_acf_changed":false,"footnotes":""},"class_list":["post-6300","page","type-page","status-publish","hentry"],"acf":[],"yoast_head":"<!-- This site is optimized with the Yoast SEO plugin v27.4 - https:\/\/yoast.com\/product\/yoast-seo-wordpress\/ -->\n<title>Geschichte \/ Hintergrund - The Bamboo Rooms\u00ae - home of multiple award winning tattoo artist Keng<\/title>\n<meta name=\"robots\" content=\"index, follow, max-snippet:-1, max-image-preview:large, max-video-preview:-1\" \/>\n<link rel=\"canonical\" href=\"https:\/\/www.bambootattoo.co.uk\/de\/geschichte-hintergrund\/\" \/>\n<meta property=\"og:locale\" content=\"de_DE\" \/>\n<meta property=\"og:type\" content=\"article\" \/>\n<meta property=\"og:title\" content=\"Geschichte \/ Hintergrund - The Bamboo Rooms\u00ae - home of multiple award winning tattoo artist Keng\" \/>\n<meta property=\"og:url\" content=\"https:\/\/www.bambootattoo.co.uk\/de\/geschichte-hintergrund\/\" \/>\n<meta property=\"og:site_name\" content=\"The Bamboo Rooms\u00ae - home of multiple award winning tattoo artist Keng\" \/>\n<meta property=\"article:publisher\" content=\"https:\/\/www.facebook.com\/thebamboorooms\/\" \/>\n<meta property=\"article:modified_time\" content=\"2023-10-12T23:37:38+00:00\" \/>\n<meta name=\"twitter:card\" content=\"summary_large_image\" \/>\n<meta name=\"twitter:site\" content=\"@TheBambooRooms1\" \/>\n<meta name=\"twitter:label1\" content=\"Gesch\u00e4tzte Lesezeit\" \/>\n\t<meta name=\"twitter:data1\" content=\"2\u00a0Minuten\" \/>\n<script type=\"application\/ld+json\" class=\"yoast-schema-graph\">{\"@context\":\"https:\\\/\\\/schema.org\",\"@graph\":[{\"@type\":\"WebPage\",\"@id\":\"https:\\\/\\\/www.bambootattoo.co.uk\\\/de\\\/geschichte-hintergrund\\\/\",\"url\":\"https:\\\/\\\/www.bambootattoo.co.uk\\\/de\\\/geschichte-hintergrund\\\/\",\"name\":\"Geschichte \\\/ Hintergrund - The Bamboo Rooms\u00ae - home of multiple award winning tattoo artist Keng\",\"isPartOf\":{\"@id\":\"https:\\\/\\\/www.bambootattoo.co.uk\\\/de\\\/#website\"},\"datePublished\":\"2017-12-02T04:40:38+00:00\",\"dateModified\":\"2023-10-12T23:37:38+00:00\",\"breadcrumb\":{\"@id\":\"https:\\\/\\\/www.bambootattoo.co.uk\\\/de\\\/geschichte-hintergrund\\\/#breadcrumb\"},\"inLanguage\":\"de\",\"potentialAction\":[{\"@type\":\"ReadAction\",\"target\":[\"https:\\\/\\\/www.bambootattoo.co.uk\\\/de\\\/geschichte-hintergrund\\\/\"]}]},{\"@type\":\"BreadcrumbList\",\"@id\":\"https:\\\/\\\/www.bambootattoo.co.uk\\\/de\\\/geschichte-hintergrund\\\/#breadcrumb\",\"itemListElement\":[{\"@type\":\"ListItem\",\"position\":1,\"name\":\"Home\",\"item\":\"https:\\\/\\\/www.bambootattoo.co.uk\\\/de\\\/\"},{\"@type\":\"ListItem\",\"position\":2,\"name\":\"Geschichte \\\/ Hintergrund\"}]},{\"@type\":\"WebSite\",\"@id\":\"https:\\\/\\\/www.bambootattoo.co.uk\\\/de\\\/#website\",\"url\":\"https:\\\/\\\/www.bambootattoo.co.uk\\\/de\\\/\",\"name\":\"The Bamboo Rooms\u00ae - home of multiple award winning tattoo artist Keng\",\"description\":\"in Otley - Leeds (UK) and Koh Samui (Thailand)\",\"publisher\":{\"@id\":\"https:\\\/\\\/www.bambootattoo.co.uk\\\/de\\\/#organization\"},\"potentialAction\":[{\"@type\":\"SearchAction\",\"target\":{\"@type\":\"EntryPoint\",\"urlTemplate\":\"https:\\\/\\\/www.bambootattoo.co.uk\\\/de\\\/?s={search_term_string}\"},\"query-input\":{\"@type\":\"PropertyValueSpecification\",\"valueRequired\":true,\"valueName\":\"search_term_string\"}}],\"inLanguage\":\"de\"},{\"@type\":\"Organization\",\"@id\":\"https:\\\/\\\/www.bambootattoo.co.uk\\\/de\\\/#organization\",\"name\":\"The Bamboo Rooms&reg;\",\"url\":\"https:\\\/\\\/www.bambootattoo.co.uk\\\/de\\\/\",\"logo\":{\"@type\":\"ImageObject\",\"inLanguage\":\"de\",\"@id\":\"https:\\\/\\\/www.bambootattoo.co.uk\\\/de\\\/#\\\/schema\\\/logo\\\/image\\\/\",\"url\":\"https:\\\/\\\/www.bambootattoo.co.uk\\\/wp-content\\\/uploads\\\/2017\\\/12\\\/bamboo-rooms-small1.png\",\"contentUrl\":\"https:\\\/\\\/www.bambootattoo.co.uk\\\/wp-content\\\/uploads\\\/2017\\\/12\\\/bamboo-rooms-small1.png\",\"width\":264,\"height\":200,\"caption\":\"The Bamboo Rooms&reg;\"},\"image\":{\"@id\":\"https:\\\/\\\/www.bambootattoo.co.uk\\\/de\\\/#\\\/schema\\\/logo\\\/image\\\/\"},\"sameAs\":[\"https:\\\/\\\/www.facebook.com\\\/thebamboorooms\\\/\",\"https:\\\/\\\/x.com\\\/TheBambooRooms1\"]}]}<\/script>\n<!-- \/ Yoast SEO plugin. -->","yoast_head_json":{"title":"Geschichte \/ Hintergrund - The Bamboo Rooms\u00ae - home of multiple award winning tattoo artist Keng","robots":{"index":"index","follow":"follow","max-snippet":"max-snippet:-1","max-image-preview":"max-image-preview:large","max-video-preview":"max-video-preview:-1"},"canonical":"https:\/\/www.bambootattoo.co.uk\/de\/geschichte-hintergrund\/","og_locale":"de_DE","og_type":"article","og_title":"Geschichte \/ Hintergrund - The Bamboo Rooms\u00ae - home of multiple award winning tattoo artist Keng","og_url":"https:\/\/www.bambootattoo.co.uk\/de\/geschichte-hintergrund\/","og_site_name":"The Bamboo Rooms\u00ae - home of multiple award winning tattoo artist Keng","article_publisher":"https:\/\/www.facebook.com\/thebamboorooms\/","article_modified_time":"2023-10-12T23:37:38+00:00","twitter_card":"summary_large_image","twitter_site":"@TheBambooRooms1","twitter_misc":{"Gesch\u00e4tzte Lesezeit":"2\u00a0Minuten"},"schema":{"@context":"https:\/\/schema.org","@graph":[{"@type":"WebPage","@id":"https:\/\/www.bambootattoo.co.uk\/de\/geschichte-hintergrund\/","url":"https:\/\/www.bambootattoo.co.uk\/de\/geschichte-hintergrund\/","name":"Geschichte \/ Hintergrund - The Bamboo Rooms\u00ae - home of multiple award winning tattoo artist Keng","isPartOf":{"@id":"https:\/\/www.bambootattoo.co.uk\/de\/#website"},"datePublished":"2017-12-02T04:40:38+00:00","dateModified":"2023-10-12T23:37:38+00:00","breadcrumb":{"@id":"https:\/\/www.bambootattoo.co.uk\/de\/geschichte-hintergrund\/#breadcrumb"},"inLanguage":"de","potentialAction":[{"@type":"ReadAction","target":["https:\/\/www.bambootattoo.co.uk\/de\/geschichte-hintergrund\/"]}]},{"@type":"BreadcrumbList","@id":"https:\/\/www.bambootattoo.co.uk\/de\/geschichte-hintergrund\/#breadcrumb","itemListElement":[{"@type":"ListItem","position":1,"name":"Home","item":"https:\/\/www.bambootattoo.co.uk\/de\/"},{"@type":"ListItem","position":2,"name":"Geschichte \/ Hintergrund"}]},{"@type":"WebSite","@id":"https:\/\/www.bambootattoo.co.uk\/de\/#website","url":"https:\/\/www.bambootattoo.co.uk\/de\/","name":"The Bamboo Rooms\u00ae - home of multiple award winning tattoo artist Keng","description":"in Otley - Leeds (UK) and Koh Samui (Thailand)","publisher":{"@id":"https:\/\/www.bambootattoo.co.uk\/de\/#organization"},"potentialAction":[{"@type":"SearchAction","target":{"@type":"EntryPoint","urlTemplate":"https:\/\/www.bambootattoo.co.uk\/de\/?s={search_term_string}"},"query-input":{"@type":"PropertyValueSpecification","valueRequired":true,"valueName":"search_term_string"}}],"inLanguage":"de"},{"@type":"Organization","@id":"https:\/\/www.bambootattoo.co.uk\/de\/#organization","name":"The Bamboo Rooms&reg;","url":"https:\/\/www.bambootattoo.co.uk\/de\/","logo":{"@type":"ImageObject","inLanguage":"de","@id":"https:\/\/www.bambootattoo.co.uk\/de\/#\/schema\/logo\/image\/","url":"https:\/\/www.bambootattoo.co.uk\/wp-content\/uploads\/2017\/12\/bamboo-rooms-small1.png","contentUrl":"https:\/\/www.bambootattoo.co.uk\/wp-content\/uploads\/2017\/12\/bamboo-rooms-small1.png","width":264,"height":200,"caption":"The Bamboo Rooms&reg;"},"image":{"@id":"https:\/\/www.bambootattoo.co.uk\/de\/#\/schema\/logo\/image\/"},"sameAs":["https:\/\/www.facebook.com\/thebamboorooms\/","https:\/\/x.com\/TheBambooRooms1"]}]}},"_links":{"self":[{"href":"https:\/\/www.bambootattoo.co.uk\/de\/wp-json\/wp\/v2\/pages\/6300","targetHints":{"allow":["GET"]}}],"collection":[{"href":"https:\/\/www.bambootattoo.co.uk\/de\/wp-json\/wp\/v2\/pages"}],"about":[{"href":"https:\/\/www.bambootattoo.co.uk\/de\/wp-json\/wp\/v2\/types\/page"}],"author":[{"embeddable":true,"href":"https:\/\/www.bambootattoo.co.uk\/de\/wp-json\/wp\/v2\/users\/4"}],"replies":[{"embeddable":true,"href":"https:\/\/www.bambootattoo.co.uk\/de\/wp-json\/wp\/v2\/comments?post=6300"}],"version-history":[{"count":1,"href":"https:\/\/www.bambootattoo.co.uk\/de\/wp-json\/wp\/v2\/pages\/6300\/revisions"}],"predecessor-version":[{"id":15453,"href":"https:\/\/www.bambootattoo.co.uk\/de\/wp-json\/wp\/v2\/pages\/6300\/revisions\/15453"}],"wp:attachment":[{"href":"https:\/\/www.bambootattoo.co.uk\/de\/wp-json\/wp\/v2\/media?parent=6300"}],"curies":[{"name":"wp","href":"https:\/\/api.w.org\/{rel}","templated":true}]}}