{"id":6383,"date":"2017-12-05T07:39:00","date_gmt":"2017-12-05T07:39:00","guid":{"rendered":"http:\/\/newversion.bambootattoo.co.uk\/keng\/"},"modified":"2021-01-15T17:35:42","modified_gmt":"2021-01-15T10:35:42","slug":"keng","status":"publish","type":"page","link":"https:\/\/www.bambootattoo.co.uk\/de\/keng\/","title":{"rendered":"Keng"},"content":{"rendered":"<section class=\"l-section wpb_row height_small\"><div class=\"l-section-h i-cf\"><div class=\"g-cols vc_row via_flex valign_top type_default stacking_default\"><div class=\"vc_col-sm-12 wpb_column vc_column_container\"><div class=\"vc_column-inner\"><div class=\"wpb_wrapper\"><div class=\"wpb_text_column\"><div class=\"wpb_wrapper\"><h1 style=\"text-align: center;\">\u00dcber Keng<\/h1>\n<\/div><\/div><\/div><\/div><\/div><\/div><\/div><\/section><section class=\"l-section wpb_row height_small\"><div class=\"l-section-h i-cf\"><div class=\"g-cols vc_row via_flex valign_top type_default stacking_default\"><div class=\"vc_col-sm-6 wpb_column vc_column_container\"><div class=\"vc_column-inner\"><div class=\"wpb_wrapper\"><div class=\"wpb_text_column\"><div class=\"wpb_wrapper\"><p>Keng ist ein aussergew\u00f6hnlich, talentierter T\u00e4towierer, der sich auf die jetzt unglaublich begehrte Kunst von Bambus Tattoo spezialisiert hat. Wir glauben, dass Keng zur Zeit der einzige praktizierende, qualifizierte und erfahrene &#8222;Bambus Tattoo Artist&#8220; in Grossbritannien ist. Keng praktiziert seit \u00fcber 18 Jahren Bambus-T\u00e4towierungen.<br \/>\nObwohl wir die meiste Zeit des Jahres auf der sch\u00f6nen Insel Samui leben, geht Keng f\u00fcr einen Monat im Jahr in die UK, um die Anforderungen seiner UK-Kunden zu erf\u00fcllen.<\/p>\n<p>Keng zeichnet so lange, wie er sich erinnern kann. Er sass jedes Wochenende als Kind in seinem Tempel in Thailand. Sein Talent wurde bald von den Tempelm\u00f6nchen bemerkt, wobei Zeichenkurse und Malkurse organisiert wurden, um sein Talent zu entwickeln. Im zarten Alter von 10 Jahren organisierten die thail\u00e4ndischen M\u00f6nche, dass Keng die lokalen Tempel mit kunstvollen thail\u00e4ndischen Mustern zu bemalen konnte. Die thail\u00e4ndischen M\u00f6nche, die Keng unter ihre Fittiche genommen hatten, baten ihn, im Tempel zu leben, um sich zum Grossmeister-M\u00f6nch ausbilden zu lassen. Seine Eltern, die jedoch festlegten, dass er seine Schulzeit beendete, machten dies unm\u00f6glich, aber Keng besuchte trotzdem jedes Wochenende den Tempel, um sich mit buddhistischen Zauberspr\u00fcchen, Beschw\u00f6rungen und Bambus-Tattoo-Kunst auskennen zu k\u00f6nnen.<\/p>\n<p>Nur 5 Jahre sp\u00e4ter, nach seiner Einf\u00fchrung in die Kunst der Bambuskunst, vollendete Keng sein erstes Bambus-Tattoo (normalerweise dauert das Training f\u00fcr diese hochspezialisierte und spirituelle Kunstform mindestens 8 Jahre). Trotz seines offensichtlichen Talents schickte Kengs Familie ihn zur medizinischen Fakult\u00e4t, wo er Medizin studierte, bis sein Vater traurig verstarb und er seinen eigenen Karriereweg beschreiten konnte. Keng kehrte dann in den Tempel zur\u00fcck und absolvierte sein Bambuss Tattoo Training.<\/p>\n<p>The Bamboo Rooms<sup>&reg;<\/sup> wurden seit zehn Jahren erfolgreich von Keng und Lauren sowohl in Grossbritannien als auch in Thailand gef\u00fchrt.<\/p>\n<\/div><\/div><\/div><\/div><\/div><div class=\"vc_col-sm-6 wpb_column vc_column_container\"><div class=\"vc_column-inner\"><div class=\"wpb_wrapper\"><div class=\"w-image align_center\"><div class=\"w-image-h\"><img decoding=\"async\" width=\"640\" height=\"480\" src=\"https:\/\/www.bambootattoo.co.uk\/wp-content\/uploads\/2017\/12\/ket-at-work1-1.jpg\" class=\"attachment-full size-full\" alt=\"\" loading=\"lazy\" srcset=\"https:\/\/www.bambootattoo.co.uk\/wp-content\/uploads\/2017\/12\/ket-at-work1-1.jpg 640w, https:\/\/www.bambootattoo.co.uk\/wp-content\/uploads\/2017\/12\/ket-at-work1-1-587x440.jpg 587w, https:\/\/www.bambootattoo.co.uk\/wp-content\/uploads\/2017\/12\/ket-at-work1-1-300x225.jpg 300w\" sizes=\"auto, (max-width: 640px) 100vw, 640px\" \/><\/div><\/div><\/div><\/div><\/div><\/div><\/div><\/section><section class=\"l-section wpb_row height_small\"><div class=\"l-section-h i-cf\"><div class=\"g-cols vc_row via_flex valign_top type_default stacking_default\"><div class=\"vc_col-sm-12 wpb_column vc_column_container\"><div class=\"vc_column-inner\"><div class=\"wpb_wrapper\"><div class=\"wpb_text_column\"><div class=\"wpb_wrapper\"><h2 style=\"text-align: center;\">Kengs Arbeit<\/h2>\n<\/div><\/div><\/div><\/div><\/div><\/div><\/div><\/section><section class=\"l-section wpb_row height_small\"><div class=\"l-section-h i-cf\"><div class=\"g-cols vc_row via_flex valign_top type_default stacking_default\"><div class=\"vc_col-sm-12 wpb_column vc_column_container\"><div class=\"vc_column-inner\"><div class=\"wpb_wrapper\"><div class=\"w-grid us_grid type_grid layout_gallery_default cols_6 preload_style_spinner\" id=\"us_grid_1\" style=\"--columns:6;\" data-filterable=\"true\"><style>@media (max-width:767px){#us_grid_1{--columns:4!important}}@media (max-width:479px){#us_grid_1{--columns:2!important}}.layout_gallery_default .w-grid-item-h{}<\/style><div class=\"w-grid-list\">\t<article class=\"w-grid-item size_1x1 post-6341 attachment type-attachment status-inherit hentry\" data-id=\"6341\">\r\n\t\t<div class=\"w-grid-item-h\">\r\n\t\t\t\t\t\t\t<a ref=\"magnificPopupGrid\" href=\"https:\/\/www.bambootattoo.co.uk\/wp-content\/uploads\/2017\/12\/bamboo-rooms-01-600x9001.jpg\" class=\"w-grid-item-anchor\" aria-label=\"bamboo-rooms-01-600&#215;900[1]\"><\/a>\r\n\t\t\t\t\t\t<div class=\"w-post-elm post_image usg_post_image_1 stretched\"><img loading=\"lazy\" decoding=\"async\" width=\"350\" height=\"350\" src=\"https:\/\/www.bambootattoo.co.uk\/wp-content\/uploads\/2017\/12\/bamboo-rooms-01-600x9001-350x350.jpg\" class=\"attachment-us_350_350_crop size-us_350_350_crop\" alt=\"\" srcset=\"https:\/\/www.bambootattoo.co.uk\/wp-content\/uploads\/2017\/12\/bamboo-rooms-01-600x9001-350x350.jpg 350w, https:\/\/www.bambootattoo.co.uk\/wp-content\/uploads\/2017\/12\/bamboo-rooms-01-600x9001-150x150.jpg 150w\" sizes=\"auto, (max-width: 350px) 100vw, 350px\" \/><\/div>\t\t<\/div>\r\n\t\t\t<\/article>\r\n\t<article class=\"w-grid-item size_1x1 post-6344 attachment type-attachment status-inherit hentry\" data-id=\"6344\">\r\n\t\t<div class=\"w-grid-item-h\">\r\n\t\t\t\t\t\t\t<a ref=\"magnificPopupGrid\" href=\"https:\/\/www.bambootattoo.co.uk\/wp-content\/uploads\/2017\/12\/bamboo-rooms-02-600x9001.jpg\" class=\"w-grid-item-anchor\" aria-label=\"bamboo-rooms-02-600&#215;900[1]\"><\/a>\r\n\t\t\t\t\t\t<div class=\"w-post-elm post_image usg_post_image_1 stretched\"><img loading=\"lazy\" decoding=\"async\" width=\"350\" height=\"350\" src=\"https:\/\/www.bambootattoo.co.uk\/wp-content\/uploads\/2017\/12\/bamboo-rooms-02-600x9001-350x350.jpg\" class=\"attachment-us_350_350_crop size-us_350_350_crop\" alt=\"\" srcset=\"https:\/\/www.bambootattoo.co.uk\/wp-content\/uploads\/2017\/12\/bamboo-rooms-02-600x9001-350x350.jpg 350w, https:\/\/www.bambootattoo.co.uk\/wp-content\/uploads\/2017\/12\/bamboo-rooms-02-600x9001-150x150.jpg 150w\" sizes=\"auto, (max-width: 350px) 100vw, 350px\" \/><\/div>\t\t<\/div>\r\n\t\t\t<\/article>\r\n\t<article class=\"w-grid-item size_1x1 post-6347 attachment type-attachment status-inherit hentry\" data-id=\"6347\">\r\n\t\t<div class=\"w-grid-item-h\">\r\n\t\t\t\t\t\t\t<a ref=\"magnificPopupGrid\" href=\"https:\/\/www.bambootattoo.co.uk\/wp-content\/uploads\/2017\/12\/bamboo-rooms-03-600x9001.jpg\" class=\"w-grid-item-anchor\" aria-label=\"bamboo-rooms-03-600&#215;900[1]\"><\/a>\r\n\t\t\t\t\t\t<div class=\"w-post-elm post_image usg_post_image_1 stretched\"><img loading=\"lazy\" decoding=\"async\" width=\"350\" height=\"350\" src=\"https:\/\/www.bambootattoo.co.uk\/wp-content\/uploads\/2017\/12\/bamboo-rooms-03-600x9001-350x350.jpg\" class=\"attachment-us_350_350_crop size-us_350_350_crop\" alt=\"\" srcset=\"https:\/\/www.bambootattoo.co.uk\/wp-content\/uploads\/2017\/12\/bamboo-rooms-03-600x9001-350x350.jpg 350w, https:\/\/www.bambootattoo.co.uk\/wp-content\/uploads\/2017\/12\/bamboo-rooms-03-600x9001-150x150.jpg 150w\" sizes=\"auto, (max-width: 350px) 100vw, 350px\" \/><\/div>\t\t<\/div>\r\n\t\t\t<\/article>\r\n\t<article class=\"w-grid-item size_1x1 post-6350 attachment type-attachment status-inherit hentry\" data-id=\"6350\">\r\n\t\t<div class=\"w-grid-item-h\">\r\n\t\t\t\t\t\t\t<a ref=\"magnificPopupGrid\" href=\"https:\/\/www.bambootattoo.co.uk\/wp-content\/uploads\/2017\/12\/bamboo-rooms-04-600x9001.jpg\" class=\"w-grid-item-anchor\" aria-label=\"bamboo-rooms-04-600&#215;900[1]\"><\/a>\r\n\t\t\t\t\t\t<div class=\"w-post-elm post_image usg_post_image_1 stretched\"><img loading=\"lazy\" decoding=\"async\" width=\"350\" height=\"350\" src=\"https:\/\/www.bambootattoo.co.uk\/wp-content\/uploads\/2017\/12\/bamboo-rooms-04-600x9001-350x350.jpg\" class=\"attachment-us_350_350_crop size-us_350_350_crop\" alt=\"\" srcset=\"https:\/\/www.bambootattoo.co.uk\/wp-content\/uploads\/2017\/12\/bamboo-rooms-04-600x9001-350x350.jpg 350w, https:\/\/www.bambootattoo.co.uk\/wp-content\/uploads\/2017\/12\/bamboo-rooms-04-600x9001-150x150.jpg 150w\" sizes=\"auto, (max-width: 350px) 100vw, 350px\" \/><\/div>\t\t<\/div>\r\n\t\t\t<\/article>\r\n\t<article class=\"w-grid-item size_1x1 post-6353 attachment type-attachment status-inherit hentry\" data-id=\"6353\">\r\n\t\t<div class=\"w-grid-item-h\">\r\n\t\t\t\t\t\t\t<a ref=\"magnificPopupGrid\" href=\"https:\/\/www.bambootattoo.co.uk\/wp-content\/uploads\/2017\/12\/bamboo-rooms-05-600x9001.jpg\" class=\"w-grid-item-anchor\" aria-label=\"bamboo-rooms-05-600&#215;900[1]\"><\/a>\r\n\t\t\t\t\t\t<div class=\"w-post-elm post_image usg_post_image_1 stretched\"><img loading=\"lazy\" decoding=\"async\" width=\"350\" height=\"350\" src=\"https:\/\/www.bambootattoo.co.uk\/wp-content\/uploads\/2017\/12\/bamboo-rooms-05-600x9001-350x350.jpg\" class=\"attachment-us_350_350_crop size-us_350_350_crop\" alt=\"\" srcset=\"https:\/\/www.bambootattoo.co.uk\/wp-content\/uploads\/2017\/12\/bamboo-rooms-05-600x9001-350x350.jpg 350w, https:\/\/www.bambootattoo.co.uk\/wp-content\/uploads\/2017\/12\/bamboo-rooms-05-600x9001-150x150.jpg 150w\" sizes=\"auto, (max-width: 350px) 100vw, 350px\" \/><\/div>\t\t<\/div>\r\n\t\t\t<\/article>\r\n\t<article class=\"w-grid-item size_1x1 post-6356 attachment type-attachment status-inherit hentry\" data-id=\"6356\">\r\n\t\t<div class=\"w-grid-item-h\">\r\n\t\t\t\t\t\t\t<a ref=\"magnificPopupGrid\" href=\"https:\/\/www.bambootattoo.co.uk\/wp-content\/uploads\/2017\/12\/bamboo-rooms-06-600x9001.jpg\" class=\"w-grid-item-anchor\" aria-label=\"bamboo-rooms-06-600&#215;900[1]\"><\/a>\r\n\t\t\t\t\t\t<div class=\"w-post-elm post_image usg_post_image_1 stretched\"><img loading=\"lazy\" decoding=\"async\" width=\"350\" height=\"350\" src=\"https:\/\/www.bambootattoo.co.uk\/wp-content\/uploads\/2017\/12\/bamboo-rooms-06-600x9001-350x350.jpg\" class=\"attachment-us_350_350_crop size-us_350_350_crop\" alt=\"\" srcset=\"https:\/\/www.bambootattoo.co.uk\/wp-content\/uploads\/2017\/12\/bamboo-rooms-06-600x9001-350x350.jpg 350w, https:\/\/www.bambootattoo.co.uk\/wp-content\/uploads\/2017\/12\/bamboo-rooms-06-600x9001-150x150.jpg 150w\" sizes=\"auto, (max-width: 350px) 100vw, 350px\" \/><\/div>\t\t<\/div>\r\n\t\t\t<\/article>\r\n\t<article class=\"w-grid-item size_1x1 post-6359 attachment type-attachment status-inherit hentry\" data-id=\"6359\">\r\n\t\t<div class=\"w-grid-item-h\">\r\n\t\t\t\t\t\t\t<a ref=\"magnificPopupGrid\" href=\"https:\/\/www.bambootattoo.co.uk\/wp-content\/uploads\/2017\/12\/bamboo-rooms-07-600x9001.jpg\" class=\"w-grid-item-anchor\" aria-label=\"bamboo-rooms-07-600&#215;900[1]\"><\/a>\r\n\t\t\t\t\t\t<div class=\"w-post-elm post_image usg_post_image_1 stretched\"><img loading=\"lazy\" decoding=\"async\" width=\"350\" height=\"350\" src=\"https:\/\/www.bambootattoo.co.uk\/wp-content\/uploads\/2017\/12\/bamboo-rooms-07-600x9001-350x350.jpg\" class=\"attachment-us_350_350_crop size-us_350_350_crop\" alt=\"\" srcset=\"https:\/\/www.bambootattoo.co.uk\/wp-content\/uploads\/2017\/12\/bamboo-rooms-07-600x9001-350x350.jpg 350w, https:\/\/www.bambootattoo.co.uk\/wp-content\/uploads\/2017\/12\/bamboo-rooms-07-600x9001-150x150.jpg 150w\" sizes=\"auto, (max-width: 350px) 100vw, 350px\" \/><\/div>\t\t<\/div>\r\n\t\t\t<\/article>\r\n\t<article class=\"w-grid-item size_1x1 post-6362 attachment type-attachment status-inherit hentry\" data-id=\"6362\">\r\n\t\t<div class=\"w-grid-item-h\">\r\n\t\t\t\t\t\t\t<a ref=\"magnificPopupGrid\" href=\"https:\/\/www.bambootattoo.co.uk\/wp-content\/uploads\/2017\/12\/bamboo-rooms-08-600x9001.jpg\" class=\"w-grid-item-anchor\" aria-label=\"bamboo-rooms-08-600&#215;900[1]\"><\/a>\r\n\t\t\t\t\t\t<div class=\"w-post-elm post_image usg_post_image_1 stretched\"><img loading=\"lazy\" decoding=\"async\" width=\"350\" height=\"350\" src=\"https:\/\/www.bambootattoo.co.uk\/wp-content\/uploads\/2017\/12\/bamboo-rooms-08-600x9001-350x350.jpg\" class=\"attachment-us_350_350_crop size-us_350_350_crop\" alt=\"\" srcset=\"https:\/\/www.bambootattoo.co.uk\/wp-content\/uploads\/2017\/12\/bamboo-rooms-08-600x9001-350x350.jpg 350w, https:\/\/www.bambootattoo.co.uk\/wp-content\/uploads\/2017\/12\/bamboo-rooms-08-600x9001-150x150.jpg 150w\" sizes=\"auto, (max-width: 350px) 100vw, 350px\" \/><\/div>\t\t<\/div>\r\n\t\t\t<\/article>\r\n\t<article class=\"w-grid-item size_1x1 post-6365 attachment type-attachment status-inherit hentry\" data-id=\"6365\">\r\n\t\t<div class=\"w-grid-item-h\">\r\n\t\t\t\t\t\t\t<a ref=\"magnificPopupGrid\" href=\"https:\/\/www.bambootattoo.co.uk\/wp-content\/uploads\/2017\/12\/bamboo-rooms-11-600x9001.jpg\" class=\"w-grid-item-anchor\" aria-label=\"bamboo-rooms-11-600&#215;900[1]\"><\/a>\r\n\t\t\t\t\t\t<div class=\"w-post-elm post_image usg_post_image_1 stretched\"><img loading=\"lazy\" decoding=\"async\" width=\"350\" height=\"350\" src=\"https:\/\/www.bambootattoo.co.uk\/wp-content\/uploads\/2017\/12\/bamboo-rooms-11-600x9001-350x350.jpg\" class=\"attachment-us_350_350_crop size-us_350_350_crop\" alt=\"\" srcset=\"https:\/\/www.bambootattoo.co.uk\/wp-content\/uploads\/2017\/12\/bamboo-rooms-11-600x9001-350x350.jpg 350w, https:\/\/www.bambootattoo.co.uk\/wp-content\/uploads\/2017\/12\/bamboo-rooms-11-600x9001-150x150.jpg 150w\" sizes=\"auto, (max-width: 350px) 100vw, 350px\" \/><\/div>\t\t<\/div>\r\n\t\t\t<\/article>\r\n\t<article class=\"w-grid-item size_1x1 post-6368 attachment type-attachment status-inherit hentry\" data-id=\"6368\">\r\n\t\t<div class=\"w-grid-item-h\">\r\n\t\t\t\t\t\t\t<a ref=\"magnificPopupGrid\" href=\"https:\/\/www.bambootattoo.co.uk\/wp-content\/uploads\/2017\/12\/bamboo-rooms-10-600x9001.jpg\" class=\"w-grid-item-anchor\" aria-label=\"bamboo-rooms-10-600&#215;900[1]\"><\/a>\r\n\t\t\t\t\t\t<div class=\"w-post-elm post_image usg_post_image_1 stretched\"><img loading=\"lazy\" decoding=\"async\" width=\"350\" height=\"350\" src=\"https:\/\/www.bambootattoo.co.uk\/wp-content\/uploads\/2017\/12\/bamboo-rooms-10-600x9001-350x350.jpg\" class=\"attachment-us_350_350_crop size-us_350_350_crop\" alt=\"\" srcset=\"https:\/\/www.bambootattoo.co.uk\/wp-content\/uploads\/2017\/12\/bamboo-rooms-10-600x9001-350x350.jpg 350w, https:\/\/www.bambootattoo.co.uk\/wp-content\/uploads\/2017\/12\/bamboo-rooms-10-600x9001-150x150.jpg 150w\" sizes=\"auto, (max-width: 350px) 100vw, 350px\" \/><\/div>\t\t<\/div>\r\n\t\t\t<\/article>\r\n\t<article class=\"w-grid-item size_1x1 post-6371 attachment type-attachment status-inherit hentry\" data-id=\"6371\">\r\n\t\t<div class=\"w-grid-item-h\">\r\n\t\t\t\t\t\t\t<a ref=\"magnificPopupGrid\" href=\"https:\/\/www.bambootattoo.co.uk\/wp-content\/uploads\/2017\/12\/bamboo-rooms-12-600x7361.jpg\" class=\"w-grid-item-anchor\" aria-label=\"bamboo-rooms-12-600&#215;736[1]\"><\/a>\r\n\t\t\t\t\t\t<div class=\"w-post-elm post_image usg_post_image_1 stretched\"><img loading=\"lazy\" decoding=\"async\" width=\"350\" height=\"350\" src=\"https:\/\/www.bambootattoo.co.uk\/wp-content\/uploads\/2017\/12\/bamboo-rooms-12-600x7361-350x350.jpg\" class=\"attachment-us_350_350_crop size-us_350_350_crop\" alt=\"\" srcset=\"https:\/\/www.bambootattoo.co.uk\/wp-content\/uploads\/2017\/12\/bamboo-rooms-12-600x7361-350x350.jpg 350w, https:\/\/www.bambootattoo.co.uk\/wp-content\/uploads\/2017\/12\/bamboo-rooms-12-600x7361-150x150.jpg 150w\" sizes=\"auto, (max-width: 350px) 100vw, 350px\" \/><\/div>\t\t<\/div>\r\n\t\t\t<\/article>\r\n\t<article class=\"w-grid-item size_1x1 post-6374 attachment type-attachment status-inherit hentry\" data-id=\"6374\">\r\n\t\t<div class=\"w-grid-item-h\">\r\n\t\t\t\t\t\t\t<a ref=\"magnificPopupGrid\" href=\"https:\/\/www.bambootattoo.co.uk\/wp-content\/uploads\/2017\/12\/bamboo-rooms-09-600x9001.jpg\" class=\"w-grid-item-anchor\" aria-label=\"bamboo-rooms-09-600&#215;900[1]\"><\/a>\r\n\t\t\t\t\t\t<div class=\"w-post-elm post_image usg_post_image_1 stretched\"><img loading=\"lazy\" decoding=\"async\" width=\"350\" height=\"350\" src=\"https:\/\/www.bambootattoo.co.uk\/wp-content\/uploads\/2017\/12\/bamboo-rooms-09-600x9001-350x350.jpg\" class=\"attachment-us_350_350_crop size-us_350_350_crop\" alt=\"\" srcset=\"https:\/\/www.bambootattoo.co.uk\/wp-content\/uploads\/2017\/12\/bamboo-rooms-09-600x9001-350x350.jpg 350w, https:\/\/www.bambootattoo.co.uk\/wp-content\/uploads\/2017\/12\/bamboo-rooms-09-600x9001-150x150.jpg 150w\" sizes=\"auto, (max-width: 350px) 100vw, 350px\" \/><\/div>\t\t<\/div>\r\n\t\t\t<\/article>\r\n<\/div>\t<div class=\"w-grid-preloader\">\r\n\t\t<div class=\"g-preloader type_1\">\r\n\t\t\t<div><\/div>\r\n\t\t<\/div>\r\n\t<\/div>\r\n\t\t<div class=\"w-grid-json hidden\" onclick='return {&quot;action&quot;:&quot;us_ajax_grid&quot;,&quot;infinite_scroll&quot;:0,&quot;max_num_pages&quot;:1,&quot;pagination&quot;:&quot;none&quot;,&quot;template_vars&quot;:{&quot;columns&quot;:&quot;6&quot;,&quot;exclude_items&quot;:&quot;none&quot;,&quot;img_size&quot;:&quot;us_350_350_crop&quot;,&quot;ignore_items_size&quot;:0,&quot;items_layout&quot;:&quot;gallery_default&quot;,&quot;items_offset&quot;:&quot;1&quot;,&quot;load_animation&quot;:&quot;none&quot;,&quot;overriding_link&quot;:&quot;%7B%22type%22%3A%22popup_image%22%7D&quot;,&quot;post_id&quot;:0,&quot;query_args&quot;:{&quot;post_type&quot;:[&quot;attachment&quot;],&quot;post__in&quot;:[&quot;6154&quot;,&quot;6157&quot;,&quot;6160&quot;,&quot;6163&quot;,&quot;6166&quot;,&quot;6169&quot;,&quot;6172&quot;,&quot;6175&quot;,&quot;6178&quot;,&quot;6181&quot;,&quot;6184&quot;,&quot;6187&quot;],&quot;post_status&quot;:&quot;inherit&quot;,&quot;post_mime_type&quot;:&quot;image&quot;,&quot;posts_per_page&quot;:999},&quot;orderby_query_args&quot;:{&quot;orderby&quot;:{&quot;post__in&quot;:&quot;ASC&quot;},&quot;order&quot;:&quot;ASC&quot;},&quot;type&quot;:&quot;grid&quot;,&quot;us_grid_post_type&quot;:&quot;attachment&quot;,&quot;us_grid_ajax_index&quot;:1,&quot;us_grid_filter_query_string&quot;:null,&quot;us_grid_index&quot;:1,&quot;page_args&quot;:[],&quot;lang&quot;:&quot;de&quot;}}'><\/div>\r\n\t<\/div><\/div><\/div><\/div><\/div><\/div><\/section>\n","protected":false},"excerpt":{"rendered":"","protected":false},"author":4,"featured_media":0,"parent":0,"menu_order":0,"comment_status":"closed","ping_status":"closed","template":"","meta":{"_acf_changed":false,"footnotes":""},"class_list":["post-6383","page","type-page","status-publish","hentry"],"acf":[],"yoast_head":"<!-- This site is optimized with the Yoast SEO plugin v27.4 - https:\/\/yoast.com\/product\/yoast-seo-wordpress\/ -->\n<title>Keng - The Bamboo Rooms\u00ae - home of multiple award winning tattoo artist Keng<\/title>\n<meta name=\"robots\" content=\"index, follow, max-snippet:-1, max-image-preview:large, max-video-preview:-1\" \/>\n<link rel=\"canonical\" href=\"https:\/\/www.bambootattoo.co.uk\/de\/keng\/\" \/>\n<meta property=\"og:locale\" content=\"de_DE\" \/>\n<meta property=\"og:type\" content=\"article\" \/>\n<meta property=\"og:title\" content=\"Keng - The Bamboo Rooms\u00ae - home of multiple award winning tattoo artist Keng\" \/>\n<meta property=\"og:url\" content=\"https:\/\/www.bambootattoo.co.uk\/de\/keng\/\" \/>\n<meta property=\"og:site_name\" content=\"The Bamboo Rooms\u00ae - home of multiple award winning tattoo artist Keng\" \/>\n<meta property=\"article:publisher\" content=\"https:\/\/www.facebook.com\/thebamboorooms\/\" \/>\n<meta property=\"article:modified_time\" content=\"2021-01-15T10:35:42+00:00\" \/>\n<meta name=\"twitter:card\" content=\"summary_large_image\" \/>\n<meta name=\"twitter:site\" content=\"@TheBambooRooms1\" \/>\n<meta name=\"twitter:label1\" content=\"Gesch\u00e4tzte Lesezeit\" \/>\n\t<meta name=\"twitter:data1\" content=\"2\u00a0Minuten\" \/>\n<script type=\"application\/ld+json\" class=\"yoast-schema-graph\">{\"@context\":\"https:\\\/\\\/schema.org\",\"@graph\":[{\"@type\":\"WebPage\",\"@id\":\"https:\\\/\\\/www.bambootattoo.co.uk\\\/de\\\/keng\\\/\",\"url\":\"https:\\\/\\\/www.bambootattoo.co.uk\\\/de\\\/keng\\\/\",\"name\":\"Keng - The Bamboo Rooms\u00ae - home of multiple award winning tattoo artist Keng\",\"isPartOf\":{\"@id\":\"https:\\\/\\\/www.bambootattoo.co.uk\\\/de\\\/#website\"},\"datePublished\":\"2017-12-05T07:39:00+00:00\",\"dateModified\":\"2021-01-15T10:35:42+00:00\",\"breadcrumb\":{\"@id\":\"https:\\\/\\\/www.bambootattoo.co.uk\\\/de\\\/keng\\\/#breadcrumb\"},\"inLanguage\":\"de\",\"potentialAction\":[{\"@type\":\"ReadAction\",\"target\":[\"https:\\\/\\\/www.bambootattoo.co.uk\\\/de\\\/keng\\\/\"]}]},{\"@type\":\"BreadcrumbList\",\"@id\":\"https:\\\/\\\/www.bambootattoo.co.uk\\\/de\\\/keng\\\/#breadcrumb\",\"itemListElement\":[{\"@type\":\"ListItem\",\"position\":1,\"name\":\"Home\",\"item\":\"https:\\\/\\\/www.bambootattoo.co.uk\\\/de\\\/\"},{\"@type\":\"ListItem\",\"position\":2,\"name\":\"Keng\"}]},{\"@type\":\"WebSite\",\"@id\":\"https:\\\/\\\/www.bambootattoo.co.uk\\\/de\\\/#website\",\"url\":\"https:\\\/\\\/www.bambootattoo.co.uk\\\/de\\\/\",\"name\":\"The Bamboo Rooms\u00ae - home of multiple award winning tattoo artist Keng\",\"description\":\"in Otley - Leeds (UK) and Koh Samui (Thailand)\",\"publisher\":{\"@id\":\"https:\\\/\\\/www.bambootattoo.co.uk\\\/de\\\/#organization\"},\"potentialAction\":[{\"@type\":\"SearchAction\",\"target\":{\"@type\":\"EntryPoint\",\"urlTemplate\":\"https:\\\/\\\/www.bambootattoo.co.uk\\\/de\\\/?s={search_term_string}\"},\"query-input\":{\"@type\":\"PropertyValueSpecification\",\"valueRequired\":true,\"valueName\":\"search_term_string\"}}],\"inLanguage\":\"de\"},{\"@type\":\"Organization\",\"@id\":\"https:\\\/\\\/www.bambootattoo.co.uk\\\/de\\\/#organization\",\"name\":\"The Bamboo Rooms&reg;\",\"url\":\"https:\\\/\\\/www.bambootattoo.co.uk\\\/de\\\/\",\"logo\":{\"@type\":\"ImageObject\",\"inLanguage\":\"de\",\"@id\":\"https:\\\/\\\/www.bambootattoo.co.uk\\\/de\\\/#\\\/schema\\\/logo\\\/image\\\/\",\"url\":\"https:\\\/\\\/www.bambootattoo.co.uk\\\/wp-content\\\/uploads\\\/2017\\\/12\\\/bamboo-rooms-small1.png\",\"contentUrl\":\"https:\\\/\\\/www.bambootattoo.co.uk\\\/wp-content\\\/uploads\\\/2017\\\/12\\\/bamboo-rooms-small1.png\",\"width\":264,\"height\":200,\"caption\":\"The Bamboo Rooms&reg;\"},\"image\":{\"@id\":\"https:\\\/\\\/www.bambootattoo.co.uk\\\/de\\\/#\\\/schema\\\/logo\\\/image\\\/\"},\"sameAs\":[\"https:\\\/\\\/www.facebook.com\\\/thebamboorooms\\\/\",\"https:\\\/\\\/x.com\\\/TheBambooRooms1\"]}]}<\/script>\n<!-- \/ Yoast SEO plugin. -->","yoast_head_json":{"title":"Keng - The Bamboo Rooms\u00ae - home of multiple award winning tattoo artist Keng","robots":{"index":"index","follow":"follow","max-snippet":"max-snippet:-1","max-image-preview":"max-image-preview:large","max-video-preview":"max-video-preview:-1"},"canonical":"https:\/\/www.bambootattoo.co.uk\/de\/keng\/","og_locale":"de_DE","og_type":"article","og_title":"Keng - The Bamboo Rooms\u00ae - home of multiple award winning tattoo artist Keng","og_url":"https:\/\/www.bambootattoo.co.uk\/de\/keng\/","og_site_name":"The Bamboo Rooms\u00ae - home of multiple award winning tattoo artist Keng","article_publisher":"https:\/\/www.facebook.com\/thebamboorooms\/","article_modified_time":"2021-01-15T10:35:42+00:00","twitter_card":"summary_large_image","twitter_site":"@TheBambooRooms1","twitter_misc":{"Gesch\u00e4tzte Lesezeit":"2\u00a0Minuten"},"schema":{"@context":"https:\/\/schema.org","@graph":[{"@type":"WebPage","@id":"https:\/\/www.bambootattoo.co.uk\/de\/keng\/","url":"https:\/\/www.bambootattoo.co.uk\/de\/keng\/","name":"Keng - The Bamboo Rooms\u00ae - home of multiple award winning tattoo artist Keng","isPartOf":{"@id":"https:\/\/www.bambootattoo.co.uk\/de\/#website"},"datePublished":"2017-12-05T07:39:00+00:00","dateModified":"2021-01-15T10:35:42+00:00","breadcrumb":{"@id":"https:\/\/www.bambootattoo.co.uk\/de\/keng\/#breadcrumb"},"inLanguage":"de","potentialAction":[{"@type":"ReadAction","target":["https:\/\/www.bambootattoo.co.uk\/de\/keng\/"]}]},{"@type":"BreadcrumbList","@id":"https:\/\/www.bambootattoo.co.uk\/de\/keng\/#breadcrumb","itemListElement":[{"@type":"ListItem","position":1,"name":"Home","item":"https:\/\/www.bambootattoo.co.uk\/de\/"},{"@type":"ListItem","position":2,"name":"Keng"}]},{"@type":"WebSite","@id":"https:\/\/www.bambootattoo.co.uk\/de\/#website","url":"https:\/\/www.bambootattoo.co.uk\/de\/","name":"The Bamboo Rooms\u00ae - home of multiple award winning tattoo artist Keng","description":"in Otley - Leeds (UK) and Koh Samui (Thailand)","publisher":{"@id":"https:\/\/www.bambootattoo.co.uk\/de\/#organization"},"potentialAction":[{"@type":"SearchAction","target":{"@type":"EntryPoint","urlTemplate":"https:\/\/www.bambootattoo.co.uk\/de\/?s={search_term_string}"},"query-input":{"@type":"PropertyValueSpecification","valueRequired":true,"valueName":"search_term_string"}}],"inLanguage":"de"},{"@type":"Organization","@id":"https:\/\/www.bambootattoo.co.uk\/de\/#organization","name":"The Bamboo Rooms&reg;","url":"https:\/\/www.bambootattoo.co.uk\/de\/","logo":{"@type":"ImageObject","inLanguage":"de","@id":"https:\/\/www.bambootattoo.co.uk\/de\/#\/schema\/logo\/image\/","url":"https:\/\/www.bambootattoo.co.uk\/wp-content\/uploads\/2017\/12\/bamboo-rooms-small1.png","contentUrl":"https:\/\/www.bambootattoo.co.uk\/wp-content\/uploads\/2017\/12\/bamboo-rooms-small1.png","width":264,"height":200,"caption":"The Bamboo Rooms&reg;"},"image":{"@id":"https:\/\/www.bambootattoo.co.uk\/de\/#\/schema\/logo\/image\/"},"sameAs":["https:\/\/www.facebook.com\/thebamboorooms\/","https:\/\/x.com\/TheBambooRooms1"]}]}},"_links":{"self":[{"href":"https:\/\/www.bambootattoo.co.uk\/de\/wp-json\/wp\/v2\/pages\/6383","targetHints":{"allow":["GET"]}}],"collection":[{"href":"https:\/\/www.bambootattoo.co.uk\/de\/wp-json\/wp\/v2\/pages"}],"about":[{"href":"https:\/\/www.bambootattoo.co.uk\/de\/wp-json\/wp\/v2\/types\/page"}],"author":[{"embeddable":true,"href":"https:\/\/www.bambootattoo.co.uk\/de\/wp-json\/wp\/v2\/users\/4"}],"replies":[{"embeddable":true,"href":"https:\/\/www.bambootattoo.co.uk\/de\/wp-json\/wp\/v2\/comments?post=6383"}],"version-history":[{"count":0,"href":"https:\/\/www.bambootattoo.co.uk\/de\/wp-json\/wp\/v2\/pages\/6383\/revisions"}],"wp:attachment":[{"href":"https:\/\/www.bambootattoo.co.uk\/de\/wp-json\/wp\/v2\/media?parent=6383"}],"curies":[{"name":"wp","href":"https:\/\/api.w.org\/{rel}","templated":true}]}}