{"id":6429,"date":"2017-12-05T08:00:54","date_gmt":"2017-12-05T08:00:54","guid":{"rendered":"http:\/\/newversion.bambootattoo.co.uk\/beratung\/"},"modified":"2023-10-13T06:38:08","modified_gmt":"2023-10-12T23:38:08","slug":"beratung","status":"publish","type":"page","link":"https:\/\/www.bambootattoo.co.uk\/de\/beratung\/","title":{"rendered":"Beratung"},"content":{"rendered":"<section class=\"l-section wpb_row height_medium\"><div class=\"l-section-h i-cf\"><div class=\"g-cols vc_row via_flex valign_top type_default stacking_default\"><div class=\"vc_col-sm-12 wpb_column vc_column_container\"><div class=\"vc_column-inner\"><div class=\"wpb_wrapper\"><div class=\"wpb_text_column\"><div class=\"wpb_wrapper\"><h1 style=\"text-align: center;\">Beratung<\/h1>\n<\/div><\/div><\/div><\/div><\/div><\/div><\/div><\/section><section class=\"l-section wpb_row height_small\"><div class=\"l-section-h i-cf\"><div class=\"g-cols vc_row via_flex valign_top type_default stacking_default\"><div class=\"vc_col-sm-12 wpb_column vc_column_container\"><div class=\"vc_column-inner\"><div class=\"wpb_wrapper\"><div class=\"wpb_text_column\"><div class=\"wpb_wrapper\"><p>Wir entwerfen alle unsere eigenen Arbeiten \u2013 die wir nie duplizieren \u2013 so dass jeder Kunde von uns ein originelles Kunstwerk hat. Deshalb buchen wir dich zun\u00e4chst f\u00fcr eine Zeichenberatung ein. Wir zeichnen kostenlos, aber nehmen eine Anzahlung von \u00a3 20 zum Zeitpunkt der Buchung. Wir geben dir das Geld zur\u00fcck, wenn du zu deinem Termin erscheinst. Dies stellt nur sicher, dass wir ausschlie\u00dflich echte Buchungen vornehmen. Wir m\u00f6chten, dass du zu uns ins Studio kommst, um uns zu treffen, aber wir nehmen deine Buchung auch gerne telefonisch entgegen.<\/p>\n<p>Bei der Zeichenberatung arbeitest du ca. eine Stunde mit dem K\u00fcnstler zusammen und wir zeichnen was du dir w\u00fcnschst. Wenn du Bilder mit Ideen und Stilen hast, die dir gefallen, dann ist das gro\u00dfartig. Wenn nicht, dann mach dir keine Sorgen, unsere K\u00fcnstler k\u00f6nnen wirklich alles zeichnen. Du sitzt w\u00e4hrend des gesamten Prozesses mit dem K\u00fcnstler zusammen, so dass du sagen kannst, was dir gef\u00e4llt und was nicht und wir schnell das perfekte Bild f\u00fcr dich entwerfen k\u00f6nnen. Sobald wir dieses Bild haben, geben wir dir einen Preis und eine Sch\u00e4tzung wie lange es dauert. Wenn du zufrieden bist, buchen wir dich f\u00fcr dein Tattoo ein. Sobald wir mit der T\u00e4towierung fertig sind, werden alle Kunstwerke dir \u00fcbergeben \u2013 wir werden diese niemals kopieren und wieder verwenden.<\/p>\n<p>Wir bewerten den Preis unserer Arbeit nach dem Bild, unerheblich wie lange es dauert. Dies ist f\u00fcr den Kunden besser, da du einen festen Preis bekommst anstatt einer groben Sch\u00e4tzung. Wenn du bereits ein Foto\/Bild hast, k\u00f6nnen wir auch das benutzen. In diesem Fall ben\u00f6tigst du keine Zeichenberatung, sondern du bringst das Bild einfach mit und wir geben dir einen Preisvorschlag.<\/p>\n<p>Alle Anzahlungen sind ohne vorherige (72 Stunden) Benachrichtigung nicht r\u00fcckerstattbar. Die Anzahlung f\u00fcr eine Zeichnung ist r\u00fcckerstattbar wenn wir das Tattoo nicht zu deiner Zufriedenheit gestalten k\u00f6nnen.<\/p>\n<\/div><\/div><\/div><\/div><\/div><\/div><\/div><\/section>\n","protected":false},"excerpt":{"rendered":"Beratung Wir entwerfen alle unsere eigenen Arbeiten \u2013 die wir nie duplizieren \u2013 so dass jeder Kunde von uns ein originelles Kunstwerk hat. Deshalb buchen wir dich zun\u00e4chst f\u00fcr eine Zeichenberatung ein. Wir zeichnen kostenlos, aber nehmen eine Anzahlung von \u00a3 20 zum Zeitpunkt der Buchung. Wir geben dir das Geld zur\u00fcck, wenn du zu...","protected":false},"author":4,"featured_media":0,"parent":0,"menu_order":0,"comment_status":"closed","ping_status":"closed","template":"","meta":{"_acf_changed":false,"footnotes":""},"class_list":["post-6429","page","type-page","status-publish","hentry"],"acf":[],"yoast_head":"<!-- This site is optimized with the Yoast SEO plugin v27.5 - https:\/\/yoast.com\/product\/yoast-seo-wordpress\/ -->\n<title>Beratung - The Bamboo Rooms\u00ae - home of multiple award winning tattoo artist Keng<\/title>\n<meta name=\"robots\" content=\"index, follow, max-snippet:-1, max-image-preview:large, max-video-preview:-1\" \/>\n<link rel=\"canonical\" href=\"https:\/\/www.bambootattoo.co.uk\/de\/beratung\/\" \/>\n<meta property=\"og:locale\" content=\"de_DE\" \/>\n<meta property=\"og:type\" content=\"article\" \/>\n<meta property=\"og:title\" content=\"Beratung - The Bamboo Rooms\u00ae - home of multiple award winning tattoo artist Keng\" \/>\n<meta property=\"og:url\" content=\"https:\/\/www.bambootattoo.co.uk\/de\/beratung\/\" \/>\n<meta property=\"og:site_name\" content=\"The Bamboo Rooms\u00ae - home of multiple award winning tattoo artist Keng\" \/>\n<meta property=\"article:publisher\" content=\"https:\/\/www.facebook.com\/thebamboorooms\/\" \/>\n<meta property=\"article:modified_time\" content=\"2023-10-12T23:38:08+00:00\" \/>\n<meta name=\"twitter:card\" content=\"summary_large_image\" \/>\n<meta name=\"twitter:site\" content=\"@TheBambooRooms1\" \/>\n<meta name=\"twitter:label1\" content=\"Gesch\u00e4tzte Lesezeit\" \/>\n\t<meta name=\"twitter:data1\" content=\"2\u00a0Minuten\" \/>\n<script type=\"application\/ld+json\" class=\"yoast-schema-graph\">{\"@context\":\"https:\\\/\\\/schema.org\",\"@graph\":[{\"@type\":\"WebPage\",\"@id\":\"https:\\\/\\\/www.bambootattoo.co.uk\\\/de\\\/beratung\\\/\",\"url\":\"https:\\\/\\\/www.bambootattoo.co.uk\\\/de\\\/beratung\\\/\",\"name\":\"Beratung - The Bamboo Rooms\u00ae - home of multiple award winning tattoo artist Keng\",\"isPartOf\":{\"@id\":\"https:\\\/\\\/www.bambootattoo.co.uk\\\/de\\\/#website\"},\"datePublished\":\"2017-12-05T08:00:54+00:00\",\"dateModified\":\"2023-10-12T23:38:08+00:00\",\"breadcrumb\":{\"@id\":\"https:\\\/\\\/www.bambootattoo.co.uk\\\/de\\\/beratung\\\/#breadcrumb\"},\"inLanguage\":\"de\",\"potentialAction\":[{\"@type\":\"ReadAction\",\"target\":[\"https:\\\/\\\/www.bambootattoo.co.uk\\\/de\\\/beratung\\\/\"]}]},{\"@type\":\"BreadcrumbList\",\"@id\":\"https:\\\/\\\/www.bambootattoo.co.uk\\\/de\\\/beratung\\\/#breadcrumb\",\"itemListElement\":[{\"@type\":\"ListItem\",\"position\":1,\"name\":\"Home\",\"item\":\"https:\\\/\\\/www.bambootattoo.co.uk\\\/de\\\/\"},{\"@type\":\"ListItem\",\"position\":2,\"name\":\"Beratung\"}]},{\"@type\":\"WebSite\",\"@id\":\"https:\\\/\\\/www.bambootattoo.co.uk\\\/de\\\/#website\",\"url\":\"https:\\\/\\\/www.bambootattoo.co.uk\\\/de\\\/\",\"name\":\"The Bamboo Rooms\u00ae - home of multiple award winning tattoo artist Keng\",\"description\":\"in Otley - Leeds (UK) and Koh Samui (Thailand)\",\"publisher\":{\"@id\":\"https:\\\/\\\/www.bambootattoo.co.uk\\\/de\\\/#organization\"},\"potentialAction\":[{\"@type\":\"SearchAction\",\"target\":{\"@type\":\"EntryPoint\",\"urlTemplate\":\"https:\\\/\\\/www.bambootattoo.co.uk\\\/de\\\/?s={search_term_string}\"},\"query-input\":{\"@type\":\"PropertyValueSpecification\",\"valueRequired\":true,\"valueName\":\"search_term_string\"}}],\"inLanguage\":\"de\"},{\"@type\":\"Organization\",\"@id\":\"https:\\\/\\\/www.bambootattoo.co.uk\\\/de\\\/#organization\",\"name\":\"The Bamboo Rooms&reg;\",\"url\":\"https:\\\/\\\/www.bambootattoo.co.uk\\\/de\\\/\",\"logo\":{\"@type\":\"ImageObject\",\"inLanguage\":\"de\",\"@id\":\"https:\\\/\\\/www.bambootattoo.co.uk\\\/de\\\/#\\\/schema\\\/logo\\\/image\\\/\",\"url\":\"https:\\\/\\\/www.bambootattoo.co.uk\\\/wp-content\\\/uploads\\\/2017\\\/12\\\/bamboo-rooms-small1.png\",\"contentUrl\":\"https:\\\/\\\/www.bambootattoo.co.uk\\\/wp-content\\\/uploads\\\/2017\\\/12\\\/bamboo-rooms-small1.png\",\"width\":264,\"height\":200,\"caption\":\"The Bamboo Rooms&reg;\"},\"image\":{\"@id\":\"https:\\\/\\\/www.bambootattoo.co.uk\\\/de\\\/#\\\/schema\\\/logo\\\/image\\\/\"},\"sameAs\":[\"https:\\\/\\\/www.facebook.com\\\/thebamboorooms\\\/\",\"https:\\\/\\\/x.com\\\/TheBambooRooms1\"]}]}<\/script>\n<!-- \/ Yoast SEO plugin. -->","yoast_head_json":{"title":"Beratung - The Bamboo Rooms\u00ae - home of multiple award winning tattoo artist Keng","robots":{"index":"index","follow":"follow","max-snippet":"max-snippet:-1","max-image-preview":"max-image-preview:large","max-video-preview":"max-video-preview:-1"},"canonical":"https:\/\/www.bambootattoo.co.uk\/de\/beratung\/","og_locale":"de_DE","og_type":"article","og_title":"Beratung - The Bamboo Rooms\u00ae - home of multiple award winning tattoo artist Keng","og_url":"https:\/\/www.bambootattoo.co.uk\/de\/beratung\/","og_site_name":"The Bamboo Rooms\u00ae - home of multiple award winning tattoo artist Keng","article_publisher":"https:\/\/www.facebook.com\/thebamboorooms\/","article_modified_time":"2023-10-12T23:38:08+00:00","twitter_card":"summary_large_image","twitter_site":"@TheBambooRooms1","twitter_misc":{"Gesch\u00e4tzte Lesezeit":"2\u00a0Minuten"},"schema":{"@context":"https:\/\/schema.org","@graph":[{"@type":"WebPage","@id":"https:\/\/www.bambootattoo.co.uk\/de\/beratung\/","url":"https:\/\/www.bambootattoo.co.uk\/de\/beratung\/","name":"Beratung - The Bamboo Rooms\u00ae - home of multiple award winning tattoo artist Keng","isPartOf":{"@id":"https:\/\/www.bambootattoo.co.uk\/de\/#website"},"datePublished":"2017-12-05T08:00:54+00:00","dateModified":"2023-10-12T23:38:08+00:00","breadcrumb":{"@id":"https:\/\/www.bambootattoo.co.uk\/de\/beratung\/#breadcrumb"},"inLanguage":"de","potentialAction":[{"@type":"ReadAction","target":["https:\/\/www.bambootattoo.co.uk\/de\/beratung\/"]}]},{"@type":"BreadcrumbList","@id":"https:\/\/www.bambootattoo.co.uk\/de\/beratung\/#breadcrumb","itemListElement":[{"@type":"ListItem","position":1,"name":"Home","item":"https:\/\/www.bambootattoo.co.uk\/de\/"},{"@type":"ListItem","position":2,"name":"Beratung"}]},{"@type":"WebSite","@id":"https:\/\/www.bambootattoo.co.uk\/de\/#website","url":"https:\/\/www.bambootattoo.co.uk\/de\/","name":"The Bamboo Rooms\u00ae - home of multiple award winning tattoo artist Keng","description":"in Otley - Leeds (UK) and Koh Samui (Thailand)","publisher":{"@id":"https:\/\/www.bambootattoo.co.uk\/de\/#organization"},"potentialAction":[{"@type":"SearchAction","target":{"@type":"EntryPoint","urlTemplate":"https:\/\/www.bambootattoo.co.uk\/de\/?s={search_term_string}"},"query-input":{"@type":"PropertyValueSpecification","valueRequired":true,"valueName":"search_term_string"}}],"inLanguage":"de"},{"@type":"Organization","@id":"https:\/\/www.bambootattoo.co.uk\/de\/#organization","name":"The Bamboo Rooms&reg;","url":"https:\/\/www.bambootattoo.co.uk\/de\/","logo":{"@type":"ImageObject","inLanguage":"de","@id":"https:\/\/www.bambootattoo.co.uk\/de\/#\/schema\/logo\/image\/","url":"https:\/\/www.bambootattoo.co.uk\/wp-content\/uploads\/2017\/12\/bamboo-rooms-small1.png","contentUrl":"https:\/\/www.bambootattoo.co.uk\/wp-content\/uploads\/2017\/12\/bamboo-rooms-small1.png","width":264,"height":200,"caption":"The Bamboo Rooms&reg;"},"image":{"@id":"https:\/\/www.bambootattoo.co.uk\/de\/#\/schema\/logo\/image\/"},"sameAs":["https:\/\/www.facebook.com\/thebamboorooms\/","https:\/\/x.com\/TheBambooRooms1"]}]}},"_links":{"self":[{"href":"https:\/\/www.bambootattoo.co.uk\/de\/wp-json\/wp\/v2\/pages\/6429","targetHints":{"allow":["GET"]}}],"collection":[{"href":"https:\/\/www.bambootattoo.co.uk\/de\/wp-json\/wp\/v2\/pages"}],"about":[{"href":"https:\/\/www.bambootattoo.co.uk\/de\/wp-json\/wp\/v2\/types\/page"}],"author":[{"embeddable":true,"href":"https:\/\/www.bambootattoo.co.uk\/de\/wp-json\/wp\/v2\/users\/4"}],"replies":[{"embeddable":true,"href":"https:\/\/www.bambootattoo.co.uk\/de\/wp-json\/wp\/v2\/comments?post=6429"}],"version-history":[{"count":1,"href":"https:\/\/www.bambootattoo.co.uk\/de\/wp-json\/wp\/v2\/pages\/6429\/revisions"}],"predecessor-version":[{"id":15455,"href":"https:\/\/www.bambootattoo.co.uk\/de\/wp-json\/wp\/v2\/pages\/6429\/revisions\/15455"}],"wp:attachment":[{"href":"https:\/\/www.bambootattoo.co.uk\/de\/wp-json\/wp\/v2\/media?parent=6429"}],"curies":[{"name":"wp","href":"https:\/\/api.w.org\/{rel}","templated":true}]}}