{"id":14132,"date":"2021-11-11T05:29:20","date_gmt":"2021-11-10T22:29:20","guid":{"rendered":"https:\/\/www.bambootattoo.co.uk\/foire-aux-questions\/"},"modified":"2024-11-26T10:43:58","modified_gmt":"2024-11-26T03:43:58","slug":"foire-aux-questions","status":"publish","type":"page","link":"https:\/\/www.bambootattoo.co.uk\/fr\/foire-aux-questions\/","title":{"rendered":"Foire aux questions"},"content":{"rendered":"<section class=\"l-section wpb_row height_medium\"><div class=\"l-section-h i-cf\"><div class=\"g-cols vc_row via_flex valign_top type_default stacking_default\"><div class=\"vc_col-sm-12 wpb_column vc_column_container\"><div class=\"vc_column-inner\"><div class=\"wpb_wrapper\">[vc_custom_heading text=\u00a0\u00bbQuick FAQ&rsquo;s\u00a0\u00bb font_container=\u00a0\u00bbtag:h3|text_align:center|color:%23ffffff\u00a0\u00bb use_theme_fonts=\u00a0\u00bbyes\u00a0\u00bb]<div class=\"w-separator size_medium\"><\/div><div class=\"w-tabs style_default switch_click accordion\" style=\"--sections-title-size:inherit\"><div class=\"w-tabs-sections titles-align_none icon_chevron cpos_right\"><div class=\"w-tabs-section\" id=\"l6d2\" itemscope itemprop=\"mainEntity\" itemtype=\"https:\/\/schema.org\/Question\"><button class=\"w-tabs-section-header\" aria-controls=\"content-l6d2\" aria-expanded=\"false\"><div class=\"w-tabs-section-title\" itemprop=\"name\">1. Les tatouages au bambou font-ils plus ou moins mal que ceux faits \u00e0 la machine?<\/div><div class=\"w-tabs-section-control\"><\/div><\/button><div  class=\"w-tabs-section-content\" id=\"content-l6d2\" itemscope itemprop=\"acceptedAnswer\" itemtype=\"https:\/\/schema.org\/Answer\"><div class=\"w-tabs-section-content-h i-cf\" itemprop=\"text\"><div class=\"wpb_text_column\"><div class=\"wpb_wrapper\"><p>Ils font environ 90% moins mal que les tatouages courants faits \u00e0 la machine.<br \/>\nCela signifie que nous pouvons faire des s\u00e9ances plus longues et terminer la plupart des tatouages en une seule fois.<\/p>\n<\/div><\/div><\/div><\/div><\/div><div class=\"w-tabs-section\" id=\"b937\" itemscope itemprop=\"mainEntity\" itemtype=\"https:\/\/schema.org\/Question\"><button class=\"w-tabs-section-header\" aria-controls=\"content-b937\" aria-expanded=\"false\"><div class=\"w-tabs-section-title\" itemprop=\"name\">2. Quelle est la proc\u00e9dure post tatouage \u00e0 suivre?<\/div><div class=\"w-tabs-section-control\"><\/div><\/button><div  class=\"w-tabs-section-content\" id=\"content-b937\" itemscope itemprop=\"acceptedAnswer\" itemtype=\"https:\/\/schema.org\/Answer\"><div class=\"w-tabs-section-content-h i-cf\" itemprop=\"text\"><div class=\"wpb_text_column\"><div class=\"wpb_wrapper\"><ul>\n<li>Ne couvrez pas le tatouage avec du film cellophane.<\/li>\n<li>Laver comme d&rsquo;habitude en utilisant un savon doux. La baignade est pr\u00e9f\u00e9rable le lendemain.<\/li>\n<li>Les bains de soleil naturels sont autoris\u00e9s, mais n\u2019utilisez pas de chaises longues pendant deux semaines.<\/li>\n<li>Veuillez \u00e9viter la salle de sport pendant 72 heures.<\/li>\n<li>Aucun gommage corporel ou massage sur le tatouage pendant deux semaines. Pas de probl\u00e8me pour le reste du corps, il vous suffit d&rsquo;\u00e9viter la zone tatou\u00e9e.<\/li>\n<li>\u00c9vitez les cr\u00e8mes et les lotions sur le tatouage pendant 72 heures car elles peuvent parfois provoquer des irritations. Une fine couche d&rsquo;huile pour b\u00e9b\u00e9 convient si la peau est s\u00e8che. N&rsquo;utilisez pas d&rsquo;huile pour b\u00e9b\u00e9 avec des essences ajout\u00e9es tels que lavande ou aloe vera.<\/li>\n<li>Ne grattez pas le tatouage s\u2019il vous d\u00e9mange. Vous pouvez le frotter doucement si vous en avez besoin.<\/li>\n<li>Pour les tatouages faciaux, veuillez ne pas utiliser de Botox, de produits de remplissage ou tout autre produit du m\u00eame type pendant 1 moi.<\/li>\n<\/ul>\n<\/div><\/div><\/div><\/div><\/div><div class=\"w-tabs-section\" id=\"eac9\" itemscope itemprop=\"mainEntity\" itemtype=\"https:\/\/schema.org\/Question\"><button class=\"w-tabs-section-header\" aria-controls=\"content-eac9\" aria-expanded=\"false\"><div class=\"w-tabs-section-title\" itemprop=\"name\">3. Quoi ! Pas besoin de film cellophane et de cr\u00e8mes de soin?<\/div><div class=\"w-tabs-section-control\"><\/div><\/button><div  class=\"w-tabs-section-content\" id=\"content-eac9\" itemscope itemprop=\"acceptedAnswer\" itemtype=\"https:\/\/schema.org\/Answer\"><div class=\"w-tabs-section-content-h i-cf\" itemprop=\"text\"><div class=\"wpb_text_column\"><div class=\"wpb_wrapper\"><p>Non. Rien du tout. Vous pouvez litt\u00e9ralement vous lever, sortir et montrer votre nouvelle oeuvre d&rsquo;art.<\/p>\n<\/div><\/div><\/div><\/div><\/div><div class=\"w-tabs-section\" id=\"lc9a\" itemscope itemprop=\"mainEntity\" itemtype=\"https:\/\/schema.org\/Question\"><button class=\"w-tabs-section-header\" aria-controls=\"content-lc9a\" aria-expanded=\"false\"><div class=\"w-tabs-section-title\" itemprop=\"name\">4. Est-ce que les tatouages au bambou perdent de leur \u00e9clat?<\/div><div class=\"w-tabs-section-control\"><\/div><\/button><div  class=\"w-tabs-section-content\" id=\"content-lc9a\" itemscope itemprop=\"acceptedAnswer\" itemtype=\"https:\/\/schema.org\/Answer\"><div class=\"w-tabs-section-content-h i-cf\" itemprop=\"text\"><div class=\"wpb_text_column\"><div class=\"wpb_wrapper\"><p>Non. Ils gardent tr\u00e8s bien leurs couleurs et ce bien mieux que les tatouages faits \u00e0 la machine car l&rsquo;encre n&rsquo;a pas \u00e9t\u00e9 dilu\u00e9e avec votre sang tout au long de la proc\u00e9dure.<\/p>\n<\/div><\/div><\/div><\/div><\/div><div class=\"w-tabs-section\" id=\"yd99\" itemscope itemprop=\"mainEntity\" itemtype=\"https:\/\/schema.org\/Question\"><button class=\"w-tabs-section-header\" aria-controls=\"content-yd99\" aria-expanded=\"false\"><div class=\"w-tabs-section-title\" itemprop=\"name\">5. Pouvez-vous faire des tatouages couleurs?<\/div><div class=\"w-tabs-section-control\"><\/div><\/button><div  class=\"w-tabs-section-content\" id=\"content-yd99\" itemscope itemprop=\"acceptedAnswer\" itemtype=\"https:\/\/schema.org\/Answer\"><div class=\"w-tabs-section-content-h i-cf\" itemprop=\"text\"><div class=\"wpb_text_column\"><div class=\"wpb_wrapper\"><p>Oui. Tout comme pour les tatouages faits \u00e0 la machine, nous pouvons ajouter toutes les couleurs que vous souhaitez. Nous avons une vaste s\u00e9lection de plus de 100 encres v\u00e9g\u00e9tales.<\/p>\n<\/div><\/div><\/div><\/div><\/div><div class=\"w-tabs-section\" id=\"pe6e\" itemscope itemprop=\"mainEntity\" itemtype=\"https:\/\/schema.org\/Question\"><button class=\"w-tabs-section-header\" aria-controls=\"content-pe6e\" aria-expanded=\"false\"><div class=\"w-tabs-section-title\" itemprop=\"name\">6. Pouvez-vous recouvrir des tatouages?<\/div><div class=\"w-tabs-section-control\"><\/div><\/button><div  class=\"w-tabs-section-content\" id=\"content-pe6e\" itemscope itemprop=\"acceptedAnswer\" itemtype=\"https:\/\/schema.org\/Answer\"><div class=\"w-tabs-section-content-h i-cf\" itemprop=\"text\"><div class=\"wpb_text_column\"><div class=\"wpb_wrapper\"><p>Absolument. La m\u00e9thode du bambou est id\u00e9ale pour les dissimulations. \u00c9tant donn\u00e9 que la couleur est souvent plus forte et plus brillante, nous pouvons recouvrir tous les tatouages et assez souvent avec de la couleur si vous le souhaitez.<\/p>\n<\/div><\/div><\/div><\/div><\/div><div class=\"w-tabs-section\" id=\"hf44\" itemscope itemprop=\"mainEntity\" itemtype=\"https:\/\/schema.org\/Question\"><button class=\"w-tabs-section-header\" aria-controls=\"content-hf44\" aria-expanded=\"false\"><div class=\"w-tabs-section-title\" itemprop=\"name\">7. Prennent-ils plus de temps \u00e0 faire que les tatouages \u00e0 la machine?<\/div><div class=\"w-tabs-section-control\"><\/div><\/button><div  class=\"w-tabs-section-content\" id=\"content-hf44\" itemscope itemprop=\"acceptedAnswer\" itemtype=\"https:\/\/schema.org\/Answer\"><div class=\"w-tabs-section-content-h i-cf\" itemprop=\"text\"><div class=\"wpb_text_column\"><div class=\"wpb_wrapper\"><p>Non. Keng a plus de 25 ans d&rsquo;exp\u00e9rience et est extr\u00eamement rapide. Apr\u00e8s tout, il tatoue utilisant cette technique presque toute la journ\u00e9e, et ce tous les jours.<\/p>\n<\/div><\/div><\/div><\/div><\/div><div class=\"w-tabs-section\" id=\"e007\" itemscope itemprop=\"mainEntity\" itemtype=\"https:\/\/schema.org\/Question\"><button class=\"w-tabs-section-header\" aria-controls=\"content-e007\" aria-expanded=\"false\"><div class=\"w-tabs-section-title\" itemprop=\"name\">8. Faites-vous des cr\u00e9ations personnalis\u00e9es?<\/div><div class=\"w-tabs-section-control\"><\/div><\/button><div  class=\"w-tabs-section-content\" id=\"content-e007\" itemscope itemprop=\"acceptedAnswer\" itemtype=\"https:\/\/schema.org\/Answer\"><div class=\"w-tabs-section-content-h i-cf\" itemprop=\"text\"><div class=\"wpb_text_column\"><div class=\"wpb_wrapper\"><p>Oui. Nous pouvons travailler avec vous pour concevoir le tatouage de votre choix, original et sur mesure, et nous le dessinerons m\u00eame gratuitement.<\/p>\n<\/div><\/div><\/div><\/div><\/div><div class=\"w-tabs-section\" id=\"m189\" itemscope itemprop=\"mainEntity\" itemtype=\"https:\/\/schema.org\/Question\"><button class=\"w-tabs-section-header\" aria-controls=\"content-m189\" aria-expanded=\"false\"><div class=\"w-tabs-section-title\" itemprop=\"name\">9. Quels sont les tarifs pour les tatouages ?<\/div><div class=\"w-tabs-section-control\"><\/div><\/button><div  class=\"w-tabs-section-content\" id=\"content-m189\" itemscope itemprop=\"acceptedAnswer\" itemtype=\"https:\/\/schema.org\/Answer\"><div class=\"w-tabs-section-content-h i-cf\" itemprop=\"text\"><div class=\"wpb_text_column\"><div class=\"wpb_wrapper\"><p>Nous pr\u00e9f\u00e9rons proposer un prix fixe par design afin qu&rsquo;il n&rsquo;y ait pas de surprises. Pour vous donner une id\u00e9e g\u00e9n\u00e9rale, nos tarifs standards sont les suivants :<\/p>\n<p><strong>\u00c0 Otley, Leeds (Royaume-Uni) :<\/strong><\/p>\n<ul>\n<li>Minimum : \u00a350<\/li>\n<li>Par heure : \u00a385<\/li>\n<li>Tarif journ\u00e9e compl\u00e8te : \u00a3525<\/li>\n<li>Sak Yant sur mesure<\/li>\n<li>B\u00e9n\u00e9diction bouddhiste compl\u00e8te optionnelle : \u00a350 (donn\u00e9e \u00e0 l\u2019\u0153uvre caritative Terri\u2019s Happy Hounds \u00e0 Koh Samui)<\/li>\n<li>Les ch\u00e8ques-cadeaux sont disponibles toute l&rsquo;ann\u00e9e. Pri\u00e8re d\u2019envoyer un message pour plus d&rsquo;informations<\/li>\n<\/ul>\n<p><strong>\u00c0 Koh Samui :<\/strong><\/p>\n<ul>\n<li>Par heure : 3000 baht<\/li>\n<li>Sak Yant sur mesure<\/li>\n<li>Visite du temple et b\u00e9n\u00e9diction 1000 bath, (partag\u00e9e entre le temple et l&rsquo;\u0153uvre caritative, Terri\u2019s Happy Hounds\u00e0 Koh Samui)<\/li>\n<li>Les ch\u00e8ques-cadeaux sont disponibles toute l&rsquo;ann\u00e9e. Pri\u00e8re d\u2019envoyer un message pour plus d&rsquo;informations<\/li>\n<\/ul>\n<\/div><\/div><\/div><\/div><\/div><div class=\"w-tabs-section\" id=\"a24a\" itemscope itemprop=\"mainEntity\" itemtype=\"https:\/\/schema.org\/Question\"><button class=\"w-tabs-section-header\" aria-controls=\"content-a24a\" aria-expanded=\"false\"><div class=\"w-tabs-section-title\" itemprop=\"name\">10. Les consultations sont-elles gratuites ?<\/div><div class=\"w-tabs-section-control\"><\/div><\/button><div  class=\"w-tabs-section-content\" id=\"content-a24a\" itemscope itemprop=\"acceptedAnswer\" itemtype=\"https:\/\/schema.org\/Answer\"><div class=\"w-tabs-section-content-h i-cf\" itemprop=\"text\"><div class=\"wpb_text_column\"><div class=\"wpb_wrapper\"><p>Oui, les consultations sont gratuites. Cependant, si vous souhaitez prendre une photo de votre design sans r\u00e9server de rendez-vous pour un tatouage, des frais de \u00a325 seront appliqu\u00e9s. Ces frais seront d\u00e9duits du co\u00fbt de votre tatouage si vous r\u00e9servez \u00e0 une date ult\u00e9rieure.<\/p>\n<\/div><\/div><\/div><\/div><\/div><div class=\"w-tabs-section\" id=\"w304\" itemscope itemprop=\"mainEntity\" itemtype=\"https:\/\/schema.org\/Question\"><button class=\"w-tabs-section-header\" aria-controls=\"content-w304\" aria-expanded=\"false\"><div class=\"w-tabs-section-title\" itemprop=\"name\">11. Proposez-vous des consultations en ligne ?<\/div><div class=\"w-tabs-section-control\"><\/div><\/button><div  class=\"w-tabs-section-content\" id=\"content-w304\" itemscope itemprop=\"acceptedAnswer\" itemtype=\"https:\/\/schema.org\/Answer\"><div class=\"w-tabs-section-content-h i-cf\" itemprop=\"text\"><div class=\"wpb_text_column\"><div class=\"wpb_wrapper\"><p>Bien que nous pr\u00e9f\u00e9rions les consultations en personne, nous comprenons que beaucoup de nos clients viennent de loin. Pour votre commodit\u00e9, nous sommes heureux de proposer des consultations vid\u00e9o via WhatsApp.<\/p>\n<\/div><\/div><\/div><\/div><\/div><div class=\"w-tabs-section\" id=\"l3c9\" itemscope itemprop=\"mainEntity\" itemtype=\"https:\/\/schema.org\/Question\"><button class=\"w-tabs-section-header\" aria-controls=\"content-l3c9\" aria-expanded=\"false\"><div class=\"w-tabs-section-title\" itemprop=\"name\">12. Quelle est votre politique d&rsquo;annulation ?<\/div><div class=\"w-tabs-section-control\"><\/div><\/button><div  class=\"w-tabs-section-content\" id=\"content-l3c9\" itemscope itemprop=\"acceptedAnswer\" itemtype=\"https:\/\/schema.org\/Answer\"><div class=\"w-tabs-section-content-h i-cf\" itemprop=\"text\"><div class=\"wpb_text_column\"><div class=\"wpb_wrapper\"><p>Nous demandons un d\u00e9p\u00f4t de 25% lors de la r\u00e9servation. Les cautions ne sont pas remboursables, mais vous pouvez transf\u00e9rer ou reprogrammer votre rendez-vous avec un pr\u00e9avis d&rsquo;au moins deux semaines. Si vous ne vous pr\u00e9sentez pas \u00e0 votre rendez-vous, votre caution sera perdue.<\/p>\n<\/div><\/div><\/div><\/div><\/div><\/div><\/div><\/div><\/div><\/div><\/div><\/div><\/section>\n","protected":false},"excerpt":{"rendered":"[vc_custom_heading text=\"Quick FAQ's\" font_container=\"tag:h3|text_align:center|color:%23ffffff\" use_theme_fonts=\"yes\"]1. Les tatouages au bambou font-ils plus ou moins mal que ceux faits \u00e0 la machine?Ils font environ 90% moins mal que les tatouages courants faits \u00e0 la machine. Cela signifie que nous pouvons faire des s\u00e9ances plus longues et terminer la plupart des tatouages en une seule fois. 2. Quelle...","protected":false},"author":4,"featured_media":0,"parent":0,"menu_order":0,"comment_status":"closed","ping_status":"closed","template":"","meta":{"_acf_changed":false,"footnotes":""},"class_list":["post-14132","page","type-page","status-publish","hentry"],"acf":[],"yoast_head":"<!-- This site is optimized with the Yoast SEO plugin v27.4 - https:\/\/yoast.com\/product\/yoast-seo-wordpress\/ -->\n<title>Foire aux questions - The Bamboo Rooms\u00ae - home of multiple award winning tattoo artist Keng<\/title>\n<meta name=\"robots\" content=\"index, follow, max-snippet:-1, max-image-preview:large, max-video-preview:-1\" \/>\n<link rel=\"canonical\" href=\"https:\/\/www.bambootattoo.co.uk\/fr\/foire-aux-questions\/\" \/>\n<meta property=\"og:locale\" content=\"fr_FR\" \/>\n<meta property=\"og:type\" content=\"article\" \/>\n<meta property=\"og:title\" content=\"Foire aux questions - The Bamboo Rooms\u00ae - home of multiple award winning tattoo artist Keng\" \/>\n<meta property=\"og:url\" content=\"https:\/\/www.bambootattoo.co.uk\/fr\/foire-aux-questions\/\" \/>\n<meta property=\"og:site_name\" content=\"The Bamboo Rooms\u00ae - home of multiple award winning tattoo artist Keng\" \/>\n<meta property=\"article:publisher\" content=\"https:\/\/www.facebook.com\/thebamboorooms\/\" \/>\n<meta property=\"article:modified_time\" content=\"2024-11-26T03:43:58+00:00\" \/>\n<meta name=\"twitter:card\" content=\"summary_large_image\" \/>\n<meta name=\"twitter:site\" content=\"@TheBambooRooms1\" \/>\n<meta name=\"twitter:label1\" content=\"Dur\u00e9e de lecture estim\u00e9e\" \/>\n\t<meta name=\"twitter:data1\" content=\"3 minutes\" \/>\n<script type=\"application\/ld+json\" class=\"yoast-schema-graph\">{\"@context\":\"https:\\\/\\\/schema.org\",\"@graph\":[{\"@type\":\"WebPage\",\"@id\":\"https:\\\/\\\/www.bambootattoo.co.uk\\\/fr\\\/foire-aux-questions\\\/\",\"url\":\"https:\\\/\\\/www.bambootattoo.co.uk\\\/fr\\\/foire-aux-questions\\\/\",\"name\":\"Foire aux questions - The Bamboo Rooms\u00ae - home of multiple award winning tattoo artist Keng\",\"isPartOf\":{\"@id\":\"https:\\\/\\\/www.bambootattoo.co.uk\\\/fr\\\/#website\"},\"datePublished\":\"2021-11-10T22:29:20+00:00\",\"dateModified\":\"2024-11-26T03:43:58+00:00\",\"breadcrumb\":{\"@id\":\"https:\\\/\\\/www.bambootattoo.co.uk\\\/fr\\\/foire-aux-questions\\\/#breadcrumb\"},\"inLanguage\":\"fr-FR\",\"potentialAction\":[{\"@type\":\"ReadAction\",\"target\":[\"https:\\\/\\\/www.bambootattoo.co.uk\\\/fr\\\/foire-aux-questions\\\/\"]}]},{\"@type\":\"BreadcrumbList\",\"@id\":\"https:\\\/\\\/www.bambootattoo.co.uk\\\/fr\\\/foire-aux-questions\\\/#breadcrumb\",\"itemListElement\":[{\"@type\":\"ListItem\",\"position\":1,\"name\":\"Home\",\"item\":\"https:\\\/\\\/www.bambootattoo.co.uk\\\/fr\\\/\"},{\"@type\":\"ListItem\",\"position\":2,\"name\":\"Foire aux questions\"}]},{\"@type\":\"WebSite\",\"@id\":\"https:\\\/\\\/www.bambootattoo.co.uk\\\/fr\\\/#website\",\"url\":\"https:\\\/\\\/www.bambootattoo.co.uk\\\/fr\\\/\",\"name\":\"The Bamboo Rooms\u00ae - home of multiple award winning tattoo artist Keng\",\"description\":\"in Otley - Leeds (UK) and Koh Samui (Thailand)\",\"publisher\":{\"@id\":\"https:\\\/\\\/www.bambootattoo.co.uk\\\/fr\\\/#organization\"},\"potentialAction\":[{\"@type\":\"SearchAction\",\"target\":{\"@type\":\"EntryPoint\",\"urlTemplate\":\"https:\\\/\\\/www.bambootattoo.co.uk\\\/fr\\\/?s={search_term_string}\"},\"query-input\":{\"@type\":\"PropertyValueSpecification\",\"valueRequired\":true,\"valueName\":\"search_term_string\"}}],\"inLanguage\":\"fr-FR\"},{\"@type\":\"Organization\",\"@id\":\"https:\\\/\\\/www.bambootattoo.co.uk\\\/fr\\\/#organization\",\"name\":\"The Bamboo Rooms&reg;\",\"url\":\"https:\\\/\\\/www.bambootattoo.co.uk\\\/fr\\\/\",\"logo\":{\"@type\":\"ImageObject\",\"inLanguage\":\"fr-FR\",\"@id\":\"https:\\\/\\\/www.bambootattoo.co.uk\\\/fr\\\/#\\\/schema\\\/logo\\\/image\\\/\",\"url\":\"https:\\\/\\\/www.bambootattoo.co.uk\\\/wp-content\\\/uploads\\\/2017\\\/12\\\/bamboo-rooms-small1.png\",\"contentUrl\":\"https:\\\/\\\/www.bambootattoo.co.uk\\\/wp-content\\\/uploads\\\/2017\\\/12\\\/bamboo-rooms-small1.png\",\"width\":264,\"height\":200,\"caption\":\"The Bamboo Rooms&reg;\"},\"image\":{\"@id\":\"https:\\\/\\\/www.bambootattoo.co.uk\\\/fr\\\/#\\\/schema\\\/logo\\\/image\\\/\"},\"sameAs\":[\"https:\\\/\\\/www.facebook.com\\\/thebamboorooms\\\/\",\"https:\\\/\\\/x.com\\\/TheBambooRooms1\"]}]}<\/script>\n<!-- \/ Yoast SEO plugin. -->","yoast_head_json":{"title":"Foire aux questions - The Bamboo Rooms\u00ae - home of multiple award winning tattoo artist Keng","robots":{"index":"index","follow":"follow","max-snippet":"max-snippet:-1","max-image-preview":"max-image-preview:large","max-video-preview":"max-video-preview:-1"},"canonical":"https:\/\/www.bambootattoo.co.uk\/fr\/foire-aux-questions\/","og_locale":"fr_FR","og_type":"article","og_title":"Foire aux questions - The Bamboo Rooms\u00ae - home of multiple award winning tattoo artist Keng","og_url":"https:\/\/www.bambootattoo.co.uk\/fr\/foire-aux-questions\/","og_site_name":"The Bamboo Rooms\u00ae - home of multiple award winning tattoo artist Keng","article_publisher":"https:\/\/www.facebook.com\/thebamboorooms\/","article_modified_time":"2024-11-26T03:43:58+00:00","twitter_card":"summary_large_image","twitter_site":"@TheBambooRooms1","twitter_misc":{"Dur\u00e9e de lecture estim\u00e9e":"3 minutes"},"schema":{"@context":"https:\/\/schema.org","@graph":[{"@type":"WebPage","@id":"https:\/\/www.bambootattoo.co.uk\/fr\/foire-aux-questions\/","url":"https:\/\/www.bambootattoo.co.uk\/fr\/foire-aux-questions\/","name":"Foire aux questions - The Bamboo Rooms\u00ae - home of multiple award winning tattoo artist Keng","isPartOf":{"@id":"https:\/\/www.bambootattoo.co.uk\/fr\/#website"},"datePublished":"2021-11-10T22:29:20+00:00","dateModified":"2024-11-26T03:43:58+00:00","breadcrumb":{"@id":"https:\/\/www.bambootattoo.co.uk\/fr\/foire-aux-questions\/#breadcrumb"},"inLanguage":"fr-FR","potentialAction":[{"@type":"ReadAction","target":["https:\/\/www.bambootattoo.co.uk\/fr\/foire-aux-questions\/"]}]},{"@type":"BreadcrumbList","@id":"https:\/\/www.bambootattoo.co.uk\/fr\/foire-aux-questions\/#breadcrumb","itemListElement":[{"@type":"ListItem","position":1,"name":"Home","item":"https:\/\/www.bambootattoo.co.uk\/fr\/"},{"@type":"ListItem","position":2,"name":"Foire aux questions"}]},{"@type":"WebSite","@id":"https:\/\/www.bambootattoo.co.uk\/fr\/#website","url":"https:\/\/www.bambootattoo.co.uk\/fr\/","name":"The Bamboo Rooms\u00ae - home of multiple award winning tattoo artist Keng","description":"in Otley - Leeds (UK) and Koh Samui (Thailand)","publisher":{"@id":"https:\/\/www.bambootattoo.co.uk\/fr\/#organization"},"potentialAction":[{"@type":"SearchAction","target":{"@type":"EntryPoint","urlTemplate":"https:\/\/www.bambootattoo.co.uk\/fr\/?s={search_term_string}"},"query-input":{"@type":"PropertyValueSpecification","valueRequired":true,"valueName":"search_term_string"}}],"inLanguage":"fr-FR"},{"@type":"Organization","@id":"https:\/\/www.bambootattoo.co.uk\/fr\/#organization","name":"The Bamboo Rooms&reg;","url":"https:\/\/www.bambootattoo.co.uk\/fr\/","logo":{"@type":"ImageObject","inLanguage":"fr-FR","@id":"https:\/\/www.bambootattoo.co.uk\/fr\/#\/schema\/logo\/image\/","url":"https:\/\/www.bambootattoo.co.uk\/wp-content\/uploads\/2017\/12\/bamboo-rooms-small1.png","contentUrl":"https:\/\/www.bambootattoo.co.uk\/wp-content\/uploads\/2017\/12\/bamboo-rooms-small1.png","width":264,"height":200,"caption":"The Bamboo Rooms&reg;"},"image":{"@id":"https:\/\/www.bambootattoo.co.uk\/fr\/#\/schema\/logo\/image\/"},"sameAs":["https:\/\/www.facebook.com\/thebamboorooms\/","https:\/\/x.com\/TheBambooRooms1"]}]}},"_links":{"self":[{"href":"https:\/\/www.bambootattoo.co.uk\/fr\/wp-json\/wp\/v2\/pages\/14132","targetHints":{"allow":["GET"]}}],"collection":[{"href":"https:\/\/www.bambootattoo.co.uk\/fr\/wp-json\/wp\/v2\/pages"}],"about":[{"href":"https:\/\/www.bambootattoo.co.uk\/fr\/wp-json\/wp\/v2\/types\/page"}],"author":[{"embeddable":true,"href":"https:\/\/www.bambootattoo.co.uk\/fr\/wp-json\/wp\/v2\/users\/4"}],"replies":[{"embeddable":true,"href":"https:\/\/www.bambootattoo.co.uk\/fr\/wp-json\/wp\/v2\/comments?post=14132"}],"version-history":[{"count":4,"href":"https:\/\/www.bambootattoo.co.uk\/fr\/wp-json\/wp\/v2\/pages\/14132\/revisions"}],"predecessor-version":[{"id":16183,"href":"https:\/\/www.bambootattoo.co.uk\/fr\/wp-json\/wp\/v2\/pages\/14132\/revisions\/16183"}],"wp:attachment":[{"href":"https:\/\/www.bambootattoo.co.uk\/fr\/wp-json\/wp\/v2\/media?parent=14132"}],"curies":[{"name":"wp","href":"https:\/\/api.w.org\/{rel}","templated":true}]}}