{"id":6237,"date":"2017-12-05T04:10:38","date_gmt":"2017-12-05T04:10:38","guid":{"rendered":"http:\/\/newversion.bambootattoo.co.uk\/consultation\/"},"modified":"2023-10-13T06:34:06","modified_gmt":"2023-10-12T23:34:06","slug":"consultation","status":"publish","type":"page","link":"https:\/\/www.bambootattoo.co.uk\/fr\/consultation\/","title":{"rendered":"Consultation"},"content":{"rendered":"<section class=\"l-section wpb_row height_medium\"><div class=\"l-section-h i-cf\"><div class=\"g-cols vc_row via_flex valign_top type_default stacking_default\"><div class=\"vc_col-sm-12 wpb_column vc_column_container\"><div class=\"vc_column-inner\"><div class=\"wpb_wrapper\"><div class=\"wpb_text_column\"><div class=\"wpb_wrapper\"><h1 style=\"text-align: center;\">Consultation<\/h1>\n<\/div><\/div><\/div><\/div><\/div><\/div><\/div><\/section><section class=\"l-section wpb_row height_medium\"><div class=\"l-section-h i-cf\"><div class=\"g-cols vc_row via_flex valign_top type_default stacking_default\"><div class=\"vc_col-sm-12 wpb_column vc_column_container\"><div class=\"vc_column-inner\"><div class=\"wpb_wrapper\"><div class=\"wpb_text_column\"><div class=\"wpb_wrapper\"><p>Nous concevons sur mesure tout notre travail, que <strong>nous ne dupliquons jamais<\/strong>, de sorte que chacun de nos clients poss\u00e8de une oeuvre d\u2019art originale. Nous vous r\u00e9servons donc d\u2019abord une<strong> consultation de dessin<\/strong>. Nous dessinons gratuitement mais prenons un acompte de \u00a3 20 au moment de la r\u00e9servation. Nous vous le rendons lorsque vous vous pr\u00e9sentez \u00e0 votre rendez-vous. Cela garantit juste que nous ne prenons que des r\u00e9servations authentiques. Nous aimons que vous veniez au studio pour nous rencontrer, mais nous pouvons prendre des r\u00e9servations par t\u00e9l\u00e9phone.<\/p>\n<p>Lors de la consultation du dessin, vous viendrez vous asseoir avec l\u2019artiste pendant une heure et nous dessinerons ce que vous voulez. Si vous avez des photos affichant des id\u00e9es et des styles que vous aimez, alors c\u2019est g\u00e9nial, mais si ce n\u2019est pas le cas, ne vous inqui\u00e9tez pas. Nos artistes peuvent vraiment dessiner tout ce que vous d\u00e9sirez. Vous vous asseyez avec l\u2019artiste tout au long du processus pour que vous puissiez dire ce que vous aimez et ce que vous n\u2019aimez pas, afin que nous puissions concevoir rapidement l\u2019image parfaite pour vous. Une fois que nous aurons finalis\u00e9 le graphisme du tatouage, nous vous donnerons un prix et une estimation du temps. Si vous \u00eates satisfait, nous vous r\u00e9serverons la date et l\u2019heure de votre rendez-vous pour votre tatouage. Une fois que nous avons fini le tatouage, tout le travail graphique artistique devient le v\u00f4tre et nous ne le copierons jamais.<\/p>\n<\/div><\/div><div class=\"wpb_text_column\"><div class=\"wpb_wrapper\"><p>Nous \u00e9valuons notre travail par l\u2019image sans rapport avec le temps que cela prend. C\u2019est mieux pour le client, car vous avez un prix fixe au lieu d\u2019une estimation approximative. Si vous avez d\u00e9j\u00e0 une photo, nous pouvons \u00e9galement la faire pour vous. Vous n\u2019aurez pas besoin d\u2019une consultation de dessin, alors il suffit de l\u2019amener et nous vous donnerons un prix.<\/p>\n<\/div><\/div><div class=\"wpb_text_column\"><div class=\"wpb_wrapper\"><p><em>Tous les d\u00e9p\u00f4ts sont non remboursables sans pr\u00e9avis de 72 heures. Les d\u00e9p\u00f4ts de dessin sont remboursables si nous ne sommes pas en mesure de concevoir le tatouage \u00e0 votre satisfaction.<\/em><\/p>\n<\/div><\/div><\/div><\/div><\/div><\/div><\/div><\/section>\n","protected":false},"excerpt":{"rendered":"Consultation Nous concevons sur mesure tout notre travail, que nous ne dupliquons jamais, de sorte que chacun de nos clients poss\u00e8de une oeuvre d\u2019art originale. Nous vous r\u00e9servons donc d\u2019abord une consultation de dessin. Nous dessinons gratuitement mais prenons un acompte de \u00a3 20 au moment de la r\u00e9servation. Nous vous le rendons lorsque vous...","protected":false},"author":4,"featured_media":0,"parent":0,"menu_order":0,"comment_status":"closed","ping_status":"closed","template":"","meta":{"_acf_changed":false,"footnotes":""},"class_list":["post-6237","page","type-page","status-publish","hentry"],"acf":[],"yoast_head":"<!-- This site is optimized with the Yoast SEO plugin v27.4 - https:\/\/yoast.com\/product\/yoast-seo-wordpress\/ -->\n<title>Consultation - The Bamboo Rooms - \u00e0 Koh Samui et Otley (UK)<\/title>\n<meta name=\"description\" content=\"Nous concevons sur mesure tout notre travail, que nous ne dupliquons jamais, de sorte que chacun de nos clients poss\u00e8de une oeuvre d\u2019art originale.\" \/>\n<meta name=\"robots\" content=\"index, follow, max-snippet:-1, max-image-preview:large, max-video-preview:-1\" \/>\n<link rel=\"canonical\" href=\"https:\/\/www.bambootattoo.co.uk\/fr\/consultation\/\" \/>\n<meta property=\"og:locale\" content=\"fr_FR\" \/>\n<meta property=\"og:type\" content=\"article\" \/>\n<meta property=\"og:title\" content=\"Consultation - The Bamboo Rooms - \u00e0 Koh Samui et Otley (UK)\" \/>\n<meta property=\"og:description\" content=\"Nous concevons sur mesure tout notre travail, que nous ne dupliquons jamais, de sorte que chacun de nos clients poss\u00e8de une oeuvre d\u2019art originale.\" \/>\n<meta property=\"og:url\" content=\"https:\/\/www.bambootattoo.co.uk\/fr\/consultation\/\" \/>\n<meta property=\"og:site_name\" content=\"The Bamboo Rooms\u00ae - home of multiple award winning tattoo artist Keng\" \/>\n<meta property=\"article:publisher\" content=\"https:\/\/www.facebook.com\/thebamboorooms\/\" \/>\n<meta property=\"article:modified_time\" content=\"2023-10-12T23:34:06+00:00\" \/>\n<meta name=\"twitter:card\" content=\"summary_large_image\" \/>\n<meta name=\"twitter:site\" content=\"@TheBambooRooms1\" \/>\n<meta name=\"twitter:label1\" content=\"Dur\u00e9e de lecture estim\u00e9e\" \/>\n\t<meta name=\"twitter:data1\" content=\"2 minutes\" \/>\n<script type=\"application\/ld+json\" class=\"yoast-schema-graph\">{\"@context\":\"https:\\\/\\\/schema.org\",\"@graph\":[{\"@type\":\"WebPage\",\"@id\":\"https:\\\/\\\/www.bambootattoo.co.uk\\\/fr\\\/consultation\\\/\",\"url\":\"https:\\\/\\\/www.bambootattoo.co.uk\\\/fr\\\/consultation\\\/\",\"name\":\"Consultation - The Bamboo Rooms - \u00e0 Koh Samui et Otley (UK)\",\"isPartOf\":{\"@id\":\"https:\\\/\\\/www.bambootattoo.co.uk\\\/fr\\\/#website\"},\"datePublished\":\"2017-12-05T04:10:38+00:00\",\"dateModified\":\"2023-10-12T23:34:06+00:00\",\"description\":\"Nous concevons sur mesure tout notre travail, que nous ne dupliquons jamais, de sorte que chacun de nos clients poss\u00e8de une oeuvre d\u2019art originale.\",\"breadcrumb\":{\"@id\":\"https:\\\/\\\/www.bambootattoo.co.uk\\\/fr\\\/consultation\\\/#breadcrumb\"},\"inLanguage\":\"fr-FR\",\"potentialAction\":[{\"@type\":\"ReadAction\",\"target\":[\"https:\\\/\\\/www.bambootattoo.co.uk\\\/fr\\\/consultation\\\/\"]}]},{\"@type\":\"BreadcrumbList\",\"@id\":\"https:\\\/\\\/www.bambootattoo.co.uk\\\/fr\\\/consultation\\\/#breadcrumb\",\"itemListElement\":[{\"@type\":\"ListItem\",\"position\":1,\"name\":\"Home\",\"item\":\"https:\\\/\\\/www.bambootattoo.co.uk\\\/fr\\\/\"},{\"@type\":\"ListItem\",\"position\":2,\"name\":\"Consultation\"}]},{\"@type\":\"WebSite\",\"@id\":\"https:\\\/\\\/www.bambootattoo.co.uk\\\/fr\\\/#website\",\"url\":\"https:\\\/\\\/www.bambootattoo.co.uk\\\/fr\\\/\",\"name\":\"The Bamboo Rooms\u00ae - home of multiple award winning tattoo artist Keng\",\"description\":\"in Otley - Leeds (UK) and Koh Samui (Thailand)\",\"publisher\":{\"@id\":\"https:\\\/\\\/www.bambootattoo.co.uk\\\/fr\\\/#organization\"},\"potentialAction\":[{\"@type\":\"SearchAction\",\"target\":{\"@type\":\"EntryPoint\",\"urlTemplate\":\"https:\\\/\\\/www.bambootattoo.co.uk\\\/fr\\\/?s={search_term_string}\"},\"query-input\":{\"@type\":\"PropertyValueSpecification\",\"valueRequired\":true,\"valueName\":\"search_term_string\"}}],\"inLanguage\":\"fr-FR\"},{\"@type\":\"Organization\",\"@id\":\"https:\\\/\\\/www.bambootattoo.co.uk\\\/fr\\\/#organization\",\"name\":\"The Bamboo Rooms&reg;\",\"url\":\"https:\\\/\\\/www.bambootattoo.co.uk\\\/fr\\\/\",\"logo\":{\"@type\":\"ImageObject\",\"inLanguage\":\"fr-FR\",\"@id\":\"https:\\\/\\\/www.bambootattoo.co.uk\\\/fr\\\/#\\\/schema\\\/logo\\\/image\\\/\",\"url\":\"https:\\\/\\\/www.bambootattoo.co.uk\\\/wp-content\\\/uploads\\\/2017\\\/12\\\/bamboo-rooms-small1.png\",\"contentUrl\":\"https:\\\/\\\/www.bambootattoo.co.uk\\\/wp-content\\\/uploads\\\/2017\\\/12\\\/bamboo-rooms-small1.png\",\"width\":264,\"height\":200,\"caption\":\"The Bamboo Rooms&reg;\"},\"image\":{\"@id\":\"https:\\\/\\\/www.bambootattoo.co.uk\\\/fr\\\/#\\\/schema\\\/logo\\\/image\\\/\"},\"sameAs\":[\"https:\\\/\\\/www.facebook.com\\\/thebamboorooms\\\/\",\"https:\\\/\\\/x.com\\\/TheBambooRooms1\"]}]}<\/script>\n<!-- \/ Yoast SEO plugin. -->","yoast_head_json":{"title":"Consultation - The Bamboo Rooms - \u00e0 Koh Samui et Otley (UK)","description":"Nous concevons sur mesure tout notre travail, que nous ne dupliquons jamais, de sorte que chacun de nos clients poss\u00e8de une oeuvre d\u2019art originale.","robots":{"index":"index","follow":"follow","max-snippet":"max-snippet:-1","max-image-preview":"max-image-preview:large","max-video-preview":"max-video-preview:-1"},"canonical":"https:\/\/www.bambootattoo.co.uk\/fr\/consultation\/","og_locale":"fr_FR","og_type":"article","og_title":"Consultation - The Bamboo Rooms - \u00e0 Koh Samui et Otley (UK)","og_description":"Nous concevons sur mesure tout notre travail, que nous ne dupliquons jamais, de sorte que chacun de nos clients poss\u00e8de une oeuvre d\u2019art originale.","og_url":"https:\/\/www.bambootattoo.co.uk\/fr\/consultation\/","og_site_name":"The Bamboo Rooms\u00ae - home of multiple award winning tattoo artist Keng","article_publisher":"https:\/\/www.facebook.com\/thebamboorooms\/","article_modified_time":"2023-10-12T23:34:06+00:00","twitter_card":"summary_large_image","twitter_site":"@TheBambooRooms1","twitter_misc":{"Dur\u00e9e de lecture estim\u00e9e":"2 minutes"},"schema":{"@context":"https:\/\/schema.org","@graph":[{"@type":"WebPage","@id":"https:\/\/www.bambootattoo.co.uk\/fr\/consultation\/","url":"https:\/\/www.bambootattoo.co.uk\/fr\/consultation\/","name":"Consultation - The Bamboo Rooms - \u00e0 Koh Samui et Otley (UK)","isPartOf":{"@id":"https:\/\/www.bambootattoo.co.uk\/fr\/#website"},"datePublished":"2017-12-05T04:10:38+00:00","dateModified":"2023-10-12T23:34:06+00:00","description":"Nous concevons sur mesure tout notre travail, que nous ne dupliquons jamais, de sorte que chacun de nos clients poss\u00e8de une oeuvre d\u2019art originale.","breadcrumb":{"@id":"https:\/\/www.bambootattoo.co.uk\/fr\/consultation\/#breadcrumb"},"inLanguage":"fr-FR","potentialAction":[{"@type":"ReadAction","target":["https:\/\/www.bambootattoo.co.uk\/fr\/consultation\/"]}]},{"@type":"BreadcrumbList","@id":"https:\/\/www.bambootattoo.co.uk\/fr\/consultation\/#breadcrumb","itemListElement":[{"@type":"ListItem","position":1,"name":"Home","item":"https:\/\/www.bambootattoo.co.uk\/fr\/"},{"@type":"ListItem","position":2,"name":"Consultation"}]},{"@type":"WebSite","@id":"https:\/\/www.bambootattoo.co.uk\/fr\/#website","url":"https:\/\/www.bambootattoo.co.uk\/fr\/","name":"The Bamboo Rooms\u00ae - home of multiple award winning tattoo artist Keng","description":"in Otley - Leeds (UK) and Koh Samui (Thailand)","publisher":{"@id":"https:\/\/www.bambootattoo.co.uk\/fr\/#organization"},"potentialAction":[{"@type":"SearchAction","target":{"@type":"EntryPoint","urlTemplate":"https:\/\/www.bambootattoo.co.uk\/fr\/?s={search_term_string}"},"query-input":{"@type":"PropertyValueSpecification","valueRequired":true,"valueName":"search_term_string"}}],"inLanguage":"fr-FR"},{"@type":"Organization","@id":"https:\/\/www.bambootattoo.co.uk\/fr\/#organization","name":"The Bamboo Rooms&reg;","url":"https:\/\/www.bambootattoo.co.uk\/fr\/","logo":{"@type":"ImageObject","inLanguage":"fr-FR","@id":"https:\/\/www.bambootattoo.co.uk\/fr\/#\/schema\/logo\/image\/","url":"https:\/\/www.bambootattoo.co.uk\/wp-content\/uploads\/2017\/12\/bamboo-rooms-small1.png","contentUrl":"https:\/\/www.bambootattoo.co.uk\/wp-content\/uploads\/2017\/12\/bamboo-rooms-small1.png","width":264,"height":200,"caption":"The Bamboo Rooms&reg;"},"image":{"@id":"https:\/\/www.bambootattoo.co.uk\/fr\/#\/schema\/logo\/image\/"},"sameAs":["https:\/\/www.facebook.com\/thebamboorooms\/","https:\/\/x.com\/TheBambooRooms1"]}]}},"_links":{"self":[{"href":"https:\/\/www.bambootattoo.co.uk\/fr\/wp-json\/wp\/v2\/pages\/6237","targetHints":{"allow":["GET"]}}],"collection":[{"href":"https:\/\/www.bambootattoo.co.uk\/fr\/wp-json\/wp\/v2\/pages"}],"about":[{"href":"https:\/\/www.bambootattoo.co.uk\/fr\/wp-json\/wp\/v2\/types\/page"}],"author":[{"embeddable":true,"href":"https:\/\/www.bambootattoo.co.uk\/fr\/wp-json\/wp\/v2\/users\/4"}],"replies":[{"embeddable":true,"href":"https:\/\/www.bambootattoo.co.uk\/fr\/wp-json\/wp\/v2\/comments?post=6237"}],"version-history":[{"count":1,"href":"https:\/\/www.bambootattoo.co.uk\/fr\/wp-json\/wp\/v2\/pages\/6237\/revisions"}],"predecessor-version":[{"id":15443,"href":"https:\/\/www.bambootattoo.co.uk\/fr\/wp-json\/wp\/v2\/pages\/6237\/revisions\/15443"}],"wp:attachment":[{"href":"https:\/\/www.bambootattoo.co.uk\/fr\/wp-json\/wp\/v2\/media?parent=6237"}],"curies":[{"name":"wp","href":"https:\/\/api.w.org\/{rel}","templated":true}]}}