{"id":6244,"date":"2017-12-02T11:40:38","date_gmt":"2017-12-02T04:40:38","guid":{"rendered":"http:\/\/newversion.bambootattoo.co.uk\/origines\/"},"modified":"2023-10-13T06:37:08","modified_gmt":"2023-10-12T23:37:08","slug":"historique","status":"publish","type":"page","link":"https:\/\/www.bambootattoo.co.uk\/fr\/historique\/","title":{"rendered":"Historique"},"content":{"rendered":"<section class=\"l-section wpb_row height_medium\"><div class=\"l-section-h i-cf\"><div class=\"g-cols vc_row via_flex valign_top type_default stacking_default\"><div class=\"vc_col-sm-12 wpb_column vc_column_container\"><div class=\"vc_column-inner\"><div class=\"wpb_wrapper\"><div class=\"wpb_text_column\"><div class=\"wpb_wrapper\"><h1 style=\"text-align: center;\">Historique<\/h1>\n<\/div><\/div><\/div><\/div><\/div><\/div><\/div><\/section><section class=\"l-section wpb_row height_small\"><div class=\"l-section-h i-cf\"><div class=\"g-cols vc_row via_flex valign_top type_default stacking_default\"><div class=\"vc_col-sm-8 wpb_column vc_column_container\"><div class=\"vc_column-inner\"><div class=\"wpb_wrapper\"><div class=\"wpb_text_column\"><div class=\"wpb_wrapper\"><p>Il est difficile de d\u00e9terminer les origines exactes de l\u2019art du tatouage au bambou, car la pratique est si ancienne que l\u2019histoire est presque perdue, \u00e9tant li\u00e9e \u00e0 des mythes et des l\u00e9gendes. De nombreux pays d\u2019Asie du Sud-Est pr\u00e9tendent \u00eatre le berceau de cette forme d\u2019art antique. Cependant, il est g\u00e9n\u00e9ralement suppos\u00e9 provenir de la p\u00e9riode khm\u00e8re il y a environ 3000 ans. Des momies ont \u00e9t\u00e9 trouv\u00e9es aux Philippines avec des tatouages au bambou encore visibles, des bandes de blocage autour du mollet avec une signification hi\u00e9rarchique tribale.<\/p>\n<p>En Tha\u00eflande, le tatouage au bambou a commenc\u00e9 dans les temples bouddhistes, des moines recevant des tatouages de textes religieux de grands ma\u00eetres pour se prot\u00e9ger. Pendant les p\u00e9riodes de conflit en Tha\u00eflande, les soldats visitaient les temples pour se faire tatouer par les moines avec des sorts tels que la protection, la force ou l\u2019invisibilit\u00e9. Une l\u00e9gende tha\u00eflandaise affirme que la Tha\u00eflande n\u2019a jamais \u00e9t\u00e9 occup\u00e9e car les soldats tha\u00eflandais sont des fant\u00f4mes guerriers qui ne peuvent \u00eatre vus ou tu\u00e9s par l\u2019ennemi en raison de leurs tatouages protecteurs.<\/p>\n<p>En Tha\u00eflande, presque tous les hommes bouddhistes deviennent moines \u00e0 un moment donn\u00e9 de leur vie pour mieux comprendre leur religion complexe. Pendant ce temps, ils sont tatou\u00e9s avec des textes religieux pour montrer la force de leur foi. Malgr\u00e9 ces origines profond\u00e9ment religieuses, les tatouages ne sont pas courants en Tha\u00eflande et sont largement consid\u00e9r\u00e9s comme historique dans la culture occidentale, comme \u00e9tant populaires parmi les criminels. Cela n\u2019a commenc\u00e9 \u00e0 changer que r\u00e9cemment, mais n\u00e9anmoins l\u2019art du tatouage au bambou est en train de dispara\u00eetre avec la pr\u00e9valence de l\u2019apprentissage du tatouage avec une machine car il est plus facile \u00e0 apprendre.<\/p>\n<p>Cela dit, la culture occidentale commence \u00e0 s\u2019int\u00e9resser au tatouage au bambou avec l\u2019approbation et la publicit\u00e9 r\u00e9centes de superstars hollywoodiennes comme Angelina Jolie qui se rend en Tha\u00eflande pour des tatouages au bambou. L\u2019actrice a un tatouage traditionnel khmer dans le haut du dos et un grand tigre dans le bas du dos. Les deux ont \u00e9t\u00e9 faits au bambou et peuvent s\u2019av\u00e9rer une incitation pour la prochaine g\u00e9n\u00e9ration \u00e0 apprendre le tatouage au bambou avant qu\u2019il ne soit compl\u00e8tement perdu.<\/p>\n<\/div><\/div><\/div><\/div><\/div><div class=\"vc_col-sm-4 wpb_column vc_column_container\"><div class=\"vc_column-inner\"><div class=\"wpb_wrapper\"><div class=\"w-image align_center\"><div class=\"w-image-h\"><img decoding=\"async\" width=\"960\" height=\"960\" src=\"https:\/\/www.bambootattoo.co.uk\/wp-content\/uploads\/2017\/12\/bamboo-rooms-091.jpg\" class=\"attachment-full size-full\" alt=\"\" loading=\"lazy\" srcset=\"https:\/\/www.bambootattoo.co.uk\/wp-content\/uploads\/2017\/12\/bamboo-rooms-091.jpg 960w, https:\/\/www.bambootattoo.co.uk\/wp-content\/uploads\/2017\/12\/bamboo-rooms-091-440x440.jpg 440w, https:\/\/www.bambootattoo.co.uk\/wp-content\/uploads\/2017\/12\/bamboo-rooms-091-150x150.jpg 150w, https:\/\/www.bambootattoo.co.uk\/wp-content\/uploads\/2017\/12\/bamboo-rooms-091-300x300.jpg 300w, https:\/\/www.bambootattoo.co.uk\/wp-content\/uploads\/2017\/12\/bamboo-rooms-091-768x768.jpg 768w, https:\/\/www.bambootattoo.co.uk\/wp-content\/uploads\/2017\/12\/bamboo-rooms-091-350x350.jpg 350w\" sizes=\"auto, (max-width: 960px) 100vw, 960px\" \/><\/div><\/div><\/div><\/div><\/div><\/div><\/div><\/section>\n","protected":false},"excerpt":{"rendered":"Historique Il est difficile de d\u00e9terminer les origines exactes de l\u2019art du tatouage au bambou, car la pratique est si ancienne que l\u2019histoire est presque perdue, \u00e9tant li\u00e9e \u00e0 des mythes et des l\u00e9gendes. De nombreux pays d\u2019Asie du Sud-Est pr\u00e9tendent \u00eatre le berceau de cette forme d\u2019art antique. Cependant, il est g\u00e9n\u00e9ralement suppos\u00e9 provenir...","protected":false},"author":4,"featured_media":0,"parent":0,"menu_order":0,"comment_status":"closed","ping_status":"closed","template":"","meta":{"_acf_changed":false,"footnotes":""},"class_list":["post-6244","page","type-page","status-publish","hentry"],"acf":[],"yoast_head":"<!-- This site is optimized with the Yoast SEO plugin v27.5 - https:\/\/yoast.com\/product\/yoast-seo-wordpress\/ -->\n<title>Historique - The Bamboo Rooms - \u00e0 Koh Samui et Otley (UK)<\/title>\n<meta name=\"description\" content=\"Il est difficile de d\u00e9terminer les origines exactes de l\u2019art du tatouage au bambou, car la pratique est si ancienne que l\u2019histoire est presque perdue, \u00e9tant li\u00e9e \u00e0 des mythes et des l\u00e9gendes.\" \/>\n<meta name=\"robots\" content=\"index, follow, max-snippet:-1, max-image-preview:large, max-video-preview:-1\" \/>\n<link rel=\"canonical\" href=\"https:\/\/www.bambootattoo.co.uk\/fr\/historique\/\" \/>\n<meta property=\"og:locale\" content=\"fr_FR\" \/>\n<meta property=\"og:type\" content=\"article\" \/>\n<meta property=\"og:title\" content=\"Historique - The Bamboo Rooms - \u00e0 Koh Samui et Otley (UK)\" \/>\n<meta property=\"og:description\" content=\"Il est difficile de d\u00e9terminer les origines exactes de l\u2019art du tatouage au bambou, car la pratique est si ancienne que l\u2019histoire est presque perdue, \u00e9tant li\u00e9e \u00e0 des mythes et des l\u00e9gendes.\" \/>\n<meta property=\"og:url\" content=\"https:\/\/www.bambootattoo.co.uk\/fr\/historique\/\" \/>\n<meta property=\"og:site_name\" content=\"The Bamboo Rooms\u00ae - home of multiple award winning tattoo artist Keng\" \/>\n<meta property=\"article:publisher\" content=\"https:\/\/www.facebook.com\/thebamboorooms\/\" \/>\n<meta property=\"article:modified_time\" content=\"2023-10-12T23:37:08+00:00\" \/>\n<meta name=\"twitter:card\" content=\"summary_large_image\" \/>\n<meta name=\"twitter:site\" content=\"@TheBambooRooms1\" \/>\n<meta name=\"twitter:label1\" content=\"Dur\u00e9e de lecture estim\u00e9e\" \/>\n\t<meta name=\"twitter:data1\" content=\"2 minutes\" \/>\n<script type=\"application\/ld+json\" class=\"yoast-schema-graph\">{\"@context\":\"https:\\\/\\\/schema.org\",\"@graph\":[{\"@type\":\"WebPage\",\"@id\":\"https:\\\/\\\/www.bambootattoo.co.uk\\\/fr\\\/historique\\\/\",\"url\":\"https:\\\/\\\/www.bambootattoo.co.uk\\\/fr\\\/historique\\\/\",\"name\":\"Historique - The Bamboo Rooms - \u00e0 Koh Samui et Otley (UK)\",\"isPartOf\":{\"@id\":\"https:\\\/\\\/www.bambootattoo.co.uk\\\/fr\\\/#website\"},\"datePublished\":\"2017-12-02T04:40:38+00:00\",\"dateModified\":\"2023-10-12T23:37:08+00:00\",\"description\":\"Il est difficile de d\u00e9terminer les origines exactes de l\u2019art du tatouage au bambou, car la pratique est si ancienne que l\u2019histoire est presque perdue, \u00e9tant li\u00e9e \u00e0 des mythes et des l\u00e9gendes.\",\"breadcrumb\":{\"@id\":\"https:\\\/\\\/www.bambootattoo.co.uk\\\/fr\\\/historique\\\/#breadcrumb\"},\"inLanguage\":\"fr-FR\",\"potentialAction\":[{\"@type\":\"ReadAction\",\"target\":[\"https:\\\/\\\/www.bambootattoo.co.uk\\\/fr\\\/historique\\\/\"]}]},{\"@type\":\"BreadcrumbList\",\"@id\":\"https:\\\/\\\/www.bambootattoo.co.uk\\\/fr\\\/historique\\\/#breadcrumb\",\"itemListElement\":[{\"@type\":\"ListItem\",\"position\":1,\"name\":\"Home\",\"item\":\"https:\\\/\\\/www.bambootattoo.co.uk\\\/fr\\\/\"},{\"@type\":\"ListItem\",\"position\":2,\"name\":\"Historique\"}]},{\"@type\":\"WebSite\",\"@id\":\"https:\\\/\\\/www.bambootattoo.co.uk\\\/fr\\\/#website\",\"url\":\"https:\\\/\\\/www.bambootattoo.co.uk\\\/fr\\\/\",\"name\":\"The Bamboo Rooms\u00ae - home of multiple award winning tattoo artist Keng\",\"description\":\"in Otley - Leeds (UK) and Koh Samui (Thailand)\",\"publisher\":{\"@id\":\"https:\\\/\\\/www.bambootattoo.co.uk\\\/fr\\\/#organization\"},\"potentialAction\":[{\"@type\":\"SearchAction\",\"target\":{\"@type\":\"EntryPoint\",\"urlTemplate\":\"https:\\\/\\\/www.bambootattoo.co.uk\\\/fr\\\/?s={search_term_string}\"},\"query-input\":{\"@type\":\"PropertyValueSpecification\",\"valueRequired\":true,\"valueName\":\"search_term_string\"}}],\"inLanguage\":\"fr-FR\"},{\"@type\":\"Organization\",\"@id\":\"https:\\\/\\\/www.bambootattoo.co.uk\\\/fr\\\/#organization\",\"name\":\"The Bamboo Rooms&reg;\",\"url\":\"https:\\\/\\\/www.bambootattoo.co.uk\\\/fr\\\/\",\"logo\":{\"@type\":\"ImageObject\",\"inLanguage\":\"fr-FR\",\"@id\":\"https:\\\/\\\/www.bambootattoo.co.uk\\\/fr\\\/#\\\/schema\\\/logo\\\/image\\\/\",\"url\":\"https:\\\/\\\/www.bambootattoo.co.uk\\\/wp-content\\\/uploads\\\/2017\\\/12\\\/bamboo-rooms-small1.png\",\"contentUrl\":\"https:\\\/\\\/www.bambootattoo.co.uk\\\/wp-content\\\/uploads\\\/2017\\\/12\\\/bamboo-rooms-small1.png\",\"width\":264,\"height\":200,\"caption\":\"The Bamboo Rooms&reg;\"},\"image\":{\"@id\":\"https:\\\/\\\/www.bambootattoo.co.uk\\\/fr\\\/#\\\/schema\\\/logo\\\/image\\\/\"},\"sameAs\":[\"https:\\\/\\\/www.facebook.com\\\/thebamboorooms\\\/\",\"https:\\\/\\\/x.com\\\/TheBambooRooms1\"]}]}<\/script>\n<!-- \/ Yoast SEO plugin. -->","yoast_head_json":{"title":"Historique - The Bamboo Rooms - \u00e0 Koh Samui et Otley (UK)","description":"Il est difficile de d\u00e9terminer les origines exactes de l\u2019art du tatouage au bambou, car la pratique est si ancienne que l\u2019histoire est presque perdue, \u00e9tant li\u00e9e \u00e0 des mythes et des l\u00e9gendes.","robots":{"index":"index","follow":"follow","max-snippet":"max-snippet:-1","max-image-preview":"max-image-preview:large","max-video-preview":"max-video-preview:-1"},"canonical":"https:\/\/www.bambootattoo.co.uk\/fr\/historique\/","og_locale":"fr_FR","og_type":"article","og_title":"Historique - The Bamboo Rooms - \u00e0 Koh Samui et Otley (UK)","og_description":"Il est difficile de d\u00e9terminer les origines exactes de l\u2019art du tatouage au bambou, car la pratique est si ancienne que l\u2019histoire est presque perdue, \u00e9tant li\u00e9e \u00e0 des mythes et des l\u00e9gendes.","og_url":"https:\/\/www.bambootattoo.co.uk\/fr\/historique\/","og_site_name":"The Bamboo Rooms\u00ae - home of multiple award winning tattoo artist Keng","article_publisher":"https:\/\/www.facebook.com\/thebamboorooms\/","article_modified_time":"2023-10-12T23:37:08+00:00","twitter_card":"summary_large_image","twitter_site":"@TheBambooRooms1","twitter_misc":{"Dur\u00e9e de lecture estim\u00e9e":"2 minutes"},"schema":{"@context":"https:\/\/schema.org","@graph":[{"@type":"WebPage","@id":"https:\/\/www.bambootattoo.co.uk\/fr\/historique\/","url":"https:\/\/www.bambootattoo.co.uk\/fr\/historique\/","name":"Historique - The Bamboo Rooms - \u00e0 Koh Samui et Otley (UK)","isPartOf":{"@id":"https:\/\/www.bambootattoo.co.uk\/fr\/#website"},"datePublished":"2017-12-02T04:40:38+00:00","dateModified":"2023-10-12T23:37:08+00:00","description":"Il est difficile de d\u00e9terminer les origines exactes de l\u2019art du tatouage au bambou, car la pratique est si ancienne que l\u2019histoire est presque perdue, \u00e9tant li\u00e9e \u00e0 des mythes et des l\u00e9gendes.","breadcrumb":{"@id":"https:\/\/www.bambootattoo.co.uk\/fr\/historique\/#breadcrumb"},"inLanguage":"fr-FR","potentialAction":[{"@type":"ReadAction","target":["https:\/\/www.bambootattoo.co.uk\/fr\/historique\/"]}]},{"@type":"BreadcrumbList","@id":"https:\/\/www.bambootattoo.co.uk\/fr\/historique\/#breadcrumb","itemListElement":[{"@type":"ListItem","position":1,"name":"Home","item":"https:\/\/www.bambootattoo.co.uk\/fr\/"},{"@type":"ListItem","position":2,"name":"Historique"}]},{"@type":"WebSite","@id":"https:\/\/www.bambootattoo.co.uk\/fr\/#website","url":"https:\/\/www.bambootattoo.co.uk\/fr\/","name":"The Bamboo Rooms\u00ae - home of multiple award winning tattoo artist Keng","description":"in Otley - Leeds (UK) and Koh Samui (Thailand)","publisher":{"@id":"https:\/\/www.bambootattoo.co.uk\/fr\/#organization"},"potentialAction":[{"@type":"SearchAction","target":{"@type":"EntryPoint","urlTemplate":"https:\/\/www.bambootattoo.co.uk\/fr\/?s={search_term_string}"},"query-input":{"@type":"PropertyValueSpecification","valueRequired":true,"valueName":"search_term_string"}}],"inLanguage":"fr-FR"},{"@type":"Organization","@id":"https:\/\/www.bambootattoo.co.uk\/fr\/#organization","name":"The Bamboo Rooms&reg;","url":"https:\/\/www.bambootattoo.co.uk\/fr\/","logo":{"@type":"ImageObject","inLanguage":"fr-FR","@id":"https:\/\/www.bambootattoo.co.uk\/fr\/#\/schema\/logo\/image\/","url":"https:\/\/www.bambootattoo.co.uk\/wp-content\/uploads\/2017\/12\/bamboo-rooms-small1.png","contentUrl":"https:\/\/www.bambootattoo.co.uk\/wp-content\/uploads\/2017\/12\/bamboo-rooms-small1.png","width":264,"height":200,"caption":"The Bamboo Rooms&reg;"},"image":{"@id":"https:\/\/www.bambootattoo.co.uk\/fr\/#\/schema\/logo\/image\/"},"sameAs":["https:\/\/www.facebook.com\/thebamboorooms\/","https:\/\/x.com\/TheBambooRooms1"]}]}},"_links":{"self":[{"href":"https:\/\/www.bambootattoo.co.uk\/fr\/wp-json\/wp\/v2\/pages\/6244","targetHints":{"allow":["GET"]}}],"collection":[{"href":"https:\/\/www.bambootattoo.co.uk\/fr\/wp-json\/wp\/v2\/pages"}],"about":[{"href":"https:\/\/www.bambootattoo.co.uk\/fr\/wp-json\/wp\/v2\/types\/page"}],"author":[{"embeddable":true,"href":"https:\/\/www.bambootattoo.co.uk\/fr\/wp-json\/wp\/v2\/users\/4"}],"replies":[{"embeddable":true,"href":"https:\/\/www.bambootattoo.co.uk\/fr\/wp-json\/wp\/v2\/comments?post=6244"}],"version-history":[{"count":1,"href":"https:\/\/www.bambootattoo.co.uk\/fr\/wp-json\/wp\/v2\/pages\/6244\/revisions"}],"predecessor-version":[{"id":15446,"href":"https:\/\/www.bambootattoo.co.uk\/fr\/wp-json\/wp\/v2\/pages\/6244\/revisions\/15446"}],"wp:attachment":[{"href":"https:\/\/www.bambootattoo.co.uk\/fr\/wp-json\/wp\/v2\/media?parent=6244"}],"curies":[{"name":"wp","href":"https:\/\/api.w.org\/{rel}","templated":true}]}}