{"id":6253,"date":"2017-12-02T11:37:54","date_gmt":"2017-12-02T04:37:54","guid":{"rendered":"http:\/\/newversion.bambootattoo.co.uk\/bambou-vs-machine\/"},"modified":"2023-10-13T06:34:00","modified_gmt":"2023-10-12T23:34:00","slug":"bambou-vs-machine","status":"publish","type":"page","link":"https:\/\/www.bambootattoo.co.uk\/fr\/bambou-vs-machine\/","title":{"rendered":"Bambou vs machine"},"content":{"rendered":"<section class=\"l-section wpb_row height_medium\"><div class=\"l-section-h i-cf\"><div class=\"g-cols vc_row via_flex valign_top type_default stacking_default\"><div class=\"vc_col-sm-12 wpb_column vc_column_container\"><div class=\"vc_column-inner\"><div class=\"wpb_wrapper\"><h1 class=\"w-text us_custom_eb849559\"><span class=\"w-text-h\"><span class=\"w-text-value\">Pourquoi le Bambou?<\/span><\/span><\/h1><\/div><\/div><\/div><\/div><\/div><\/section><section class=\"l-section wpb_row height_small\"><div class=\"l-section-h i-cf\"><div class=\"g-cols vc_row via_flex valign_top type_default stacking_default\"><div class=\"vc_col-sm-6 wpb_column vc_column_container\"><div class=\"vc_column-inner\"><div class=\"wpb_wrapper\"><div class=\"wpb_text_column\"><div class=\"wpb_wrapper\"><p><strong>Comment \u00e7a marche et pourquoi est-ce diff\u00e9rent du tatouage conventionnel \u00e0 la machine?<\/strong><\/p>\n<p>Des aiguilles tr\u00e8s fines sont solidement attach\u00e9es \u00e0 l\u2019extr\u00e9mit\u00e9 d\u2019un mince morceau de bambou \u00e0 l\u2019aide de coton. Habituellement, 5 aiguilles sont utilis\u00e9es dans ce processus, mais cela peut varier selon le type et la taille du tatouage. Les aiguilles sont plac\u00e9es en ligne plut\u00f4t quand rond, ce qui permet d\u2019obtenir une ligne tr\u00e8s fine. Ceci est ensuite doucement tapot\u00e9 dans la peau.<\/p>\n<p>Avec le tatouage au bambou, la peau est perfor\u00e9e mais pas d\u00e9chir\u00e9e, ce qui entra\u00eene une r\u00e9duction significative de la douleur et des saignements. Par cons\u00e9quent, il n\u2019y a pas de cro\u00fbte comme avec la plupart des tatouages fait \u00e0 la machine, ce qui entra\u00eene un processus de gu\u00e9rison tr\u00e8s rapide, g\u00e9n\u00e9ralement environ quatre jours. Le tatouage ne se fissure donc pas et ne devient pas irr\u00e9gulier, ce qui signifie qu\u2019il n\u2019y a pas besoin de retouches. De plus, comme il n\u2019y a pas de sang pour faire sortir la couleur de la peau, l\u2019encre se d\u00e9pose assez profond\u00e9ment et aucune couleur n\u2019est perdue. Les Tatouages au bambou ont tendance \u00e0 conserver extr\u00eamement bien leurs couleurs, elles restent \u00e9clatantes et color\u00e9es. Il n\u2019y a absolument aucun probl\u00e8me \u00e0 s\u2019exposer au soleil en suivant la m\u00e9thode de tatouage au bambou. Un autre avantage majeur avec le tatouage au bambou c\u2019est qu\u2019il est 90% moins douloureux que le tatouage \u00e0 la machine.<\/p>\n<p>Les tatouages au bambou sont recommand\u00e9s pour des zones d\u00e9licates \u00e0 tatouer comme les pieds, qui ne sont pas des zones id\u00e9ales pour le tatouage \u00e0 la machine en raison du frottement et de la d\u00e9coloration in\u00e9vitable caus\u00e9e par le port des chaussettes et des chaussures.<\/p>\n<p><strong>Nous r\u00e9alisons des tatouages au bambou personnalis\u00e9s et ne copierons jamais votre tatouage de sorte que vous aurez toujours un design magnifique et unique. Nous allons travailler ensemble avec le client pour concevoir la pi\u00e8ce sur mesure parfaite.<\/strong><\/p>\n<\/div><\/div><\/div><\/div><\/div><div class=\"vc_col-sm-6 wpb_column vc_column_container\"><div class=\"vc_column-inner\"><div class=\"wpb_wrapper\"><div class=\"wpb_text_column\"><div class=\"wpb_wrapper\"><p><img loading=\"lazy\" decoding=\"async\" class=\"responsive aligncenter wp-image-7112 size-full\" title=\"Ken at Work\" src=\"https:\/\/www.bambootattoo.co.uk\/wp-content\/uploads\/2021\/09\/Ken-at-Work.jpg\" alt=\"Ken at Work\" width=\"1440\" height=\"1440\" srcset=\"https:\/\/www.bambootattoo.co.uk\/wp-content\/uploads\/2021\/09\/Ken-at-Work.jpg 1440w, https:\/\/www.bambootattoo.co.uk\/wp-content\/uploads\/2021\/09\/Ken-at-Work-440x440.jpg 440w, https:\/\/www.bambootattoo.co.uk\/wp-content\/uploads\/2021\/09\/Ken-at-Work-150x150.jpg 150w, https:\/\/www.bambootattoo.co.uk\/wp-content\/uploads\/2021\/09\/Ken-at-Work-300x300.jpg 300w, https:\/\/www.bambootattoo.co.uk\/wp-content\/uploads\/2021\/09\/Ken-at-Work-1024x1024.jpg 1024w, https:\/\/www.bambootattoo.co.uk\/wp-content\/uploads\/2021\/09\/Ken-at-Work-350x350.jpg 350w, https:\/\/www.bambootattoo.co.uk\/wp-content\/uploads\/2021\/09\/Ken-at-Work-768x768.jpg 768w\" sizes=\"auto, (max-width: 1440px) 100vw, 1440px\" \/><\/p>\n<\/div><\/div><\/div><\/div><\/div><\/div><\/div><\/section>\n","protected":false},"excerpt":{"rendered":"Pourquoi le Bambou?Comment \u00e7a marche et pourquoi est-ce diff\u00e9rent du tatouage conventionnel \u00e0 la machine? Des aiguilles tr\u00e8s fines sont solidement attach\u00e9es \u00e0 l\u2019extr\u00e9mit\u00e9 d\u2019un mince morceau de bambou \u00e0 l\u2019aide de coton. Habituellement, 5 aiguilles sont utilis\u00e9es dans ce processus, mais cela peut varier selon le type et la taille du tatouage. Les aiguilles...","protected":false},"author":4,"featured_media":0,"parent":0,"menu_order":0,"comment_status":"closed","ping_status":"closed","template":"","meta":{"_acf_changed":false,"footnotes":""},"class_list":["post-6253","page","type-page","status-publish","hentry"],"acf":[],"yoast_head":"<!-- This site is optimized with the Yoast SEO plugin v27.4 - https:\/\/yoast.com\/product\/yoast-seo-wordpress\/ -->\n<title>Bambou vs machine - Pourquoi le Bambou?<\/title>\n<meta name=\"description\" content=\"Comment \u00e7a marche et pourquoi est-ce diff\u00e9rent du tatouage conventionnel \u00e0 la machine? Bambou vs machine - Pourquoi le Bambou?\" \/>\n<meta name=\"robots\" content=\"index, follow, max-snippet:-1, max-image-preview:large, max-video-preview:-1\" \/>\n<link rel=\"canonical\" href=\"https:\/\/www.bambootattoo.co.uk\/fr\/bambou-vs-machine\/\" \/>\n<meta property=\"og:locale\" content=\"fr_FR\" \/>\n<meta property=\"og:type\" content=\"article\" \/>\n<meta property=\"og:title\" content=\"Bambou vs machine - Pourquoi le Bambou?\" \/>\n<meta property=\"og:description\" content=\"Comment \u00e7a marche et pourquoi est-ce diff\u00e9rent du tatouage conventionnel \u00e0 la machine? Bambou vs machine - Pourquoi le Bambou?\" \/>\n<meta property=\"og:url\" content=\"https:\/\/www.bambootattoo.co.uk\/fr\/bambou-vs-machine\/\" \/>\n<meta property=\"og:site_name\" content=\"The Bamboo Rooms\u00ae - home of multiple award winning tattoo artist Keng\" \/>\n<meta property=\"article:publisher\" content=\"https:\/\/www.facebook.com\/thebamboorooms\/\" \/>\n<meta property=\"article:modified_time\" content=\"2023-10-12T23:34:00+00:00\" \/>\n<meta property=\"og:image\" content=\"https:\/\/www.bambootattoo.co.uk\/wp-content\/uploads\/2021\/09\/Ken-at-Work.jpg\" \/>\n<meta name=\"twitter:card\" content=\"summary_large_image\" \/>\n<meta name=\"twitter:site\" content=\"@TheBambooRooms1\" \/>\n<meta name=\"twitter:label1\" content=\"Dur\u00e9e de lecture estim\u00e9e\" \/>\n\t<meta name=\"twitter:data1\" content=\"2 minutes\" \/>\n<script type=\"application\/ld+json\" class=\"yoast-schema-graph\">{\"@context\":\"https:\\\/\\\/schema.org\",\"@graph\":[{\"@type\":\"WebPage\",\"@id\":\"https:\\\/\\\/www.bambootattoo.co.uk\\\/fr\\\/bambou-vs-machine\\\/\",\"url\":\"https:\\\/\\\/www.bambootattoo.co.uk\\\/fr\\\/bambou-vs-machine\\\/\",\"name\":\"Bambou vs machine - Pourquoi le Bambou?\",\"isPartOf\":{\"@id\":\"https:\\\/\\\/www.bambootattoo.co.uk\\\/fr\\\/#website\"},\"primaryImageOfPage\":{\"@id\":\"https:\\\/\\\/www.bambootattoo.co.uk\\\/fr\\\/bambou-vs-machine\\\/#primaryimage\"},\"image\":{\"@id\":\"https:\\\/\\\/www.bambootattoo.co.uk\\\/fr\\\/bambou-vs-machine\\\/#primaryimage\"},\"thumbnailUrl\":\"https:\\\/\\\/www.bambootattoo.co.uk\\\/wp-content\\\/uploads\\\/2021\\\/09\\\/Ken-at-Work.jpg\",\"datePublished\":\"2017-12-02T04:37:54+00:00\",\"dateModified\":\"2023-10-12T23:34:00+00:00\",\"description\":\"Comment \u00e7a marche et pourquoi est-ce diff\u00e9rent du tatouage conventionnel \u00e0 la machine? Bambou vs machine - Pourquoi le Bambou?\",\"breadcrumb\":{\"@id\":\"https:\\\/\\\/www.bambootattoo.co.uk\\\/fr\\\/bambou-vs-machine\\\/#breadcrumb\"},\"inLanguage\":\"fr-FR\",\"potentialAction\":[{\"@type\":\"ReadAction\",\"target\":[\"https:\\\/\\\/www.bambootattoo.co.uk\\\/fr\\\/bambou-vs-machine\\\/\"]}]},{\"@type\":\"ImageObject\",\"inLanguage\":\"fr-FR\",\"@id\":\"https:\\\/\\\/www.bambootattoo.co.uk\\\/fr\\\/bambou-vs-machine\\\/#primaryimage\",\"url\":\"https:\\\/\\\/www.bambootattoo.co.uk\\\/wp-content\\\/uploads\\\/2021\\\/09\\\/Ken-at-Work.jpg\",\"contentUrl\":\"https:\\\/\\\/www.bambootattoo.co.uk\\\/wp-content\\\/uploads\\\/2021\\\/09\\\/Ken-at-Work.jpg\"},{\"@type\":\"BreadcrumbList\",\"@id\":\"https:\\\/\\\/www.bambootattoo.co.uk\\\/fr\\\/bambou-vs-machine\\\/#breadcrumb\",\"itemListElement\":[{\"@type\":\"ListItem\",\"position\":1,\"name\":\"Home\",\"item\":\"https:\\\/\\\/www.bambootattoo.co.uk\\\/fr\\\/\"},{\"@type\":\"ListItem\",\"position\":2,\"name\":\"Bambou vs machine\"}]},{\"@type\":\"WebSite\",\"@id\":\"https:\\\/\\\/www.bambootattoo.co.uk\\\/fr\\\/#website\",\"url\":\"https:\\\/\\\/www.bambootattoo.co.uk\\\/fr\\\/\",\"name\":\"The Bamboo Rooms\u00ae - home of multiple award winning tattoo artist Keng\",\"description\":\"in Otley - Leeds (UK) and Koh Samui (Thailand)\",\"publisher\":{\"@id\":\"https:\\\/\\\/www.bambootattoo.co.uk\\\/fr\\\/#organization\"},\"potentialAction\":[{\"@type\":\"SearchAction\",\"target\":{\"@type\":\"EntryPoint\",\"urlTemplate\":\"https:\\\/\\\/www.bambootattoo.co.uk\\\/fr\\\/?s={search_term_string}\"},\"query-input\":{\"@type\":\"PropertyValueSpecification\",\"valueRequired\":true,\"valueName\":\"search_term_string\"}}],\"inLanguage\":\"fr-FR\"},{\"@type\":\"Organization\",\"@id\":\"https:\\\/\\\/www.bambootattoo.co.uk\\\/fr\\\/#organization\",\"name\":\"The Bamboo Rooms&reg;\",\"url\":\"https:\\\/\\\/www.bambootattoo.co.uk\\\/fr\\\/\",\"logo\":{\"@type\":\"ImageObject\",\"inLanguage\":\"fr-FR\",\"@id\":\"https:\\\/\\\/www.bambootattoo.co.uk\\\/fr\\\/#\\\/schema\\\/logo\\\/image\\\/\",\"url\":\"https:\\\/\\\/www.bambootattoo.co.uk\\\/wp-content\\\/uploads\\\/2017\\\/12\\\/bamboo-rooms-small1.png\",\"contentUrl\":\"https:\\\/\\\/www.bambootattoo.co.uk\\\/wp-content\\\/uploads\\\/2017\\\/12\\\/bamboo-rooms-small1.png\",\"width\":264,\"height\":200,\"caption\":\"The Bamboo Rooms&reg;\"},\"image\":{\"@id\":\"https:\\\/\\\/www.bambootattoo.co.uk\\\/fr\\\/#\\\/schema\\\/logo\\\/image\\\/\"},\"sameAs\":[\"https:\\\/\\\/www.facebook.com\\\/thebamboorooms\\\/\",\"https:\\\/\\\/x.com\\\/TheBambooRooms1\"]}]}<\/script>\n<!-- \/ Yoast SEO plugin. -->","yoast_head_json":{"title":"Bambou vs machine - Pourquoi le Bambou?","description":"Comment \u00e7a marche et pourquoi est-ce diff\u00e9rent du tatouage conventionnel \u00e0 la machine? Bambou vs machine - Pourquoi le Bambou?","robots":{"index":"index","follow":"follow","max-snippet":"max-snippet:-1","max-image-preview":"max-image-preview:large","max-video-preview":"max-video-preview:-1"},"canonical":"https:\/\/www.bambootattoo.co.uk\/fr\/bambou-vs-machine\/","og_locale":"fr_FR","og_type":"article","og_title":"Bambou vs machine - Pourquoi le Bambou?","og_description":"Comment \u00e7a marche et pourquoi est-ce diff\u00e9rent du tatouage conventionnel \u00e0 la machine? Bambou vs machine - Pourquoi le Bambou?","og_url":"https:\/\/www.bambootattoo.co.uk\/fr\/bambou-vs-machine\/","og_site_name":"The Bamboo Rooms\u00ae - home of multiple award winning tattoo artist Keng","article_publisher":"https:\/\/www.facebook.com\/thebamboorooms\/","article_modified_time":"2023-10-12T23:34:00+00:00","og_image":[{"url":"https:\/\/www.bambootattoo.co.uk\/wp-content\/uploads\/2021\/09\/Ken-at-Work.jpg","type":"","width":"","height":""}],"twitter_card":"summary_large_image","twitter_site":"@TheBambooRooms1","twitter_misc":{"Dur\u00e9e de lecture estim\u00e9e":"2 minutes"},"schema":{"@context":"https:\/\/schema.org","@graph":[{"@type":"WebPage","@id":"https:\/\/www.bambootattoo.co.uk\/fr\/bambou-vs-machine\/","url":"https:\/\/www.bambootattoo.co.uk\/fr\/bambou-vs-machine\/","name":"Bambou vs machine - Pourquoi le Bambou?","isPartOf":{"@id":"https:\/\/www.bambootattoo.co.uk\/fr\/#website"},"primaryImageOfPage":{"@id":"https:\/\/www.bambootattoo.co.uk\/fr\/bambou-vs-machine\/#primaryimage"},"image":{"@id":"https:\/\/www.bambootattoo.co.uk\/fr\/bambou-vs-machine\/#primaryimage"},"thumbnailUrl":"https:\/\/www.bambootattoo.co.uk\/wp-content\/uploads\/2021\/09\/Ken-at-Work.jpg","datePublished":"2017-12-02T04:37:54+00:00","dateModified":"2023-10-12T23:34:00+00:00","description":"Comment \u00e7a marche et pourquoi est-ce diff\u00e9rent du tatouage conventionnel \u00e0 la machine? Bambou vs machine - Pourquoi le Bambou?","breadcrumb":{"@id":"https:\/\/www.bambootattoo.co.uk\/fr\/bambou-vs-machine\/#breadcrumb"},"inLanguage":"fr-FR","potentialAction":[{"@type":"ReadAction","target":["https:\/\/www.bambootattoo.co.uk\/fr\/bambou-vs-machine\/"]}]},{"@type":"ImageObject","inLanguage":"fr-FR","@id":"https:\/\/www.bambootattoo.co.uk\/fr\/bambou-vs-machine\/#primaryimage","url":"https:\/\/www.bambootattoo.co.uk\/wp-content\/uploads\/2021\/09\/Ken-at-Work.jpg","contentUrl":"https:\/\/www.bambootattoo.co.uk\/wp-content\/uploads\/2021\/09\/Ken-at-Work.jpg"},{"@type":"BreadcrumbList","@id":"https:\/\/www.bambootattoo.co.uk\/fr\/bambou-vs-machine\/#breadcrumb","itemListElement":[{"@type":"ListItem","position":1,"name":"Home","item":"https:\/\/www.bambootattoo.co.uk\/fr\/"},{"@type":"ListItem","position":2,"name":"Bambou vs machine"}]},{"@type":"WebSite","@id":"https:\/\/www.bambootattoo.co.uk\/fr\/#website","url":"https:\/\/www.bambootattoo.co.uk\/fr\/","name":"The Bamboo Rooms\u00ae - home of multiple award winning tattoo artist Keng","description":"in Otley - Leeds (UK) and Koh Samui (Thailand)","publisher":{"@id":"https:\/\/www.bambootattoo.co.uk\/fr\/#organization"},"potentialAction":[{"@type":"SearchAction","target":{"@type":"EntryPoint","urlTemplate":"https:\/\/www.bambootattoo.co.uk\/fr\/?s={search_term_string}"},"query-input":{"@type":"PropertyValueSpecification","valueRequired":true,"valueName":"search_term_string"}}],"inLanguage":"fr-FR"},{"@type":"Organization","@id":"https:\/\/www.bambootattoo.co.uk\/fr\/#organization","name":"The Bamboo Rooms&reg;","url":"https:\/\/www.bambootattoo.co.uk\/fr\/","logo":{"@type":"ImageObject","inLanguage":"fr-FR","@id":"https:\/\/www.bambootattoo.co.uk\/fr\/#\/schema\/logo\/image\/","url":"https:\/\/www.bambootattoo.co.uk\/wp-content\/uploads\/2017\/12\/bamboo-rooms-small1.png","contentUrl":"https:\/\/www.bambootattoo.co.uk\/wp-content\/uploads\/2017\/12\/bamboo-rooms-small1.png","width":264,"height":200,"caption":"The Bamboo Rooms&reg;"},"image":{"@id":"https:\/\/www.bambootattoo.co.uk\/fr\/#\/schema\/logo\/image\/"},"sameAs":["https:\/\/www.facebook.com\/thebamboorooms\/","https:\/\/x.com\/TheBambooRooms1"]}]}},"_links":{"self":[{"href":"https:\/\/www.bambootattoo.co.uk\/fr\/wp-json\/wp\/v2\/pages\/6253","targetHints":{"allow":["GET"]}}],"collection":[{"href":"https:\/\/www.bambootattoo.co.uk\/fr\/wp-json\/wp\/v2\/pages"}],"about":[{"href":"https:\/\/www.bambootattoo.co.uk\/fr\/wp-json\/wp\/v2\/types\/page"}],"author":[{"embeddable":true,"href":"https:\/\/www.bambootattoo.co.uk\/fr\/wp-json\/wp\/v2\/users\/4"}],"replies":[{"embeddable":true,"href":"https:\/\/www.bambootattoo.co.uk\/fr\/wp-json\/wp\/v2\/comments?post=6253"}],"version-history":[{"count":1,"href":"https:\/\/www.bambootattoo.co.uk\/fr\/wp-json\/wp\/v2\/pages\/6253\/revisions"}],"predecessor-version":[{"id":15442,"href":"https:\/\/www.bambootattoo.co.uk\/fr\/wp-json\/wp\/v2\/pages\/6253\/revisions\/15442"}],"wp:attachment":[{"href":"https:\/\/www.bambootattoo.co.uk\/fr\/wp-json\/wp\/v2\/media?parent=6253"}],"curies":[{"name":"wp","href":"https:\/\/api.w.org\/{rel}","templated":true}]}}