{"id":6501,"date":"2017-12-06T17:58:54","date_gmt":"2017-12-06T10:58:54","guid":{"rendered":"http:\/\/newversion.bambootattoo.co.uk\/keng\/"},"modified":"2021-01-15T17:35:42","modified_gmt":"2021-01-15T10:35:42","slug":"keng","status":"publish","type":"page","link":"https:\/\/www.bambootattoo.co.uk\/fr\/keng\/","title":{"rendered":"Keng"},"content":{"rendered":"<section class=\"l-section wpb_row height_small\"><div class=\"l-section-h i-cf\"><div class=\"g-cols vc_row via_flex valign_top type_default stacking_default\"><div class=\"vc_col-sm-12 wpb_column vc_column_container\"><div class=\"vc_column-inner\"><div class=\"wpb_wrapper\"><div class=\"wpb_text_column\"><div class=\"wpb_wrapper\"><h1 style=\"text-align: center;\">\u00c0 Propos de Keng<\/h1>\n<\/div><\/div><\/div><\/div><\/div><\/div><\/div><\/section><section class=\"l-section wpb_row height_small\"><div class=\"l-section-h i-cf\"><div class=\"g-cols vc_row via_flex valign_top type_default stacking_default\"><div class=\"vc_col-sm-6 wpb_column vc_column_container\"><div class=\"vc_column-inner\"><div class=\"wpb_wrapper\"><div class=\"wpb_text_column\"><div class=\"wpb_wrapper\"><p>Keng est un tatoueur exceptionnellement talentueux qui se sp\u00e9cialise dans l&rsquo;art maintenant tr\u00e8s recherch\u00e9 du tatouage au bambou. Nous croyons que Keng est, \u00e0 l&rsquo;heure actuelle, le seul artiste pratiquant le tatouage au Bamboo, qualifi\u00e9 et exp\u00e9riment\u00e9 au Royaume-Uni. Keng pratique le tatouage au bambou depuis plus de 18 ans.<br \/>\nBien que la plupart de l&rsquo;ann\u00e9e, nous r\u00e9sidons sur la belle \u00eele de Samui, Keng se rend au Royaume-Uni un mois par an pour satisfaire les demandes de ses clients U.K.<\/p>\n<p>Keng dessine depuis aussi longtemps qu&rsquo;il le peut, \u00e9tant assis chaque week-end comme un enfant qui dessine dans son temple local en Tha\u00eflande. Son talent fut bient\u00f4t remarqu\u00e9 par les moines du temple, o\u00f9 des cours de dessin et de peinture furent organis\u00e9s pour lui permettre de d\u00e9velopper son talent. \u00c0 l&rsquo;\u00e2ge tendre de 10 ans, les moines tha\u00eflandais ont organis\u00e9 pour Keng de peindre les temples locaux orn\u00e9s\u00a0 avec des motifs tha\u00eflandais. Prenant Keng sous leur aile, les moines tha\u00eflandais lui demand\u00e8rent de vivre dans le Temple pour s&rsquo;entra\u00eener \u00e0 devenir Grand Ma\u00eetre Moine. Ses parents, cependant stipulant qu&rsquo;il n\u2019a fini sa scolarit\u00e9, ont rendu cela irr\u00e9alisable, cependant Keng a n\u00e9anmoins visit\u00e9 le Temple chaque week-end pour se familiariser avec les sorts bouddhistes, les incantations et l&rsquo;art du tatouage au bambou.<\/p>\n<p>Seulement 5 ans plus tard, apr\u00e8s son introduction \u00e0 l&rsquo;art et sp\u00e9cialement l&rsquo;art du bambou, Keng a compl\u00e9t\u00e9 son premier tatouage au bambou (normalement l&rsquo;entra\u00eenement pour cette forme d&rsquo;art hautement sp\u00e9cialis\u00e9e et spirituelle prend au moins 8 ans). En d\u00e9pit de son talent \u00e9vident, la famille de Keng l&rsquo;a envoy\u00e9 \u00e0 l&rsquo;\u00e9cole de m\u00e9decine, o\u00f9 il a \u00e9tudi\u00e9 la m\u00e9decine jusqu&rsquo;\u00e0 ce que son p\u00e8re soit tristement d\u00e9c\u00e9d\u00e9 et il a \u00e9t\u00e9 alors capable de tracer son propre chemin de carri\u00e8re. Keng est ensuite retourn\u00e9 au Temple et a termin\u00e9 son entra\u00eenement de tatouage au bambou.<\/p>\n<p>The Bamboo Rooms<sup>&reg;<\/sup> est ouvert et tenue avec succ\u00e8s par Keng et Lauren depuis dix ans maintenant au Royaume-Uni et en Tha\u00eflande.<\/p>\n<\/div><\/div><\/div><\/div><\/div><div class=\"vc_col-sm-6 wpb_column vc_column_container\"><div class=\"vc_column-inner\"><div class=\"wpb_wrapper\"><div class=\"w-image align_center\"><div class=\"w-image-h\"><img decoding=\"async\" width=\"640\" height=\"480\" src=\"https:\/\/www.bambootattoo.co.uk\/wp-content\/uploads\/2017\/12\/ket-at-work1-1.jpg\" class=\"attachment-full size-full\" alt=\"\" loading=\"lazy\" srcset=\"https:\/\/www.bambootattoo.co.uk\/wp-content\/uploads\/2017\/12\/ket-at-work1-1.jpg 640w, https:\/\/www.bambootattoo.co.uk\/wp-content\/uploads\/2017\/12\/ket-at-work1-1-587x440.jpg 587w, https:\/\/www.bambootattoo.co.uk\/wp-content\/uploads\/2017\/12\/ket-at-work1-1-300x225.jpg 300w\" sizes=\"auto, (max-width: 640px) 100vw, 640px\" \/><\/div><\/div><\/div><\/div><\/div><\/div><\/div><\/section><section class=\"l-section wpb_row height_small\"><div class=\"l-section-h i-cf\"><div class=\"g-cols vc_row via_flex valign_top type_default stacking_default\"><div class=\"vc_col-sm-12 wpb_column vc_column_container\"><div class=\"vc_column-inner\"><div class=\"wpb_wrapper\"><div class=\"wpb_text_column\"><div class=\"wpb_wrapper\"><h2 style=\"text-align: center;\">Travail de Keng<\/h2>\n<\/div><\/div><\/div><\/div><\/div><\/div><\/div><\/section><section class=\"l-section wpb_row height_small\"><div class=\"l-section-h i-cf\"><div class=\"g-cols vc_row via_flex valign_top type_default stacking_default\"><div class=\"vc_col-sm-12 wpb_column vc_column_container\"><div class=\"vc_column-inner\"><div class=\"wpb_wrapper\"><div class=\"w-grid us_grid type_grid layout_gallery_default cols_6 preload_style_spinner\" id=\"us_grid_1\" style=\"--columns:6;\" data-filterable=\"true\"><style>@media (max-width:767px){#us_grid_1{--columns:4!important}}@media (max-width:479px){#us_grid_1{--columns:2!important}}.layout_gallery_default .w-grid-item-h{}<\/style><div class=\"w-grid-list\">\t<article class=\"w-grid-item size_1x1 post-6340 attachment type-attachment status-inherit hentry\" data-id=\"6340\">\r\n\t\t<div class=\"w-grid-item-h\">\r\n\t\t\t\t\t\t\t<a ref=\"magnificPopupGrid\" href=\"https:\/\/www.bambootattoo.co.uk\/wp-content\/uploads\/2017\/12\/bamboo-rooms-01-600x9001.jpg\" class=\"w-grid-item-anchor\" aria-label=\"bamboo-rooms-01-600&#215;900[1]\"><\/a>\r\n\t\t\t\t\t\t<div class=\"w-post-elm post_image usg_post_image_1 stretched\"><img loading=\"lazy\" decoding=\"async\" width=\"350\" height=\"350\" src=\"https:\/\/www.bambootattoo.co.uk\/wp-content\/uploads\/2017\/12\/bamboo-rooms-01-600x9001-350x350.jpg\" class=\"attachment-us_350_350_crop size-us_350_350_crop\" alt=\"\" srcset=\"https:\/\/www.bambootattoo.co.uk\/wp-content\/uploads\/2017\/12\/bamboo-rooms-01-600x9001-350x350.jpg 350w, https:\/\/www.bambootattoo.co.uk\/wp-content\/uploads\/2017\/12\/bamboo-rooms-01-600x9001-150x150.jpg 150w\" sizes=\"auto, (max-width: 350px) 100vw, 350px\" \/><\/div>\t\t<\/div>\r\n\t\t\t<\/article>\r\n\t<article class=\"w-grid-item size_1x1 post-6343 attachment type-attachment status-inherit hentry\" data-id=\"6343\">\r\n\t\t<div class=\"w-grid-item-h\">\r\n\t\t\t\t\t\t\t<a ref=\"magnificPopupGrid\" href=\"https:\/\/www.bambootattoo.co.uk\/wp-content\/uploads\/2017\/12\/bamboo-rooms-02-600x9001.jpg\" class=\"w-grid-item-anchor\" aria-label=\"bamboo-rooms-02-600&#215;900[1]\"><\/a>\r\n\t\t\t\t\t\t<div class=\"w-post-elm post_image usg_post_image_1 stretched\"><img loading=\"lazy\" decoding=\"async\" width=\"350\" height=\"350\" src=\"https:\/\/www.bambootattoo.co.uk\/wp-content\/uploads\/2017\/12\/bamboo-rooms-02-600x9001-350x350.jpg\" class=\"attachment-us_350_350_crop size-us_350_350_crop\" alt=\"\" srcset=\"https:\/\/www.bambootattoo.co.uk\/wp-content\/uploads\/2017\/12\/bamboo-rooms-02-600x9001-350x350.jpg 350w, https:\/\/www.bambootattoo.co.uk\/wp-content\/uploads\/2017\/12\/bamboo-rooms-02-600x9001-150x150.jpg 150w\" sizes=\"auto, (max-width: 350px) 100vw, 350px\" \/><\/div>\t\t<\/div>\r\n\t\t\t<\/article>\r\n\t<article class=\"w-grid-item size_1x1 post-6346 attachment type-attachment status-inherit hentry\" data-id=\"6346\">\r\n\t\t<div class=\"w-grid-item-h\">\r\n\t\t\t\t\t\t\t<a ref=\"magnificPopupGrid\" href=\"https:\/\/www.bambootattoo.co.uk\/wp-content\/uploads\/2017\/12\/bamboo-rooms-03-600x9001.jpg\" class=\"w-grid-item-anchor\" aria-label=\"bamboo-rooms-03-600&#215;900[1]\"><\/a>\r\n\t\t\t\t\t\t<div class=\"w-post-elm post_image usg_post_image_1 stretched\"><img loading=\"lazy\" decoding=\"async\" width=\"350\" height=\"350\" src=\"https:\/\/www.bambootattoo.co.uk\/wp-content\/uploads\/2017\/12\/bamboo-rooms-03-600x9001-350x350.jpg\" class=\"attachment-us_350_350_crop size-us_350_350_crop\" alt=\"\" srcset=\"https:\/\/www.bambootattoo.co.uk\/wp-content\/uploads\/2017\/12\/bamboo-rooms-03-600x9001-350x350.jpg 350w, https:\/\/www.bambootattoo.co.uk\/wp-content\/uploads\/2017\/12\/bamboo-rooms-03-600x9001-150x150.jpg 150w\" sizes=\"auto, (max-width: 350px) 100vw, 350px\" \/><\/div>\t\t<\/div>\r\n\t\t\t<\/article>\r\n\t<article class=\"w-grid-item size_1x1 post-6349 attachment type-attachment status-inherit hentry\" data-id=\"6349\">\r\n\t\t<div class=\"w-grid-item-h\">\r\n\t\t\t\t\t\t\t<a ref=\"magnificPopupGrid\" href=\"https:\/\/www.bambootattoo.co.uk\/wp-content\/uploads\/2017\/12\/bamboo-rooms-04-600x9001.jpg\" class=\"w-grid-item-anchor\" aria-label=\"bamboo-rooms-04-600&#215;900[1]\"><\/a>\r\n\t\t\t\t\t\t<div class=\"w-post-elm post_image usg_post_image_1 stretched\"><img loading=\"lazy\" decoding=\"async\" width=\"350\" height=\"350\" src=\"https:\/\/www.bambootattoo.co.uk\/wp-content\/uploads\/2017\/12\/bamboo-rooms-04-600x9001-350x350.jpg\" class=\"attachment-us_350_350_crop size-us_350_350_crop\" alt=\"\" srcset=\"https:\/\/www.bambootattoo.co.uk\/wp-content\/uploads\/2017\/12\/bamboo-rooms-04-600x9001-350x350.jpg 350w, https:\/\/www.bambootattoo.co.uk\/wp-content\/uploads\/2017\/12\/bamboo-rooms-04-600x9001-150x150.jpg 150w\" sizes=\"auto, (max-width: 350px) 100vw, 350px\" \/><\/div>\t\t<\/div>\r\n\t\t\t<\/article>\r\n\t<article class=\"w-grid-item size_1x1 post-6352 attachment type-attachment status-inherit hentry\" data-id=\"6352\">\r\n\t\t<div class=\"w-grid-item-h\">\r\n\t\t\t\t\t\t\t<a ref=\"magnificPopupGrid\" href=\"https:\/\/www.bambootattoo.co.uk\/wp-content\/uploads\/2017\/12\/bamboo-rooms-05-600x9001.jpg\" class=\"w-grid-item-anchor\" aria-label=\"bamboo-rooms-05-600&#215;900[1]\"><\/a>\r\n\t\t\t\t\t\t<div class=\"w-post-elm post_image usg_post_image_1 stretched\"><img loading=\"lazy\" decoding=\"async\" width=\"350\" height=\"350\" src=\"https:\/\/www.bambootattoo.co.uk\/wp-content\/uploads\/2017\/12\/bamboo-rooms-05-600x9001-350x350.jpg\" class=\"attachment-us_350_350_crop size-us_350_350_crop\" alt=\"\" srcset=\"https:\/\/www.bambootattoo.co.uk\/wp-content\/uploads\/2017\/12\/bamboo-rooms-05-600x9001-350x350.jpg 350w, https:\/\/www.bambootattoo.co.uk\/wp-content\/uploads\/2017\/12\/bamboo-rooms-05-600x9001-150x150.jpg 150w\" sizes=\"auto, (max-width: 350px) 100vw, 350px\" \/><\/div>\t\t<\/div>\r\n\t\t\t<\/article>\r\n\t<article class=\"w-grid-item size_1x1 post-6355 attachment type-attachment status-inherit hentry\" data-id=\"6355\">\r\n\t\t<div class=\"w-grid-item-h\">\r\n\t\t\t\t\t\t\t<a ref=\"magnificPopupGrid\" href=\"https:\/\/www.bambootattoo.co.uk\/wp-content\/uploads\/2017\/12\/bamboo-rooms-06-600x9001.jpg\" class=\"w-grid-item-anchor\" aria-label=\"bamboo-rooms-06-600&#215;900[1]\"><\/a>\r\n\t\t\t\t\t\t<div class=\"w-post-elm post_image usg_post_image_1 stretched\"><img loading=\"lazy\" decoding=\"async\" width=\"350\" height=\"350\" src=\"https:\/\/www.bambootattoo.co.uk\/wp-content\/uploads\/2017\/12\/bamboo-rooms-06-600x9001-350x350.jpg\" class=\"attachment-us_350_350_crop size-us_350_350_crop\" alt=\"\" srcset=\"https:\/\/www.bambootattoo.co.uk\/wp-content\/uploads\/2017\/12\/bamboo-rooms-06-600x9001-350x350.jpg 350w, https:\/\/www.bambootattoo.co.uk\/wp-content\/uploads\/2017\/12\/bamboo-rooms-06-600x9001-150x150.jpg 150w\" sizes=\"auto, (max-width: 350px) 100vw, 350px\" \/><\/div>\t\t<\/div>\r\n\t\t\t<\/article>\r\n\t<article class=\"w-grid-item size_1x1 post-6358 attachment type-attachment status-inherit hentry\" data-id=\"6358\">\r\n\t\t<div class=\"w-grid-item-h\">\r\n\t\t\t\t\t\t\t<a ref=\"magnificPopupGrid\" href=\"https:\/\/www.bambootattoo.co.uk\/wp-content\/uploads\/2017\/12\/bamboo-rooms-07-600x9001.jpg\" class=\"w-grid-item-anchor\" aria-label=\"bamboo-rooms-07-600&#215;900[1]\"><\/a>\r\n\t\t\t\t\t\t<div class=\"w-post-elm post_image usg_post_image_1 stretched\"><img loading=\"lazy\" decoding=\"async\" width=\"350\" height=\"350\" src=\"https:\/\/www.bambootattoo.co.uk\/wp-content\/uploads\/2017\/12\/bamboo-rooms-07-600x9001-350x350.jpg\" class=\"attachment-us_350_350_crop size-us_350_350_crop\" alt=\"\" srcset=\"https:\/\/www.bambootattoo.co.uk\/wp-content\/uploads\/2017\/12\/bamboo-rooms-07-600x9001-350x350.jpg 350w, https:\/\/www.bambootattoo.co.uk\/wp-content\/uploads\/2017\/12\/bamboo-rooms-07-600x9001-150x150.jpg 150w\" sizes=\"auto, (max-width: 350px) 100vw, 350px\" \/><\/div>\t\t<\/div>\r\n\t\t\t<\/article>\r\n\t<article class=\"w-grid-item size_1x1 post-6361 attachment type-attachment status-inherit hentry\" data-id=\"6361\">\r\n\t\t<div class=\"w-grid-item-h\">\r\n\t\t\t\t\t\t\t<a ref=\"magnificPopupGrid\" href=\"https:\/\/www.bambootattoo.co.uk\/wp-content\/uploads\/2017\/12\/bamboo-rooms-08-600x9001.jpg\" class=\"w-grid-item-anchor\" aria-label=\"bamboo-rooms-08-600&#215;900[1]\"><\/a>\r\n\t\t\t\t\t\t<div class=\"w-post-elm post_image usg_post_image_1 stretched\"><img loading=\"lazy\" decoding=\"async\" width=\"350\" height=\"350\" src=\"https:\/\/www.bambootattoo.co.uk\/wp-content\/uploads\/2017\/12\/bamboo-rooms-08-600x9001-350x350.jpg\" class=\"attachment-us_350_350_crop size-us_350_350_crop\" alt=\"\" srcset=\"https:\/\/www.bambootattoo.co.uk\/wp-content\/uploads\/2017\/12\/bamboo-rooms-08-600x9001-350x350.jpg 350w, https:\/\/www.bambootattoo.co.uk\/wp-content\/uploads\/2017\/12\/bamboo-rooms-08-600x9001-150x150.jpg 150w\" sizes=\"auto, (max-width: 350px) 100vw, 350px\" \/><\/div>\t\t<\/div>\r\n\t\t\t<\/article>\r\n\t<article class=\"w-grid-item size_1x1 post-6364 attachment type-attachment status-inherit hentry\" data-id=\"6364\">\r\n\t\t<div class=\"w-grid-item-h\">\r\n\t\t\t\t\t\t\t<a ref=\"magnificPopupGrid\" href=\"https:\/\/www.bambootattoo.co.uk\/wp-content\/uploads\/2017\/12\/bamboo-rooms-11-600x9001.jpg\" class=\"w-grid-item-anchor\" aria-label=\"bamboo-rooms-11-600&#215;900[1]\"><\/a>\r\n\t\t\t\t\t\t<div class=\"w-post-elm post_image usg_post_image_1 stretched\"><img loading=\"lazy\" decoding=\"async\" width=\"350\" height=\"350\" src=\"https:\/\/www.bambootattoo.co.uk\/wp-content\/uploads\/2017\/12\/bamboo-rooms-11-600x9001-350x350.jpg\" class=\"attachment-us_350_350_crop size-us_350_350_crop\" alt=\"\" srcset=\"https:\/\/www.bambootattoo.co.uk\/wp-content\/uploads\/2017\/12\/bamboo-rooms-11-600x9001-350x350.jpg 350w, https:\/\/www.bambootattoo.co.uk\/wp-content\/uploads\/2017\/12\/bamboo-rooms-11-600x9001-150x150.jpg 150w\" sizes=\"auto, (max-width: 350px) 100vw, 350px\" \/><\/div>\t\t<\/div>\r\n\t\t\t<\/article>\r\n\t<article class=\"w-grid-item size_1x1 post-6367 attachment type-attachment status-inherit hentry\" data-id=\"6367\">\r\n\t\t<div class=\"w-grid-item-h\">\r\n\t\t\t\t\t\t\t<a ref=\"magnificPopupGrid\" href=\"https:\/\/www.bambootattoo.co.uk\/wp-content\/uploads\/2017\/12\/bamboo-rooms-10-600x9001.jpg\" class=\"w-grid-item-anchor\" aria-label=\"bamboo-rooms-10-600&#215;900[1]\"><\/a>\r\n\t\t\t\t\t\t<div class=\"w-post-elm post_image usg_post_image_1 stretched\"><img loading=\"lazy\" decoding=\"async\" width=\"350\" height=\"350\" src=\"https:\/\/www.bambootattoo.co.uk\/wp-content\/uploads\/2017\/12\/bamboo-rooms-10-600x9001-350x350.jpg\" class=\"attachment-us_350_350_crop size-us_350_350_crop\" alt=\"\" srcset=\"https:\/\/www.bambootattoo.co.uk\/wp-content\/uploads\/2017\/12\/bamboo-rooms-10-600x9001-350x350.jpg 350w, https:\/\/www.bambootattoo.co.uk\/wp-content\/uploads\/2017\/12\/bamboo-rooms-10-600x9001-150x150.jpg 150w\" sizes=\"auto, (max-width: 350px) 100vw, 350px\" \/><\/div>\t\t<\/div>\r\n\t\t\t<\/article>\r\n\t<article class=\"w-grid-item size_1x1 post-6370 attachment type-attachment status-inherit hentry\" data-id=\"6370\">\r\n\t\t<div class=\"w-grid-item-h\">\r\n\t\t\t\t\t\t\t<a ref=\"magnificPopupGrid\" href=\"https:\/\/www.bambootattoo.co.uk\/wp-content\/uploads\/2017\/12\/bamboo-rooms-12-600x7361.jpg\" class=\"w-grid-item-anchor\" aria-label=\"bamboo-rooms-12-600&#215;736[1]\"><\/a>\r\n\t\t\t\t\t\t<div class=\"w-post-elm post_image usg_post_image_1 stretched\"><img loading=\"lazy\" decoding=\"async\" width=\"350\" height=\"350\" src=\"https:\/\/www.bambootattoo.co.uk\/wp-content\/uploads\/2017\/12\/bamboo-rooms-12-600x7361-350x350.jpg\" class=\"attachment-us_350_350_crop size-us_350_350_crop\" alt=\"\" srcset=\"https:\/\/www.bambootattoo.co.uk\/wp-content\/uploads\/2017\/12\/bamboo-rooms-12-600x7361-350x350.jpg 350w, https:\/\/www.bambootattoo.co.uk\/wp-content\/uploads\/2017\/12\/bamboo-rooms-12-600x7361-150x150.jpg 150w\" sizes=\"auto, (max-width: 350px) 100vw, 350px\" \/><\/div>\t\t<\/div>\r\n\t\t\t<\/article>\r\n\t<article class=\"w-grid-item size_1x1 post-6373 attachment type-attachment status-inherit hentry\" data-id=\"6373\">\r\n\t\t<div class=\"w-grid-item-h\">\r\n\t\t\t\t\t\t\t<a ref=\"magnificPopupGrid\" href=\"https:\/\/www.bambootattoo.co.uk\/wp-content\/uploads\/2017\/12\/bamboo-rooms-09-600x9001.jpg\" class=\"w-grid-item-anchor\" aria-label=\"bamboo-rooms-09-600&#215;900[1]\"><\/a>\r\n\t\t\t\t\t\t<div class=\"w-post-elm post_image usg_post_image_1 stretched\"><img loading=\"lazy\" decoding=\"async\" width=\"350\" height=\"350\" src=\"https:\/\/www.bambootattoo.co.uk\/wp-content\/uploads\/2017\/12\/bamboo-rooms-09-600x9001-350x350.jpg\" class=\"attachment-us_350_350_crop size-us_350_350_crop\" alt=\"\" srcset=\"https:\/\/www.bambootattoo.co.uk\/wp-content\/uploads\/2017\/12\/bamboo-rooms-09-600x9001-350x350.jpg 350w, https:\/\/www.bambootattoo.co.uk\/wp-content\/uploads\/2017\/12\/bamboo-rooms-09-600x9001-150x150.jpg 150w\" sizes=\"auto, (max-width: 350px) 100vw, 350px\" \/><\/div>\t\t<\/div>\r\n\t\t\t<\/article>\r\n<\/div>\t<div class=\"w-grid-preloader\">\r\n\t\t<div class=\"g-preloader type_1\">\r\n\t\t\t<div><\/div>\r\n\t\t<\/div>\r\n\t<\/div>\r\n\t\t<div class=\"w-grid-json hidden\" onclick='return {&quot;action&quot;:&quot;us_ajax_grid&quot;,&quot;infinite_scroll&quot;:0,&quot;max_num_pages&quot;:1,&quot;pagination&quot;:&quot;none&quot;,&quot;template_vars&quot;:{&quot;columns&quot;:&quot;6&quot;,&quot;exclude_items&quot;:&quot;none&quot;,&quot;img_size&quot;:&quot;us_350_350_crop&quot;,&quot;ignore_items_size&quot;:0,&quot;items_layout&quot;:&quot;gallery_default&quot;,&quot;items_offset&quot;:&quot;1&quot;,&quot;load_animation&quot;:&quot;none&quot;,&quot;overriding_link&quot;:&quot;%7B%22type%22%3A%22popup_image%22%7D&quot;,&quot;post_id&quot;:0,&quot;query_args&quot;:{&quot;post_type&quot;:[&quot;attachment&quot;],&quot;post__in&quot;:[&quot;6154&quot;,&quot;6157&quot;,&quot;6160&quot;,&quot;6163&quot;,&quot;6166&quot;,&quot;6169&quot;,&quot;6172&quot;,&quot;6175&quot;,&quot;6178&quot;,&quot;6181&quot;,&quot;6184&quot;,&quot;6187&quot;],&quot;post_status&quot;:&quot;inherit&quot;,&quot;post_mime_type&quot;:&quot;image&quot;,&quot;posts_per_page&quot;:999},&quot;orderby_query_args&quot;:{&quot;orderby&quot;:{&quot;post__in&quot;:&quot;ASC&quot;},&quot;order&quot;:&quot;ASC&quot;},&quot;type&quot;:&quot;grid&quot;,&quot;us_grid_post_type&quot;:&quot;attachment&quot;,&quot;us_grid_ajax_index&quot;:1,&quot;us_grid_filter_query_string&quot;:null,&quot;us_grid_index&quot;:1,&quot;page_args&quot;:[],&quot;lang&quot;:&quot;fr&quot;}}'><\/div>\r\n\t<\/div><\/div><\/div><\/div><\/div><\/div><\/section>\n","protected":false},"excerpt":{"rendered":"","protected":false},"author":4,"featured_media":0,"parent":0,"menu_order":0,"comment_status":"closed","ping_status":"closed","template":"","meta":{"_acf_changed":false,"footnotes":""},"class_list":["post-6501","page","type-page","status-publish","hentry"],"acf":[],"yoast_head":"<!-- This site is optimized with the Yoast SEO plugin v27.4 - https:\/\/yoast.com\/product\/yoast-seo-wordpress\/ -->\n<title>Keng - The Bamboo Rooms\u00ae - home of multiple award winning tattoo artist Keng<\/title>\n<meta name=\"robots\" content=\"index, follow, max-snippet:-1, max-image-preview:large, max-video-preview:-1\" \/>\n<link rel=\"canonical\" href=\"https:\/\/www.bambootattoo.co.uk\/fr\/keng\/\" \/>\n<meta property=\"og:locale\" content=\"fr_FR\" \/>\n<meta property=\"og:type\" content=\"article\" \/>\n<meta property=\"og:title\" content=\"Keng - The Bamboo Rooms\u00ae - home of multiple award winning tattoo artist Keng\" \/>\n<meta property=\"og:url\" content=\"https:\/\/www.bambootattoo.co.uk\/fr\/keng\/\" \/>\n<meta property=\"og:site_name\" content=\"The Bamboo Rooms\u00ae - home of multiple award winning tattoo artist Keng\" \/>\n<meta property=\"article:publisher\" content=\"https:\/\/www.facebook.com\/thebamboorooms\/\" \/>\n<meta property=\"article:modified_time\" content=\"2021-01-15T10:35:42+00:00\" \/>\n<meta name=\"twitter:card\" content=\"summary_large_image\" \/>\n<meta name=\"twitter:site\" content=\"@TheBambooRooms1\" \/>\n<meta name=\"twitter:label1\" content=\"Dur\u00e9e de lecture estim\u00e9e\" \/>\n\t<meta name=\"twitter:data1\" content=\"2 minutes\" \/>\n<script type=\"application\/ld+json\" class=\"yoast-schema-graph\">{\"@context\":\"https:\\\/\\\/schema.org\",\"@graph\":[{\"@type\":\"WebPage\",\"@id\":\"https:\\\/\\\/www.bambootattoo.co.uk\\\/fr\\\/keng\\\/\",\"url\":\"https:\\\/\\\/www.bambootattoo.co.uk\\\/fr\\\/keng\\\/\",\"name\":\"Keng - The Bamboo Rooms\u00ae - home of multiple award winning tattoo artist Keng\",\"isPartOf\":{\"@id\":\"https:\\\/\\\/www.bambootattoo.co.uk\\\/fr\\\/#website\"},\"datePublished\":\"2017-12-06T10:58:54+00:00\",\"dateModified\":\"2021-01-15T10:35:42+00:00\",\"breadcrumb\":{\"@id\":\"https:\\\/\\\/www.bambootattoo.co.uk\\\/fr\\\/keng\\\/#breadcrumb\"},\"inLanguage\":\"fr-FR\",\"potentialAction\":[{\"@type\":\"ReadAction\",\"target\":[\"https:\\\/\\\/www.bambootattoo.co.uk\\\/fr\\\/keng\\\/\"]}]},{\"@type\":\"BreadcrumbList\",\"@id\":\"https:\\\/\\\/www.bambootattoo.co.uk\\\/fr\\\/keng\\\/#breadcrumb\",\"itemListElement\":[{\"@type\":\"ListItem\",\"position\":1,\"name\":\"Home\",\"item\":\"https:\\\/\\\/www.bambootattoo.co.uk\\\/fr\\\/\"},{\"@type\":\"ListItem\",\"position\":2,\"name\":\"Keng\"}]},{\"@type\":\"WebSite\",\"@id\":\"https:\\\/\\\/www.bambootattoo.co.uk\\\/fr\\\/#website\",\"url\":\"https:\\\/\\\/www.bambootattoo.co.uk\\\/fr\\\/\",\"name\":\"The Bamboo Rooms\u00ae - home of multiple award winning tattoo artist Keng\",\"description\":\"in Otley - Leeds (UK) and Koh Samui (Thailand)\",\"publisher\":{\"@id\":\"https:\\\/\\\/www.bambootattoo.co.uk\\\/fr\\\/#organization\"},\"potentialAction\":[{\"@type\":\"SearchAction\",\"target\":{\"@type\":\"EntryPoint\",\"urlTemplate\":\"https:\\\/\\\/www.bambootattoo.co.uk\\\/fr\\\/?s={search_term_string}\"},\"query-input\":{\"@type\":\"PropertyValueSpecification\",\"valueRequired\":true,\"valueName\":\"search_term_string\"}}],\"inLanguage\":\"fr-FR\"},{\"@type\":\"Organization\",\"@id\":\"https:\\\/\\\/www.bambootattoo.co.uk\\\/fr\\\/#organization\",\"name\":\"The Bamboo Rooms&reg;\",\"url\":\"https:\\\/\\\/www.bambootattoo.co.uk\\\/fr\\\/\",\"logo\":{\"@type\":\"ImageObject\",\"inLanguage\":\"fr-FR\",\"@id\":\"https:\\\/\\\/www.bambootattoo.co.uk\\\/fr\\\/#\\\/schema\\\/logo\\\/image\\\/\",\"url\":\"https:\\\/\\\/www.bambootattoo.co.uk\\\/wp-content\\\/uploads\\\/2017\\\/12\\\/bamboo-rooms-small1.png\",\"contentUrl\":\"https:\\\/\\\/www.bambootattoo.co.uk\\\/wp-content\\\/uploads\\\/2017\\\/12\\\/bamboo-rooms-small1.png\",\"width\":264,\"height\":200,\"caption\":\"The Bamboo Rooms&reg;\"},\"image\":{\"@id\":\"https:\\\/\\\/www.bambootattoo.co.uk\\\/fr\\\/#\\\/schema\\\/logo\\\/image\\\/\"},\"sameAs\":[\"https:\\\/\\\/www.facebook.com\\\/thebamboorooms\\\/\",\"https:\\\/\\\/x.com\\\/TheBambooRooms1\"]}]}<\/script>\n<!-- \/ Yoast SEO plugin. -->","yoast_head_json":{"title":"Keng - The Bamboo Rooms\u00ae - home of multiple award winning tattoo artist Keng","robots":{"index":"index","follow":"follow","max-snippet":"max-snippet:-1","max-image-preview":"max-image-preview:large","max-video-preview":"max-video-preview:-1"},"canonical":"https:\/\/www.bambootattoo.co.uk\/fr\/keng\/","og_locale":"fr_FR","og_type":"article","og_title":"Keng - The Bamboo Rooms\u00ae - home of multiple award winning tattoo artist Keng","og_url":"https:\/\/www.bambootattoo.co.uk\/fr\/keng\/","og_site_name":"The Bamboo Rooms\u00ae - home of multiple award winning tattoo artist Keng","article_publisher":"https:\/\/www.facebook.com\/thebamboorooms\/","article_modified_time":"2021-01-15T10:35:42+00:00","twitter_card":"summary_large_image","twitter_site":"@TheBambooRooms1","twitter_misc":{"Dur\u00e9e de lecture estim\u00e9e":"2 minutes"},"schema":{"@context":"https:\/\/schema.org","@graph":[{"@type":"WebPage","@id":"https:\/\/www.bambootattoo.co.uk\/fr\/keng\/","url":"https:\/\/www.bambootattoo.co.uk\/fr\/keng\/","name":"Keng - The Bamboo Rooms\u00ae - home of multiple award winning tattoo artist Keng","isPartOf":{"@id":"https:\/\/www.bambootattoo.co.uk\/fr\/#website"},"datePublished":"2017-12-06T10:58:54+00:00","dateModified":"2021-01-15T10:35:42+00:00","breadcrumb":{"@id":"https:\/\/www.bambootattoo.co.uk\/fr\/keng\/#breadcrumb"},"inLanguage":"fr-FR","potentialAction":[{"@type":"ReadAction","target":["https:\/\/www.bambootattoo.co.uk\/fr\/keng\/"]}]},{"@type":"BreadcrumbList","@id":"https:\/\/www.bambootattoo.co.uk\/fr\/keng\/#breadcrumb","itemListElement":[{"@type":"ListItem","position":1,"name":"Home","item":"https:\/\/www.bambootattoo.co.uk\/fr\/"},{"@type":"ListItem","position":2,"name":"Keng"}]},{"@type":"WebSite","@id":"https:\/\/www.bambootattoo.co.uk\/fr\/#website","url":"https:\/\/www.bambootattoo.co.uk\/fr\/","name":"The Bamboo Rooms\u00ae - home of multiple award winning tattoo artist Keng","description":"in Otley - Leeds (UK) and Koh Samui (Thailand)","publisher":{"@id":"https:\/\/www.bambootattoo.co.uk\/fr\/#organization"},"potentialAction":[{"@type":"SearchAction","target":{"@type":"EntryPoint","urlTemplate":"https:\/\/www.bambootattoo.co.uk\/fr\/?s={search_term_string}"},"query-input":{"@type":"PropertyValueSpecification","valueRequired":true,"valueName":"search_term_string"}}],"inLanguage":"fr-FR"},{"@type":"Organization","@id":"https:\/\/www.bambootattoo.co.uk\/fr\/#organization","name":"The Bamboo Rooms&reg;","url":"https:\/\/www.bambootattoo.co.uk\/fr\/","logo":{"@type":"ImageObject","inLanguage":"fr-FR","@id":"https:\/\/www.bambootattoo.co.uk\/fr\/#\/schema\/logo\/image\/","url":"https:\/\/www.bambootattoo.co.uk\/wp-content\/uploads\/2017\/12\/bamboo-rooms-small1.png","contentUrl":"https:\/\/www.bambootattoo.co.uk\/wp-content\/uploads\/2017\/12\/bamboo-rooms-small1.png","width":264,"height":200,"caption":"The Bamboo Rooms&reg;"},"image":{"@id":"https:\/\/www.bambootattoo.co.uk\/fr\/#\/schema\/logo\/image\/"},"sameAs":["https:\/\/www.facebook.com\/thebamboorooms\/","https:\/\/x.com\/TheBambooRooms1"]}]}},"_links":{"self":[{"href":"https:\/\/www.bambootattoo.co.uk\/fr\/wp-json\/wp\/v2\/pages\/6501","targetHints":{"allow":["GET"]}}],"collection":[{"href":"https:\/\/www.bambootattoo.co.uk\/fr\/wp-json\/wp\/v2\/pages"}],"about":[{"href":"https:\/\/www.bambootattoo.co.uk\/fr\/wp-json\/wp\/v2\/types\/page"}],"author":[{"embeddable":true,"href":"https:\/\/www.bambootattoo.co.uk\/fr\/wp-json\/wp\/v2\/users\/4"}],"replies":[{"embeddable":true,"href":"https:\/\/www.bambootattoo.co.uk\/fr\/wp-json\/wp\/v2\/comments?post=6501"}],"version-history":[{"count":0,"href":"https:\/\/www.bambootattoo.co.uk\/fr\/wp-json\/wp\/v2\/pages\/6501\/revisions"}],"wp:attachment":[{"href":"https:\/\/www.bambootattoo.co.uk\/fr\/wp-json\/wp\/v2\/media?parent=6501"}],"curies":[{"name":"wp","href":"https:\/\/api.w.org\/{rel}","templated":true}]}}